{"id":808,"date":"2024-07-10T18:51:01","date_gmt":"2024-07-10T10:51:01","guid":{"rendered":"https:\/\/boshida.bambooproduct.top\/?post_type=product&#038;p=808"},"modified":"2025-03-03T15:38:13","modified_gmt":"2025-03-03T07:38:13","slug":"spaghetti-packing-machine","status":"publish","type":"product","link":"https:\/\/bostarpack.com\/tr\/urun\/spagetti-paketleme-makinesi-2\/","title":{"rendered":"Spagetti Paketleme Makinesi"},"content":{"rendered":"<div style=\"width: 1058px;\" class=\"wp-video\"><video class=\"wp-video-shortcode\" id=\"video-808-1\" width=\"1058\" height=\"480\" preload=\"metadata\" controls=\"controls\"><source type=\"video\/mp4\" src=\"http:\/\/a.bostarpack.com\/wp-content\/uploads\/2024\/07\/Spaghetti-1.mp4?_=1\" \/><a href=\"http:\/\/a.bostarpack.com\/wp-content\/uploads\/2024\/07\/Spaghetti-1.mp4\">http:\/\/a.bostarpack.com\/wp-content\/uploads\/2024\/07\/Spaghetti-1.mp4<\/a><\/video><\/div>\n<p><img loading=\"lazy\" decoding=\"async\" class=\"alignleft wp-image-811 size-full\" src=\"http:\/\/a.bostarpack.com\/wp-content\/uploads\/2024\/07\/\u610f\u5927\u5229\u9762\u5305\u88c5\u673a2.jpg\" alt=\"\" width=\"1000\" height=\"800\" srcset=\"https:\/\/bostarpack.com\/wp-content\/uploads\/2024\/07\/\u610f\u5927\u5229\u9762\u5305\u88c5\u673a2.jpg 1000w, https:\/\/bostarpack.com\/wp-content\/uploads\/2024\/07\/\u610f\u5927\u5229\u9762\u5305\u88c5\u673a2-300x240.jpg 300w, https:\/\/bostarpack.com\/wp-content\/uploads\/2024\/07\/\u610f\u5927\u5229\u9762\u5305\u88c5\u673a2-768x614.jpg 768w, https:\/\/bostarpack.com\/wp-content\/uploads\/2024\/07\/\u610f\u5927\u5229\u9762\u5305\u88c5\u673a2-15x12.jpg 15w, https:\/\/bostarpack.com\/wp-content\/uploads\/2024\/07\/\u610f\u5927\u5229\u9762\u5305\u88c5\u673a2-600x480.jpg 600w\" sizes=\"auto, (max-width: 1000px) 100vw, 1000px\" \/><\/p>\n<p><strong><b>SPAGETT\u0130 PAKETLEME MAK\u0130NES\u0130<\/b><\/strong><\/p>\n<table style=\"height: 580px;\" width=\"683\">\n<tbody>\n<tr>\n<td width=\"136\">\u00d6rnek<\/td>\n<td width=\"222\">GMQ-450T4<\/td>\n<\/tr>\n<tr>\n<td width=\"136\">Film Geni\u015fli\u011fi<\/td>\n<td width=\"222\">Maksimum 450 (mm)<\/td>\n<\/tr>\n<tr>\n<td width=\"136\">\u00dcr\u00fcn A\u011f\u0131rl\u0131\u011f\u0131<\/td>\n<td width=\"222\">110g \/ 200-1000g<\/td>\n<\/tr>\n<tr>\n<td width=\"136\">Paketleme H\u0131z\u0131<\/td>\n<td width=\"222\">70-80 paket\/dk (110g)<\/p>\n<p>50-60 paket\/dk (200-1000g)<\/td>\n<\/tr>\n<tr>\n<td width=\"136\">\u00dcr\u00fcn Uzunlu\u011fu<\/td>\n<td width=\"222\">260mm<\/td>\n<\/tr>\n<tr>\n<td width=\"136\">G\u00fc\u00e7 ve Voltaj<\/td>\n<td width=\"222\">7KW; 220V 50HZ<\/td>\n<\/tr>\n<tr>\n<td width=\"136\">Boyut<\/p>\n<p>U*G*Y<\/td>\n<td width=\"222\">7700*3000*1600<\/p>\n<p>(ayr\u0131ca \u00f6zelle\u015ftirilebilir)<\/td>\n<\/tr>\n<tr>\n<td width=\"136\">A\u011f\u0131rl\u0131k<\/td>\n<td width=\"222\">2700kg<\/td>\n<\/tr>\n<\/tbody>\n<\/table>\n<p>(Yukar\u0131daki parametreler sadece referans ama\u00e7l\u0131d\u0131r. Ayr\u0131nt\u0131l\u0131 parametreler \u00fcr\u00fcnlere g\u00f6re de\u011fi\u015fmektedir.)<\/p>","protected":false},"excerpt":{"rendered":"<p><strong><b>Ba\u015fl\u0131ca \u00d6zellikler:<\/b><\/strong><\/p>\n<p>1-4 tart\u0131m ekipman\u0131; Hizalama cihaz\u0131 vb. dahil.<\/p>\n<p><strong><b>\u0130ste\u011fe ba\u011fl\u0131 cihaz:<\/b><\/strong><\/p>\n<p>Tarih Yaz\u0131c\u0131s\u0131<\/p>","protected":false},"featured_media":809,"comment_status":"open","ping_status":"closed","template":"","meta":[],"product_brand":[],"product_cat":[38],"product_tag":[],"class_list":{"0":"post-808","1":"product","2":"type-product","3":"status-publish","4":"has-post-thumbnail","6":"product_cat-spaghetti-packaging-machine","8":"first","9":"instock","10":"shipping-taxable","11":"product-type-simple"},"_links":{"self":[{"href":"https:\/\/bostarpack.com\/tr\/wp-json\/wp\/v2\/product\/808","targetHints":{"allow":["GET"]}}],"collection":[{"href":"https:\/\/bostarpack.com\/tr\/wp-json\/wp\/v2\/product"}],"about":[{"href":"https:\/\/bostarpack.com\/tr\/wp-json\/wp\/v2\/types\/product"}],"replies":[{"embeddable":true,"href":"https:\/\/bostarpack.com\/tr\/wp-json\/wp\/v2\/comments?post=808"}],"wp:featuredmedia":[{"embeddable":true,"href":"https:\/\/bostarpack.com\/tr\/wp-json\/wp\/v2\/media\/809"}],"wp:attachment":[{"href":"https:\/\/bostarpack.com\/tr\/wp-json\/wp\/v2\/media?parent=808"}],"wp:term":[{"taxonomy":"product_brand","embeddable":true,"href":"https:\/\/bostarpack.com\/tr\/wp-json\/wp\/v2\/product_brand?post=808"},{"taxonomy":"product_cat","embeddable":true,"href":"https:\/\/bostarpack.com\/tr\/wp-json\/wp\/v2\/product_cat?post=808"},{"taxonomy":"product_tag","embeddable":true,"href":"https:\/\/bostarpack.com\/tr\/wp-json\/wp\/v2\/product_tag?post=808"}],"curies":[{"name":"wp","href":"https:\/\/api.w.org\/{rel}","templated":true}]}}