{"id":800,"date":"2024-07-10T17:20:09","date_gmt":"2024-07-10T09:20:09","guid":{"rendered":"https:\/\/boshida.bambooproduct.top\/?post_type=product&#038;p=800"},"modified":"2024-10-28T14:16:33","modified_gmt":"2024-10-28T06:16:33","slug":"snacks-group-packing-machine","status":"publish","type":"product","link":"https:\/\/bostarpack.com\/tr\/urun\/atistirmaliklar-grup-paketleme-makinesi\/","title":{"rendered":"At\u0131\u015ft\u0131rmal\u0131k Grubu Paketleme Makinesi"},"content":{"rendered":"<div style=\"width: 720px;\" class=\"wp-video\"><video class=\"wp-video-shortcode\" id=\"video-800-1\" width=\"720\" height=\"480\" preload=\"metadata\" controls=\"controls\"><source type=\"video\/mp4\" src=\"http:\/\/a.bostarpack.com\/wp-content\/uploads\/2024\/07\/7.1Snacks-Group-Pack.mp4?_=1\" \/><a href=\"http:\/\/a.bostarpack.com\/wp-content\/uploads\/2024\/07\/7.1Snacks-Group-Pack.mp4\">http:\/\/a.bostarpack.com\/wp-content\/uploads\/2024\/07\/7.1Snacks-Group-Pack.mp4<\/a><\/video><\/div>\n<p><img loading=\"lazy\" decoding=\"async\" class=\"alignleft wp-image-802 size-full\" src=\"http:\/\/a.bostarpack.com\/wp-content\/uploads\/2024\/07\/\u5c0f\u98df\u96c6\u5408\u88c52.jpg\" alt=\"\" width=\"1000\" height=\"800\" srcset=\"https:\/\/bostarpack.com\/wp-content\/uploads\/2024\/07\/\u5c0f\u98df\u96c6\u5408\u88c52.jpg 1000w, https:\/\/bostarpack.com\/wp-content\/uploads\/2024\/07\/\u5c0f\u98df\u96c6\u5408\u88c52-300x240.jpg 300w, https:\/\/bostarpack.com\/wp-content\/uploads\/2024\/07\/\u5c0f\u98df\u96c6\u5408\u88c52-768x614.jpg 768w, https:\/\/bostarpack.com\/wp-content\/uploads\/2024\/07\/\u5c0f\u98df\u96c6\u5408\u88c52-15x12.jpg 15w, https:\/\/bostarpack.com\/wp-content\/uploads\/2024\/07\/\u5c0f\u98df\u96c6\u5408\u88c52-600x480.jpg 600w\" sizes=\"auto, (max-width: 1000px) 100vw, 1000px\" \/><\/p>\n<p><strong><b>AT\u0130ST\u0130RL\u0130KLER<\/b><\/strong><strong><b>\u00a0<\/b><\/strong><strong><b>GRUP <\/b><\/strong><strong><b>AMBALAJ<\/b><\/strong><strong><b>ING<\/b><\/strong><\/p>\n<table style=\"height: 594px;\" width=\"688\">\n<tbody>\n<tr>\n<td width=\"42.5000%\">\u00d6rnek<\/td>\n<td width=\"57.4800%\">BOSM720\/165-S<\/td>\n<\/tr>\n<tr>\n<td width=\"42.5000%\">Film Geni\u015fli\u011fi<\/td>\n<td width=\"57.4800%\">Maksimum 720 (mm)<\/td>\n<\/tr>\n<tr>\n<td width=\"42.5000%\">Paketleme H\u0131z\u0131<\/td>\n<td width=\"57.4800%\">20-100 (Paket\/dk)<\/td>\n<\/tr>\n<tr>\n<td width=\"42.5000%\">Paket Uzunlu\u011fu<\/td>\n<td width=\"57.4800%\">200-600 (mm)<\/td>\n<\/tr>\n<tr>\n<td width=\"42.5000%\">\u00dcr\u00fcn Geni\u015fli\u011fi<\/td>\n<td width=\"57.4800%\">40-280 (mm)<\/td>\n<\/tr>\n<tr>\n<td width=\"42.5000%\">\u00dcr\u00fcn Y\u00fcksekli\u011fi<\/td>\n<td width=\"57.4800%\">50-90(mm)<\/td>\n<\/tr>\n<tr>\n<td width=\"42.5000%\">G\u00fc\u00e7 ve Voltaj<\/td>\n<td width=\"57.4800%\">5,5 kW; 220V 50HZ<\/td>\n<\/tr>\n<tr>\n<td width=\"42.5000%\">Boyut<\/p>\n<p>U*G*Y<\/td>\n<td width=\"57.4800%\">4500*1200*1700 (mm)<\/p>\n<p>(ayr\u0131ca \u00f6zelle\u015ftirilebilir)<\/td>\n<\/tr>\n<tr>\n<td width=\"42.5000%\">A\u011f\u0131rl\u0131k<\/td>\n<td width=\"57.4800%\">1100 (kilogram)<\/td>\n<\/tr>\n<\/tbody>\n<\/table>\n<p>(Yukar\u0131daki parametreler sadece referans ama\u00e7l\u0131d\u0131r. Ayr\u0131nt\u0131l\u0131 parametreler \u00fcr\u00fcnlere g\u00f6re de\u011fi\u015fmektedir.)<\/p>","protected":false},"excerpt":{"rendered":"<p><strong><b>Ba\u015fvuru:<\/b><\/strong><\/p>\n<p>Bisk\u00fcvi, ekmek gibi \u00e7oklu po\u015fet at\u0131\u015ft\u0131rmal\u0131klar i\u00e7in uygundur.<\/p>\n<p>haz\u0131r eri\u015fte vb.<\/p>\n<p><strong><b>\u0130ste\u011fe ba\u011fl\u0131 Model\uff1a<\/b><\/strong>BOSM590\/150, BOSM450\/132\u2026<\/p>\n<p><strong><b>\u0130ste\u011fe ba\u011fl\u0131 cihaz\uff1a<\/b><\/strong>Tarih Yaz\u0131c\u0131s\u0131, Delge\u00e7\u2026<\/p>","protected":false},"featured_media":801,"comment_status":"open","ping_status":"closed","template":"","meta":[],"product_brand":[],"product_cat":[36],"product_tag":[],"class_list":{"0":"post-800","1":"product","2":"type-product","3":"status-publish","4":"has-post-thumbnail","6":"product_cat-multipack-packaging-machine","8":"first","9":"instock","10":"shipping-taxable","11":"product-type-simple"},"_links":{"self":[{"href":"https:\/\/bostarpack.com\/tr\/wp-json\/wp\/v2\/product\/800","targetHints":{"allow":["GET"]}}],"collection":[{"href":"https:\/\/bostarpack.com\/tr\/wp-json\/wp\/v2\/product"}],"about":[{"href":"https:\/\/bostarpack.com\/tr\/wp-json\/wp\/v2\/types\/product"}],"replies":[{"embeddable":true,"href":"https:\/\/bostarpack.com\/tr\/wp-json\/wp\/v2\/comments?post=800"}],"wp:featuredmedia":[{"embeddable":true,"href":"https:\/\/bostarpack.com\/tr\/wp-json\/wp\/v2\/media\/801"}],"wp:attachment":[{"href":"https:\/\/bostarpack.com\/tr\/wp-json\/wp\/v2\/media?parent=800"}],"wp:term":[{"taxonomy":"product_brand","embeddable":true,"href":"https:\/\/bostarpack.com\/tr\/wp-json\/wp\/v2\/product_brand?post=800"},{"taxonomy":"product_cat","embeddable":true,"href":"https:\/\/bostarpack.com\/tr\/wp-json\/wp\/v2\/product_cat?post=800"},{"taxonomy":"product_tag","embeddable":true,"href":"https:\/\/bostarpack.com\/tr\/wp-json\/wp\/v2\/product_tag?post=800"}],"curies":[{"name":"wp","href":"https:\/\/api.w.org\/{rel}","templated":true}]}}