{"id":794,"date":"2024-07-10T16:44:05","date_gmt":"2024-07-10T08:44:05","guid":{"rendered":"https:\/\/boshida.bambooproduct.top\/?post_type=product&#038;p=794"},"modified":"2024-10-28T14:19:45","modified_gmt":"2024-10-28T06:19:45","slug":"tortilla-packing-machine","status":"publish","type":"product","link":"https:\/\/bostarpack.com\/tr\/urun\/tortilla-paketleme-makinesi-2\/","title":{"rendered":"Tortilla Paketleme Makinesi"},"content":{"rendered":"<div style=\"width: 856px;\" class=\"wp-video\"><video class=\"wp-video-shortcode\" id=\"video-794-1\" width=\"856\" height=\"480\" preload=\"metadata\" controls=\"controls\"><source type=\"video\/mp4\" src=\"http:\/\/a.bostarpack.com\/wp-content\/uploads\/2024\/07\/Tortilla-Packing.mp4?_=1\" \/><a href=\"http:\/\/a.bostarpack.com\/wp-content\/uploads\/2024\/07\/Tortilla-Packing.mp4\">http:\/\/a.bostarpack.com\/wp-content\/uploads\/2024\/07\/Tortilla-Packing.mp4<\/a><\/video><\/div>\n<p><img loading=\"lazy\" decoding=\"async\" class=\"alignleft wp-image-796 size-full\" src=\"http:\/\/a.bostarpack.com\/wp-content\/uploads\/2024\/07\/\u5927\u997c\u5305\u88c5\u673a\u68b02.jpg\" alt=\"\" width=\"1000\" height=\"800\" srcset=\"https:\/\/bostarpack.com\/wp-content\/uploads\/2024\/07\/\u5927\u997c\u5305\u88c5\u673a\u68b02.jpg 1000w, https:\/\/bostarpack.com\/wp-content\/uploads\/2024\/07\/\u5927\u997c\u5305\u88c5\u673a\u68b02-300x240.jpg 300w, https:\/\/bostarpack.com\/wp-content\/uploads\/2024\/07\/\u5927\u997c\u5305\u88c5\u673a\u68b02-768x614.jpg 768w, https:\/\/bostarpack.com\/wp-content\/uploads\/2024\/07\/\u5927\u997c\u5305\u88c5\u673a\u68b02-15x12.jpg 15w, https:\/\/bostarpack.com\/wp-content\/uploads\/2024\/07\/\u5927\u997c\u5305\u88c5\u673a\u68b02-600x480.jpg 600w\" sizes=\"auto, (max-width: 1000px) 100vw, 1000px\" \/><\/p>\n<p><strong><b>TORT\u0130LLA PAKETLEME MAK\u0130NES\u0130<\/b><\/strong><\/p>\n<table style=\"height: 640px;\" width=\"690\">\n<tbody>\n<tr>\n<td width=\"42.5000%\">\u00d6rnek<\/td>\n<td width=\"57.4800%\">BOSW820\/160-SF<\/td>\n<\/tr>\n<tr>\n<td width=\"42.5000%\">Film Geni\u015fli\u011fi<\/td>\n<td width=\"57.4800%\">Maksimum 820 (mm)<\/td>\n<\/tr>\n<tr>\n<td width=\"42.5000%\">Paketleme H\u0131z\u0131<\/td>\n<td width=\"57.4800%\">5-80 (Paket\/dk)<\/td>\n<\/tr>\n<tr>\n<td width=\"42.5000%\">Paket Uzunlu\u011fu<\/td>\n<td width=\"57.4800%\">180-9999 (mm)<\/td>\n<\/tr>\n<tr>\n<td width=\"42.5000%\">\u00dcr\u00fcn Geni\u015fli\u011fi<\/td>\n<td width=\"57.4800%\">40-350 (mm)<\/td>\n<\/tr>\n<tr>\n<td width=\"42.5000%\">\u00dcr\u00fcn Y\u00fcksekli\u011fi<\/td>\n<td width=\"57.4800%\">5-160 (mm)<\/td>\n<\/tr>\n<tr>\n<td width=\"42.5000%\">G\u00fc\u00e7 ve Voltaj<\/td>\n<td width=\"57.4800%\">6,5 kW; 220V 50HZ<\/td>\n<\/tr>\n<tr>\n<td width=\"42.5000%\">Boyut<\/p>\n<p>U*G*Y<\/td>\n<td width=\"57.4800%\">4900*1420*1840 (mm)<\/p>\n<p>(ayr\u0131ca \u00f6zelle\u015ftirilebilir)<\/td>\n<\/tr>\n<tr>\n<td width=\"42.5000%\">Hava Kapasitesi<\/td>\n<td width=\"57.4800%\">0,6Mpa, 1,5m\u00b3\/dak<\/td>\n<\/tr>\n<tr>\n<td width=\"42.5000%\">A\u011f\u0131rl\u0131k<\/td>\n<td width=\"57.4800%\">1500 (kilogram)<\/td>\n<\/tr>\n<\/tbody>\n<\/table>\n<p>(Yukar\u0131daki parametreler sadece referans ama\u00e7l\u0131d\u0131r. Ayr\u0131nt\u0131l\u0131 parametreler \u00fcr\u00fcnlere g\u00f6re de\u011fi\u015fmektedir.)<\/p>","protected":false},"excerpt":{"rendered":"<p><strong><b>Ana \u00d6zellikler\uff1a<\/b><\/strong><\/p>\n<p>Alttan film; Kutu hareketli u\u00e7 kapatma; Bantl\u0131 konvey\u00f6r;<\/p>\n<p>\u00c7oklu \u00fcr\u00fcn haf\u0131zas\u0131; \u00dcr\u00fcn yok, paket yok, vb.<\/p>\n<p><strong><b>\u0130ste\u011fe ba\u011fl\u0131 cihaz:<\/b><\/strong><\/p>\n<p>Otomatik Film Birle\u015ftirici;<\/p>\n<p>Otomatik Da\u011f\u0131t\u0131c\u0131;<\/p>\n<p>Tarih Yaz\u0131c\u0131s\u0131<\/p>","protected":false},"featured_media":795,"comment_status":"open","ping_status":"closed","template":"","meta":[],"product_brand":[],"product_cat":[34],"product_tag":[],"class_list":{"0":"post-794","1":"product","2":"type-product","3":"status-publish","4":"has-post-thumbnail","6":"product_cat-tortilla-packaging-machine","8":"first","9":"instock","10":"shipping-taxable","11":"product-type-simple"},"_links":{"self":[{"href":"https:\/\/bostarpack.com\/tr\/wp-json\/wp\/v2\/product\/794","targetHints":{"allow":["GET"]}}],"collection":[{"href":"https:\/\/bostarpack.com\/tr\/wp-json\/wp\/v2\/product"}],"about":[{"href":"https:\/\/bostarpack.com\/tr\/wp-json\/wp\/v2\/types\/product"}],"replies":[{"embeddable":true,"href":"https:\/\/bostarpack.com\/tr\/wp-json\/wp\/v2\/comments?post=794"}],"wp:featuredmedia":[{"embeddable":true,"href":"https:\/\/bostarpack.com\/tr\/wp-json\/wp\/v2\/media\/795"}],"wp:attachment":[{"href":"https:\/\/bostarpack.com\/tr\/wp-json\/wp\/v2\/media?parent=794"}],"wp:term":[{"taxonomy":"product_brand","embeddable":true,"href":"https:\/\/bostarpack.com\/tr\/wp-json\/wp\/v2\/product_brand?post=794"},{"taxonomy":"product_cat","embeddable":true,"href":"https:\/\/bostarpack.com\/tr\/wp-json\/wp\/v2\/product_cat?post=794"},{"taxonomy":"product_tag","embeddable":true,"href":"https:\/\/bostarpack.com\/tr\/wp-json\/wp\/v2\/product_tag?post=794"}],"curies":[{"name":"wp","href":"https:\/\/api.w.org\/{rel}","templated":true}]}}