{"id":791,"date":"2024-07-10T15:53:22","date_gmt":"2024-07-10T07:53:22","guid":{"rendered":"https:\/\/boshida.bambooproduct.top\/?post_type=product&#038;p=791"},"modified":"2024-10-28T14:20:42","modified_gmt":"2024-10-28T06:20:42","slug":"bakery-group-packing-machine","status":"publish","type":"product","link":"https:\/\/bostarpack.com\/tr\/urun\/firin-grubu-paketleme-makinesi\/","title":{"rendered":"F\u0131r\u0131n Grubu Paketleme Makinas\u0131"},"content":{"rendered":"<div style=\"width: 1080px;\" class=\"wp-video\"><video class=\"wp-video-shortcode\" id=\"video-791-1\" width=\"1080\" height=\"720\" preload=\"metadata\" controls=\"controls\"><source type=\"video\/mp4\" src=\"http:\/\/a.bostarpack.com\/wp-content\/uploads\/2024\/07\/4.3Bakery-Group-Pack\u7b2c\u4e00\u4e2a\u89c6\u9891.mp4?_=1\" \/><a href=\"http:\/\/a.bostarpack.com\/wp-content\/uploads\/2024\/07\/4.3Bakery-Group-Pack\u7b2c\u4e00\u4e2a\u89c6\u9891.mp4\">http:\/\/a.bostarpack.com\/wp-content\/uploads\/2024\/07\/4.3Bakery-Group-Pack\u7b2c\u4e00\u4e2a\u89c6\u9891.mp4<\/a><\/video><\/div>\n<p>&nbsp;<\/p>\n<div style=\"width: 1080px;\" class=\"wp-video\"><video class=\"wp-video-shortcode\" id=\"video-791-2\" width=\"1080\" height=\"720\" preload=\"metadata\" controls=\"controls\"><source type=\"video\/mp4\" src=\"http:\/\/a.bostarpack.com\/wp-content\/uploads\/2024\/07\/4.3Bakery-Group-Pack\u7b2c\u4e8c\u4e2a\u89c6\u9891.mp4?_=2\" \/><a href=\"http:\/\/a.bostarpack.com\/wp-content\/uploads\/2024\/07\/4.3Bakery-Group-Pack\u7b2c\u4e8c\u4e2a\u89c6\u9891.mp4\">http:\/\/a.bostarpack.com\/wp-content\/uploads\/2024\/07\/4.3Bakery-Group-Pack\u7b2c\u4e8c\u4e2a\u89c6\u9891.mp4<\/a><\/video><\/div>\n<p><img loading=\"lazy\" decoding=\"async\" class=\"alignleft wp-image-793 size-full\" src=\"http:\/\/a.bostarpack.com\/wp-content\/uploads\/2024\/07\/\u70d8\u7119\u7ec4\u5957\u88c52.jpg\" alt=\"\" width=\"1000\" height=\"800\" srcset=\"https:\/\/bostarpack.com\/wp-content\/uploads\/2024\/07\/\u70d8\u7119\u7ec4\u5957\u88c52.jpg 1000w, https:\/\/bostarpack.com\/wp-content\/uploads\/2024\/07\/\u70d8\u7119\u7ec4\u5957\u88c52-300x240.jpg 300w, https:\/\/bostarpack.com\/wp-content\/uploads\/2024\/07\/\u70d8\u7119\u7ec4\u5957\u88c52-768x614.jpg 768w, https:\/\/bostarpack.com\/wp-content\/uploads\/2024\/07\/\u70d8\u7119\u7ec4\u5957\u88c52-15x12.jpg 15w, https:\/\/bostarpack.com\/wp-content\/uploads\/2024\/07\/\u70d8\u7119\u7ec4\u5957\u88c52-600x480.jpg 600w\" sizes=\"auto, (max-width: 1000px) 100vw, 1000px\" \/><\/p>\n<p><strong><b>FIRIN PAKETLEME \u00c7\u00d6Z\u00dcM\u00dc<\/b><\/strong><strong><b>-\u00c7OKLU PAKET<\/b><\/strong><\/p>\n<table style=\"height: 499px;\" width=\"679\">\n<tbody>\n<tr>\n<td width=\"42.5000%\">\u00d6rnek<\/td>\n<td width=\"57.4800%\">BOSW720<\/td>\n<\/tr>\n<tr>\n<td width=\"42.5000%\">Film Geni\u015fli\u011fi<\/td>\n<td width=\"57.4800%\">Maksimum 720 (mm)<\/td>\n<\/tr>\n<tr>\n<td width=\"42.5000%\">Paketleme H\u0131z\u0131<\/td>\n<td width=\"57.4800%\">20-100 (Paket\/dk)<\/td>\n<\/tr>\n<tr>\n<td width=\"42.5000%\">Paket Uzunlu\u011fu<\/td>\n<td width=\"57.4800%\">180-600 (mm)<\/td>\n<\/tr>\n<tr>\n<td width=\"42.5000%\">\u00dcr\u00fcn Geni\u015fli\u011fi<\/td>\n<td width=\"57.4800%\">40-320 (mm)<\/td>\n<\/tr>\n<tr>\n<td width=\"42.5000%\">\u00dcr\u00fcn Y\u00fcksekli\u011fi<\/td>\n<td width=\"57.4800%\">5-160 (mm)<\/td>\n<\/tr>\n<tr>\n<td width=\"42.5000%\">G\u00fc\u00e7 ve Voltaj<\/td>\n<td width=\"57.4800%\">6,5 kW; 220V 50HZ<\/td>\n<\/tr>\n<tr>\n<td width=\"42.5000%\">Boyut<\/p>\n<p>U*G*Y<\/td>\n<td width=\"57.4800%\">6300*1400*1900 (mm)<\/p>\n<p>(ayr\u0131ca \u00f6zelle\u015ftirilebilir)<\/td>\n<\/tr>\n<tr>\n<td width=\"42.5000%\">Hava Kapasitesi<\/td>\n<td width=\"57.4800%\">0,6Mpa, 1,5m\u00b3\/dak<\/td>\n<\/tr>\n<tr>\n<td width=\"42.5000%\">A\u011f\u0131rl\u0131k<\/td>\n<td width=\"57.4800%\">1500 (kilogram)<\/td>\n<\/tr>\n<\/tbody>\n<\/table>\n<p>(Yukar\u0131daki parametreler sadece referans ama\u00e7l\u0131d\u0131r. Ayr\u0131nt\u0131l\u0131 parametreler \u00fcr\u00fcnlere g\u00f6re de\u011fi\u015fmektedir.)<\/p>","protected":false},"excerpt":{"rendered":"<p><strong><b>Ana \u00d6zellikler\uff1a<\/b><\/strong><\/p>\n<p>\u00dcstten film; Kutu hareketli u\u00e7 kapatma; \u00c7oklu \u00fcr\u00fcn haf\u0131zalar\u0131;<\/p>\n<p>\u00dcr\u00fcn yok, paket yok vs.<\/p>\n<p><strong><b>Se\u00e7enek<\/b><\/strong><strong><b>ve<\/b><\/strong><strong><b>\u00a0<\/b><\/strong><strong><b>Cihaz<\/b><\/strong><\/p>\n<p>Otomatik Film Birle\u015ftirici;<\/p>\n<p>Otomatik Besleme Sistemi;<\/p>\n<p>Tarih Yaz\u0131c\u0131s\u0131<\/p>\n<p>&nbsp;<\/p>","protected":false},"featured_media":792,"comment_status":"open","ping_status":"closed","template":"","meta":[],"product_brand":[],"product_cat":[33],"product_tag":[],"class_list":{"0":"post-791","1":"product","2":"type-product","3":"status-publish","4":"has-post-thumbnail","6":"product_cat-bread-packing-machine","8":"first","9":"instock","10":"shipping-taxable","11":"product-type-simple"},"_links":{"self":[{"href":"https:\/\/bostarpack.com\/tr\/wp-json\/wp\/v2\/product\/791","targetHints":{"allow":["GET"]}}],"collection":[{"href":"https:\/\/bostarpack.com\/tr\/wp-json\/wp\/v2\/product"}],"about":[{"href":"https:\/\/bostarpack.com\/tr\/wp-json\/wp\/v2\/types\/product"}],"replies":[{"embeddable":true,"href":"https:\/\/bostarpack.com\/tr\/wp-json\/wp\/v2\/comments?post=791"}],"wp:featuredmedia":[{"embeddable":true,"href":"https:\/\/bostarpack.com\/tr\/wp-json\/wp\/v2\/media\/792"}],"wp:attachment":[{"href":"https:\/\/bostarpack.com\/tr\/wp-json\/wp\/v2\/media?parent=791"}],"wp:term":[{"taxonomy":"product_brand","embeddable":true,"href":"https:\/\/bostarpack.com\/tr\/wp-json\/wp\/v2\/product_brand?post=791"},{"taxonomy":"product_cat","embeddable":true,"href":"https:\/\/bostarpack.com\/tr\/wp-json\/wp\/v2\/product_cat?post=791"},{"taxonomy":"product_tag","embeddable":true,"href":"https:\/\/bostarpack.com\/tr\/wp-json\/wp\/v2\/product_tag?post=791"}],"curies":[{"name":"wp","href":"https:\/\/api.w.org\/{rel}","templated":true}]}}