{"id":782,"date":"2024-07-10T15:42:36","date_gmt":"2024-07-10T07:42:36","guid":{"rendered":"https:\/\/boshida.bambooproduct.top\/?post_type=product&#038;p=782"},"modified":"2024-10-28T14:21:17","modified_gmt":"2024-10-28T06:21:17","slug":"bakery-single-packing-machine","status":"publish","type":"product","link":"https:\/\/bostarpack.com\/tr\/urun\/firin-tekli-paketleme-makinesi\/","title":{"rendered":"F\u0131r\u0131n Tekli Paketleme Makinesi"},"content":{"rendered":"<div style=\"width: 720px;\" class=\"wp-video\"><video class=\"wp-video-shortcode\" id=\"video-782-1\" width=\"720\" height=\"480\" preload=\"metadata\" controls=\"controls\"><source type=\"video\/mp4\" src=\"http:\/\/a.bostarpack.com\/wp-content\/uploads\/2024\/07\/4.2-Bakery-Single-Pack.mp4?_=1\" \/><a href=\"http:\/\/a.bostarpack.com\/wp-content\/uploads\/2024\/07\/4.2-Bakery-Single-Pack.mp4\">http:\/\/a.bostarpack.com\/wp-content\/uploads\/2024\/07\/4.2-Bakery-Single-Pack.mp4<\/a><\/video><\/div>\n<p><img loading=\"lazy\" decoding=\"async\" class=\"alignleft wp-image-790 size-full\" src=\"http:\/\/a.bostarpack.com\/wp-content\/uploads\/2024\/07\/\u70d8\u7119\u5355\u5305\u5305\u88c5\u673a\u8be6\u60c5.jpg\" alt=\"\" width=\"1000\" height=\"570\" srcset=\"https:\/\/bostarpack.com\/wp-content\/uploads\/2024\/07\/\u70d8\u7119\u5355\u5305\u5305\u88c5\u673a\u8be6\u60c5.jpg 1000w, https:\/\/bostarpack.com\/wp-content\/uploads\/2024\/07\/\u70d8\u7119\u5355\u5305\u5305\u88c5\u673a\u8be6\u60c5-300x171.jpg 300w, https:\/\/bostarpack.com\/wp-content\/uploads\/2024\/07\/\u70d8\u7119\u5355\u5305\u5305\u88c5\u673a\u8be6\u60c5-768x438.jpg 768w, https:\/\/bostarpack.com\/wp-content\/uploads\/2024\/07\/\u70d8\u7119\u5355\u5305\u5305\u88c5\u673a\u8be6\u60c5-18x10.jpg 18w, https:\/\/bostarpack.com\/wp-content\/uploads\/2024\/07\/\u70d8\u7119\u5355\u5305\u5305\u88c5\u673a\u8be6\u60c5-600x342.jpg 600w\" sizes=\"auto, (max-width: 1000px) 100vw, 1000px\" \/><\/p>\n<p><strong><b>FIRIN PAKETLEME \u00c7\u00d6Z\u00dcM\u00dc<\/b><\/strong><strong><b>-TEK PAKET<\/b><\/strong><\/p>\n<table style=\"height: 603px;\" width=\"690\">\n<tbody>\n<tr>\n<td width=\"42.5000%\">\u00d6rnek<\/td>\n<td width=\"57.4800%\">BOSS450\/132-S<\/td>\n<\/tr>\n<tr>\n<td width=\"42.5000%\">Film Geni\u015fli\u011fi<\/td>\n<td width=\"57.4800%\">Maksimum 450 (mm)<\/td>\n<\/tr>\n<tr>\n<td width=\"42.5000%\">Paketleme H\u0131z\u0131<\/td>\n<td width=\"57.4800%\">20-160 (Paket\/dk)<\/td>\n<\/tr>\n<tr>\n<td width=\"42.5000%\">Paket Uzunlu\u011fu<\/td>\n<td width=\"57.4800%\">95-450 (mm)<\/td>\n<\/tr>\n<tr>\n<td width=\"42.5000%\">\u00dcr\u00fcn Geni\u015fli\u011fi<\/td>\n<td width=\"57.4800%\">20-140 (mm)<\/td>\n<\/tr>\n<tr>\n<td width=\"42.5000%\">\u00dcr\u00fcn Y\u00fcksekli\u011fi<\/td>\n<td width=\"57.4800%\">5-70 (mm)<\/td>\n<\/tr>\n<tr>\n<td width=\"42.5000%\">G\u00fc\u00e7 ve Voltaj<\/td>\n<td width=\"57.4800%\">5KW; 220V 50HZ<\/td>\n<\/tr>\n<tr>\n<td width=\"42.5000%\">Boyut<\/p>\n<p>U*G*Y<\/td>\n<td width=\"57.4800%\">4500*970*1700 (mm)<\/p>\n<p>(ayr\u0131ca \u00f6zelle\u015ftirilebilir)<\/td>\n<\/tr>\n<tr>\n<td width=\"42.5000%\">A\u011f\u0131rl\u0131k<\/td>\n<td width=\"57.4800%\">880 (kilogram)<\/td>\n<\/tr>\n<\/tbody>\n<\/table>\n<p>(Yukar\u0131daki parametreler sadece referans ama\u00e7l\u0131d\u0131r. Ayr\u0131nt\u0131l\u0131 parametreler \u00fcr\u00fcnlere g\u00f6re de\u011fi\u015fmektedir.)<\/p>","protected":false},"excerpt":{"rendered":"<p><strong><b>Tam Otomatik Paketleme Hatt\u0131: \u00a0\u00a0\u00a0\u00a0\u00a0\u00a0\u00a0\u00a0\u00a0\u00a0\u00a0<\/b><\/strong><\/p>\n<p>\u2460 Konvey\u00f6r.<\/p>\n<p>\u2461 Ge\u00e7i\u015f Cihaz\u0131.<\/p>\n<p>\u2462 D\u00f6rt Kademeli Otomatik Besleyici.<\/p>\n<p>\u2463 Paketleme Makinesi.<\/p>\n<p><strong><b>Se\u00e7enek<\/b><\/strong><strong><b>ve<\/b><\/strong><strong><b>\u00a0<\/b><\/strong><strong><b>Cihaz<\/b><\/strong><\/p>\n<p>Otomatik Film Birle\u015ftirici;<\/p>\n<p>Azot Dolum Cihaz\u0131;<\/p>\n<p>Otomatik Besleme Sistemi;<\/p>\n<p>Tarih Yaz\u0131c\u0131s\u0131<\/p>","protected":false},"featured_media":783,"comment_status":"open","ping_status":"closed","template":"","meta":[],"product_brand":[],"product_cat":[33],"product_tag":[],"class_list":{"0":"post-782","1":"product","2":"type-product","3":"status-publish","4":"has-post-thumbnail","6":"product_cat-bread-packing-machine","8":"first","9":"instock","10":"shipping-taxable","11":"product-type-simple"},"_links":{"self":[{"href":"https:\/\/bostarpack.com\/tr\/wp-json\/wp\/v2\/product\/782","targetHints":{"allow":["GET"]}}],"collection":[{"href":"https:\/\/bostarpack.com\/tr\/wp-json\/wp\/v2\/product"}],"about":[{"href":"https:\/\/bostarpack.com\/tr\/wp-json\/wp\/v2\/types\/product"}],"replies":[{"embeddable":true,"href":"https:\/\/bostarpack.com\/tr\/wp-json\/wp\/v2\/comments?post=782"}],"wp:featuredmedia":[{"embeddable":true,"href":"https:\/\/bostarpack.com\/tr\/wp-json\/wp\/v2\/media\/783"}],"wp:attachment":[{"href":"https:\/\/bostarpack.com\/tr\/wp-json\/wp\/v2\/media?parent=782"}],"wp:term":[{"taxonomy":"product_brand","embeddable":true,"href":"https:\/\/bostarpack.com\/tr\/wp-json\/wp\/v2\/product_brand?post=782"},{"taxonomy":"product_cat","embeddable":true,"href":"https:\/\/bostarpack.com\/tr\/wp-json\/wp\/v2\/product_cat?post=782"},{"taxonomy":"product_tag","embeddable":true,"href":"https:\/\/bostarpack.com\/tr\/wp-json\/wp\/v2\/product_tag?post=782"}],"curies":[{"name":"wp","href":"https:\/\/api.w.org\/{rel}","templated":true}]}}