{"id":760,"date":"2024-07-10T14:34:59","date_gmt":"2024-07-10T06:34:59","guid":{"rendered":"https:\/\/boshida.bambooproduct.top\/?post_type=product&#038;p=760"},"modified":"2024-10-28T14:51:36","modified_gmt":"2024-10-28T06:51:36","slug":"biscuit-flow-packing-machine","status":"publish","type":"product","link":"https:\/\/bostarpack.com\/tr\/urun\/biskuvi-akis-paketleme-makinesi\/","title":{"rendered":"Bisk\u00fcvi Ak\u0131\u015f Paketleme Makinesi"},"content":{"rendered":"<div style=\"width: 856px;\" class=\"wp-video\"><video class=\"wp-video-shortcode\" id=\"video-760-1\" width=\"856\" height=\"480\" preload=\"metadata\" controls=\"controls\"><source type=\"video\/mp4\" src=\"http:\/\/a.bostarpack.com\/wp-content\/uploads\/2024\/07\/Biscuit-Flow-Pack.mp4?_=1\" \/><a href=\"http:\/\/a.bostarpack.com\/wp-content\/uploads\/2024\/07\/Biscuit-Flow-Pack.mp4\">http:\/\/a.bostarpack.com\/wp-content\/uploads\/2024\/07\/Biscuit-Flow-Pack.mp4<\/a><\/video><\/div>\n<p><img loading=\"lazy\" decoding=\"async\" class=\"alignleft wp-image-768 size-full\" src=\"http:\/\/a.bostarpack.com\/wp-content\/uploads\/2024\/07\/\u997c\u5e72\u5305\u88c5\u673a3.jpg\" alt=\"\" width=\"1000\" height=\"686\" srcset=\"https:\/\/bostarpack.com\/wp-content\/uploads\/2024\/07\/\u997c\u5e72\u5305\u88c5\u673a3.jpg 1000w, https:\/\/bostarpack.com\/wp-content\/uploads\/2024\/07\/\u997c\u5e72\u5305\u88c5\u673a3-300x206.jpg 300w, https:\/\/bostarpack.com\/wp-content\/uploads\/2024\/07\/\u997c\u5e72\u5305\u88c5\u673a3-768x527.jpg 768w, https:\/\/bostarpack.com\/wp-content\/uploads\/2024\/07\/\u997c\u5e72\u5305\u88c5\u673a3-18x12.jpg 18w, https:\/\/bostarpack.com\/wp-content\/uploads\/2024\/07\/\u997c\u5e72\u5305\u88c5\u673a3-600x412.jpg 600w\" sizes=\"auto, (max-width: 1000px) 100vw, 1000px\" \/><\/p>\n<p><strong><b>B\u0130SK\u00dcV\u0130 AMBALAJ \u00c7\u00d6Z\u00dcM\u00dc<\/b><\/strong><strong><b>&#8211;<\/b><\/strong><strong><b>B\u0130SK\u00dcV\u0130 <\/b><\/strong><strong><b>AKI\u015e<\/b><\/strong><strong><b>\u00a0PAKETLEME MAK\u0130NES\u0130<\/b><\/strong><\/p>\n<table style=\"height: 596px;\" width=\"644\">\n<tbody>\n<tr>\n<td width=\"42.5000%\">\u00d6rnek<\/td>\n<td width=\"57.4800%\">BOSS450\/120-X<\/td>\n<\/tr>\n<tr>\n<td width=\"42.5000%\">Film Geni\u015fli\u011fi<\/td>\n<td width=\"57.4800%\">Maksimum 450 (mm)<\/td>\n<\/tr>\n<tr>\n<td width=\"42.5000%\">Paketleme H\u0131z\u0131<\/td>\n<td width=\"57.4800%\">20-360 (Paket\/dak)<\/td>\n<\/tr>\n<tr>\n<td width=\"42.5000%\">Paket Uzunlu\u011fu<\/td>\n<td width=\"57.4800%\">80-340 (mm)<\/td>\n<\/tr>\n<tr>\n<td width=\"42.5000%\">\u00dcr\u00fcn Geni\u015fli\u011fi<\/td>\n<td width=\"57.4800%\">20-140 (mm)<\/td>\n<\/tr>\n<tr>\n<td width=\"42.5000%\">\u00dcr\u00fcn Y\u00fcksekli\u011fi<\/td>\n<td width=\"57.4800%\">5-40 (mm)<\/td>\n<\/tr>\n<tr>\n<td width=\"42.5000%\">G\u00fc\u00e7 ve Voltaj<\/td>\n<td width=\"57.4800%\">5 kW; 220V 50HZ<\/td>\n<\/tr>\n<tr>\n<td width=\"42.5000%\">Boyut<\/p>\n<p>U*G*Y<\/td>\n<td width=\"57.4800%\">4500*970*1700 (mm)<\/p>\n<p>(ayr\u0131ca \u00f6zelle\u015ftirilebilir)<\/td>\n<\/tr>\n<tr>\n<td width=\"42.5000%\">A\u011f\u0131rl\u0131k<\/td>\n<td width=\"57.4800%\">880 (kilogram)<\/td>\n<\/tr>\n<\/tbody>\n<\/table>\n<p>(Yukar\u0131daki parametreler sadece referans ama\u00e7l\u0131d\u0131r. Ayr\u0131nt\u0131l\u0131 parametreler \u00fcr\u00fcnlere g\u00f6re de\u011fi\u015fmektedir.)<\/p>","protected":false},"excerpt":{"rendered":"<p><strong><b>Ana \u00d6zellikler\uff1a<\/b><\/strong><\/p>\n<p>Y\u00fcksek h\u0131z; Kararl\u0131; Ayarlanabilir torba olu\u015fturma; \u00c7oklu \u00fcr\u00fcn<\/p>\n<p>an\u0131lar, vb.<\/p>\n<p><strong><b>Se\u00e7enek<\/b><\/strong><strong><b>ve<\/b><\/strong><strong><b>\u00a0<\/b><\/strong><strong><b>Cihaz:<\/b><\/strong><\/p>\n<p>Bisk\u00fcvi Sandvi\u00e7 Makinesi;<\/p>\n<p>Otomatik Besleme Sistemi;<\/p>\n<p>Tarih Yaz\u0131c\u0131s\u0131<\/p>","protected":false},"featured_media":761,"comment_status":"open","ping_status":"closed","template":"","meta":[],"product_brand":[],"product_cat":[32],"product_tag":[],"class_list":{"0":"post-760","1":"product","2":"type-product","3":"status-publish","4":"has-post-thumbnail","6":"product_cat-biscuits-packing-machine","8":"first","9":"instock","10":"shipping-taxable","11":"product-type-simple"},"_links":{"self":[{"href":"https:\/\/bostarpack.com\/tr\/wp-json\/wp\/v2\/product\/760","targetHints":{"allow":["GET"]}}],"collection":[{"href":"https:\/\/bostarpack.com\/tr\/wp-json\/wp\/v2\/product"}],"about":[{"href":"https:\/\/bostarpack.com\/tr\/wp-json\/wp\/v2\/types\/product"}],"replies":[{"embeddable":true,"href":"https:\/\/bostarpack.com\/tr\/wp-json\/wp\/v2\/comments?post=760"}],"wp:featuredmedia":[{"embeddable":true,"href":"https:\/\/bostarpack.com\/tr\/wp-json\/wp\/v2\/media\/761"}],"wp:attachment":[{"href":"https:\/\/bostarpack.com\/tr\/wp-json\/wp\/v2\/media?parent=760"}],"wp:term":[{"taxonomy":"product_brand","embeddable":true,"href":"https:\/\/bostarpack.com\/tr\/wp-json\/wp\/v2\/product_brand?post=760"},{"taxonomy":"product_cat","embeddable":true,"href":"https:\/\/bostarpack.com\/tr\/wp-json\/wp\/v2\/product_cat?post=760"},{"taxonomy":"product_tag","embeddable":true,"href":"https:\/\/bostarpack.com\/tr\/wp-json\/wp\/v2\/product_tag?post=760"}],"curies":[{"name":"wp","href":"https:\/\/api.w.org\/{rel}","templated":true}]}}