{"id":751,"date":"2024-07-10T14:04:09","date_gmt":"2024-07-10T06:04:09","guid":{"rendered":"https:\/\/boshida.bambooproduct.top\/?post_type=product&#038;p=751"},"modified":"2024-10-28T14:52:48","modified_gmt":"2024-10-28T06:52:48","slug":"rice-noodle-group-packing-machine","status":"publish","type":"product","link":"https:\/\/bostarpack.com\/tr\/urun\/pirinc-eriste-grup-paketleme-makinesi\/","title":{"rendered":"Pirin\u00e7 Eri\u015fte Grubu Paketleme Makinesi"},"content":{"rendered":"<div style=\"width: 856px;\" class=\"wp-video\"><video class=\"wp-video-shortcode\" id=\"video-751-1\" width=\"856\" height=\"480\" preload=\"metadata\" controls=\"controls\"><source type=\"video\/mp4\" src=\"http:\/\/a.bostarpack.com\/wp-content\/uploads\/2024\/07\/Rice-Noodle-Group-Pack.mp4?_=1\" \/><a href=\"http:\/\/a.bostarpack.com\/wp-content\/uploads\/2024\/07\/Rice-Noodle-Group-Pack.mp4\">http:\/\/a.bostarpack.com\/wp-content\/uploads\/2024\/07\/Rice-Noodle-Group-Pack.mp4<\/a><\/video><\/div>\n<p><img loading=\"lazy\" decoding=\"async\" class=\"alignleft wp-image-757 size-full\" src=\"http:\/\/a.bostarpack.com\/wp-content\/uploads\/2024\/07\/\u7c73\u7c89\u5305\u88c5\u673a\u8be6\u60c5.jpg\" alt=\"\" width=\"1000\" height=\"638\" srcset=\"https:\/\/bostarpack.com\/wp-content\/uploads\/2024\/07\/\u7c73\u7c89\u5305\u88c5\u673a\u8be6\u60c5.jpg 1000w, https:\/\/bostarpack.com\/wp-content\/uploads\/2024\/07\/\u7c73\u7c89\u5305\u88c5\u673a\u8be6\u60c5-300x191.jpg 300w, https:\/\/bostarpack.com\/wp-content\/uploads\/2024\/07\/\u7c73\u7c89\u5305\u88c5\u673a\u8be6\u60c5-768x490.jpg 768w, https:\/\/bostarpack.com\/wp-content\/uploads\/2024\/07\/\u7c73\u7c89\u5305\u88c5\u673a\u8be6\u60c5-18x12.jpg 18w, https:\/\/bostarpack.com\/wp-content\/uploads\/2024\/07\/\u7c73\u7c89\u5305\u88c5\u673a\u8be6\u60c5-600x383.jpg 600w\" sizes=\"auto, (max-width: 1000px) 100vw, 1000px\" \/><\/p>\n<p><strong><b>P\u0130R\u0130N\u00c7 ER\u0130\u015eTE \u00c7OKLU PAKET<\/b><\/strong><\/p>\n<table style=\"height: 594px;\" width=\"612\">\n<tbody>\n<tr>\n<td width=\"42.5000%\">\u00d6rnek<\/td>\n<td width=\"57.4800%\">BOSW590\/120-PF<\/td>\n<\/tr>\n<tr>\n<td width=\"42.5000%\">Film Geni\u015fli\u011fi<\/td>\n<td width=\"57.4800%\">Maksimum 590 (mm)<\/td>\n<\/tr>\n<tr>\n<td width=\"42.5000%\">Paketleme H\u0131z\u0131<\/td>\n<td width=\"57.4800%\">20-100 (Paket\/dk)<\/td>\n<\/tr>\n<tr>\n<td width=\"42.5000%\">Paket Uzunlu\u011fu<\/td>\n<td width=\"57.4800%\">140-600 (mm)<\/td>\n<\/tr>\n<tr>\n<td width=\"42.5000%\">\u00dcr\u00fcn Geni\u015fli\u011fi<\/td>\n<td width=\"57.4800%\">50-220(mm)<\/td>\n<\/tr>\n<tr>\n<td width=\"42.5000%\">\u00dcr\u00fcn Y\u00fcksekli\u011fi<\/td>\n<td width=\"57.4800%\">5-120(mm)<\/td>\n<\/tr>\n<tr>\n<td width=\"42.5000%\">G\u00fc\u00e7 ve Voltaj<\/td>\n<td width=\"57.4800%\">5,7 kW; 220V 50HZ<\/td>\n<\/tr>\n<tr>\n<td width=\"42.5000%\">Boyut<\/p>\n<p>U*G*Y<\/td>\n<td width=\"57.4800%\">6300*1220*1800<\/p>\n<p>(ayr\u0131ca \u00f6zelle\u015ftirilebilir)<\/td>\n<\/tr>\n<tr>\n<td width=\"42.5000%\">A\u011f\u0131rl\u0131k<\/td>\n<td width=\"57.4800%\">1450 (kilogram)<\/td>\n<\/tr>\n<\/tbody>\n<\/table>\n<p>(Yukar\u0131daki parametreler yaln\u0131zca referans ama\u00e7l\u0131d\u0131r.<\/p>\n<p>Detayl\u0131 parametreler \u00fcr\u00fcnlere g\u00f6re de\u011fi\u015fmektedir.)<\/p>\n<p>&nbsp;<\/p>","protected":false},"excerpt":{"rendered":"<p><strong><b>Ana \u00d6zellikler\uff1a<\/b><\/strong><\/p>\n<p>\u00d6zelle\u015ftirilmi\u015f konvey\u00f6r; Ayarlanabilir torba olu\u015fturma; \u00c7oklu \u00fcr\u00fcn haf\u0131zalar\u0131, vb.<\/p>","protected":false},"featured_media":752,"comment_status":"open","ping_status":"closed","template":"","meta":[],"product_brand":[],"product_cat":[18],"product_tag":[],"class_list":{"0":"post-751","1":"product","2":"type-product","3":"status-publish","4":"has-post-thumbnail","6":"product_cat-instant-noodles-packing-machine","8":"first","9":"instock","10":"shipping-taxable","11":"product-type-simple"},"_links":{"self":[{"href":"https:\/\/bostarpack.com\/tr\/wp-json\/wp\/v2\/product\/751","targetHints":{"allow":["GET"]}}],"collection":[{"href":"https:\/\/bostarpack.com\/tr\/wp-json\/wp\/v2\/product"}],"about":[{"href":"https:\/\/bostarpack.com\/tr\/wp-json\/wp\/v2\/types\/product"}],"replies":[{"embeddable":true,"href":"https:\/\/bostarpack.com\/tr\/wp-json\/wp\/v2\/comments?post=751"}],"wp:featuredmedia":[{"embeddable":true,"href":"https:\/\/bostarpack.com\/tr\/wp-json\/wp\/v2\/media\/752"}],"wp:attachment":[{"href":"https:\/\/bostarpack.com\/tr\/wp-json\/wp\/v2\/media?parent=751"}],"wp:term":[{"taxonomy":"product_brand","embeddable":true,"href":"https:\/\/bostarpack.com\/tr\/wp-json\/wp\/v2\/product_brand?post=751"},{"taxonomy":"product_cat","embeddable":true,"href":"https:\/\/bostarpack.com\/tr\/wp-json\/wp\/v2\/product_cat?post=751"},{"taxonomy":"product_tag","embeddable":true,"href":"https:\/\/bostarpack.com\/tr\/wp-json\/wp\/v2\/product_tag?post=751"}],"curies":[{"name":"wp","href":"https:\/\/api.w.org\/{rel}","templated":true}]}}