{"id":729,"date":"2024-07-10T10:44:34","date_gmt":"2024-07-10T02:44:34","guid":{"rendered":"https:\/\/boshida.bambooproduct.top\/?post_type=product&#038;p=729"},"modified":"2024-10-28T14:55:42","modified_gmt":"2024-10-28T06:55:42","slug":"instant-noodle-group-packing-manchine","status":"publish","type":"product","link":"https:\/\/bostarpack.com\/tr\/urun\/aninda-eriste-grup-paketleme-makinesi\/","title":{"rendered":"An\u0131nda Eri\u015fte Grup Paketleme Makinesi"},"content":{"rendered":"<div style=\"width: 720px;\" class=\"wp-video\"><video class=\"wp-video-shortcode\" id=\"video-729-1\" width=\"720\" height=\"480\" preload=\"metadata\" controls=\"controls\"><source type=\"video\/mp4\" src=\"http:\/\/a.bostarpack.com\/wp-content\/uploads\/2024\/07\/1.2-Instant-Noodle-Group-Pack.mp4?_=1\" \/><a href=\"http:\/\/a.bostarpack.com\/wp-content\/uploads\/2024\/07\/1.2-Instant-Noodle-Group-Pack.mp4\">http:\/\/a.bostarpack.com\/wp-content\/uploads\/2024\/07\/1.2-Instant-Noodle-Group-Pack.mp4<\/a><\/video><\/div>\n<p><img loading=\"lazy\" decoding=\"async\" class=\"alignleft wp-image-737 size-full\" src=\"http:\/\/a.bostarpack.com\/wp-content\/uploads\/2024\/07\/\u65b9\u4fbf\u9762\u5305\u88c5\u673a-1.jpg\" alt=\"\" width=\"1000\" height=\"562\" srcset=\"https:\/\/bostarpack.com\/wp-content\/uploads\/2024\/07\/\u65b9\u4fbf\u9762\u5305\u88c5\u673a-1.jpg 1000w, https:\/\/bostarpack.com\/wp-content\/uploads\/2024\/07\/\u65b9\u4fbf\u9762\u5305\u88c5\u673a-1-300x169.jpg 300w, https:\/\/bostarpack.com\/wp-content\/uploads\/2024\/07\/\u65b9\u4fbf\u9762\u5305\u88c5\u673a-1-768x432.jpg 768w, https:\/\/bostarpack.com\/wp-content\/uploads\/2024\/07\/\u65b9\u4fbf\u9762\u5305\u88c5\u673a-1-18x10.jpg 18w, https:\/\/bostarpack.com\/wp-content\/uploads\/2024\/07\/\u65b9\u4fbf\u9762\u5305\u88c5\u673a-1-600x337.jpg 600w\" sizes=\"auto, (max-width: 1000px) 100vw, 1000px\" \/><\/p>\n<p><strong><b>ER\u0130\u015eTE PAKETLEME \u00c7\u00d6Z\u00dcM\u00dc<\/b><\/strong><strong><b>-HIZLI ER\u0130\u015eTE <\/b><\/strong><strong><b>\u00c7OK<\/b><\/strong><strong><b>\u00a0AMBALAJ<\/b><\/strong><\/p>\n<table style=\"height: 667px;\" width=\"671\">\n<tbody>\n<tr>\n<td width=\"42.5000%\">\u00d6rnek<\/td>\n<td width=\"57.4800%\">BOSW720<\/td>\n<\/tr>\n<tr>\n<td width=\"42.5000%\">Film Geni\u015fli\u011fi<\/td>\n<td width=\"57.4800%\">Maksimum 720 (mm)<\/td>\n<\/tr>\n<tr>\n<td width=\"42.5000%\">Paketleme H\u0131z\u0131<\/td>\n<td width=\"57.4800%\">20-100 (Paket\/dk)<\/td>\n<\/tr>\n<tr>\n<td width=\"42.5000%\">Paket Uzunlu\u011fu<\/td>\n<td width=\"57.4800%\">180-600 (mm)<\/td>\n<\/tr>\n<tr>\n<td width=\"42.5000%\">\u00dcr\u00fcn Geni\u015fli\u011fi<\/td>\n<td width=\"57.4800%\">40-320 (mm)<\/td>\n<\/tr>\n<tr>\n<td width=\"42.5000%\">\u00dcr\u00fcn Y\u00fcksekli\u011fi<\/td>\n<td width=\"57.4800%\">5-160 (mm)<\/td>\n<\/tr>\n<tr>\n<td width=\"42.5000%\">G\u00fc\u00e7 ve Voltaj<\/td>\n<td width=\"57.4800%\">6,5 kW; 220V 50HZ<\/td>\n<\/tr>\n<tr>\n<td width=\"42.5000%\">Boyut<\/p>\n<p>U*G*Y<\/td>\n<td width=\"57.4800%\">6300*1400*1900 (mm)<\/p>\n<p>(ayr\u0131ca \u00f6zelle\u015ftirilebilir)<\/td>\n<\/tr>\n<tr>\n<td width=\"42.5000%\">Hava Kapasitesi<\/td>\n<td width=\"57.4800%\">0,6Mpa, 1,5m\u00b3\/dak<\/td>\n<\/tr>\n<tr>\n<td width=\"42.5000%\">A\u011f\u0131rl\u0131k<\/td>\n<td width=\"57.4800%\">1500 (kilogram)<\/td>\n<\/tr>\n<\/tbody>\n<\/table>\n<p><strong><b>\u00a0<\/b><\/strong>(Yukar\u0131daki parametreler sadece referans ama\u00e7l\u0131d\u0131r. Ayr\u0131nt\u0131l\u0131 parametreler \u00fcr\u00fcnlere g\u00f6re de\u011fi\u015fmektedir.)<\/p>","protected":false},"excerpt":{"rendered":"<p><strong><b>Ana \u00d6zellikler\uff1a<\/b><\/strong><\/p>\n<p>Alttan film; Kutu hareketli u\u00e7 kapatma; \u0130tme cihaz\u0131 dahil;<\/p>\n<p>\u0130ste\u011fe ba\u011fl\u0131 delme tipi; Ayarlanabilir torba \u015fekillendirme; \u00c7oklu \u00fcr\u00fcn<\/p>\n<p>an\u0131lar, vb.<\/p>\n<p><strong><b>Se\u00e7enek<\/b><\/strong><strong><b>ve<\/b><\/strong><strong><b>\u00a0<\/b><\/strong><strong><b>Cihaz:<\/b><\/strong><\/p>\n<p>Otomatik Film Birle\u015ftirici;<\/p>\n<p>Delge\u00e7;<\/p>\n<p>Tarih Yaz\u0131c\u0131s\u0131<\/p>","protected":false},"featured_media":730,"comment_status":"open","ping_status":"closed","template":"","meta":[],"product_brand":[],"product_cat":[18,36],"product_tag":[],"class_list":{"0":"post-729","1":"product","2":"type-product","3":"status-publish","4":"has-post-thumbnail","6":"product_cat-instant-noodles-packing-machine","7":"product_cat-multipack-packaging-machine","9":"first","10":"instock","11":"shipping-taxable","12":"product-type-simple"},"_links":{"self":[{"href":"https:\/\/bostarpack.com\/tr\/wp-json\/wp\/v2\/product\/729","targetHints":{"allow":["GET"]}}],"collection":[{"href":"https:\/\/bostarpack.com\/tr\/wp-json\/wp\/v2\/product"}],"about":[{"href":"https:\/\/bostarpack.com\/tr\/wp-json\/wp\/v2\/types\/product"}],"replies":[{"embeddable":true,"href":"https:\/\/bostarpack.com\/tr\/wp-json\/wp\/v2\/comments?post=729"}],"wp:featuredmedia":[{"embeddable":true,"href":"https:\/\/bostarpack.com\/tr\/wp-json\/wp\/v2\/media\/730"}],"wp:attachment":[{"href":"https:\/\/bostarpack.com\/tr\/wp-json\/wp\/v2\/media?parent=729"}],"wp:term":[{"taxonomy":"product_brand","embeddable":true,"href":"https:\/\/bostarpack.com\/tr\/wp-json\/wp\/v2\/product_brand?post=729"},{"taxonomy":"product_cat","embeddable":true,"href":"https:\/\/bostarpack.com\/tr\/wp-json\/wp\/v2\/product_cat?post=729"},{"taxonomy":"product_tag","embeddable":true,"href":"https:\/\/bostarpack.com\/tr\/wp-json\/wp\/v2\/product_tag?post=729"}],"curies":[{"name":"wp","href":"https:\/\/api.w.org\/{rel}","templated":true}]}}