{"id":615,"date":"2024-07-01T18:17:22","date_gmt":"2024-07-01T10:17:22","guid":{"rendered":"https:\/\/boshida.bambooproduct.top\/?post_type=product&#038;p=615"},"modified":"2024-10-28T15:00:18","modified_gmt":"2024-10-28T07:00:18","slug":"burger-buns-multi-packing-machine","status":"publish","type":"product","link":"https:\/\/bostarpack.com\/tr\/urun\/burger-ekmekleri-coklu-paketleme-makinesi\/","title":{"rendered":"Burger Grubu Paketleme Makinas\u0131"},"content":{"rendered":"<div style=\"width: 960px;\" class=\"wp-video\"><video class=\"wp-video-shortcode\" id=\"video-615-1\" width=\"960\" height=\"544\" preload=\"metadata\" controls=\"controls\"><source type=\"video\/mp4\" src=\"http:\/\/a.bostarpack.com\/wp-content\/uploads\/2024\/07\/Rotary-Machine-1.mp4?_=1\" \/><a href=\"http:\/\/a.bostarpack.com\/wp-content\/uploads\/2024\/07\/Rotary-Machine-1.mp4\">http:\/\/a.bostarpack.com\/wp-content\/uploads\/2024\/07\/Rotary-Machine-1.mp4<\/a><\/video><\/div>\n<p>&nbsp;<\/p>\n<div style=\"width: 856px;\" class=\"wp-video\"><video class=\"wp-video-shortcode\" id=\"video-615-2\" width=\"856\" height=\"480\" preload=\"metadata\" controls=\"controls\"><source type=\"video\/mp4\" src=\"http:\/\/a.bostarpack.com\/wp-content\/uploads\/2024\/07\/Box-Motion-Machine-2.mp4?_=2\" \/><a href=\"http:\/\/a.bostarpack.com\/wp-content\/uploads\/2024\/07\/Box-Motion-Machine-2.mp4\">http:\/\/a.bostarpack.com\/wp-content\/uploads\/2024\/07\/Box-Motion-Machine-2.mp4<\/a><\/video><\/div>\n<p><img loading=\"lazy\" decoding=\"async\" class=\"alignleft wp-image-713 size-full\" src=\"http:\/\/a.bostarpack.com\/wp-content\/uploads\/2024\/07\/\u591a\u4e2a\u6c49\u58213.jpg\" alt=\"\" width=\"1000\" height=\"660\" srcset=\"https:\/\/bostarpack.com\/wp-content\/uploads\/2024\/07\/\u591a\u4e2a\u6c49\u58213.jpg 1000w, https:\/\/bostarpack.com\/wp-content\/uploads\/2024\/07\/\u591a\u4e2a\u6c49\u58213-300x198.jpg 300w, https:\/\/bostarpack.com\/wp-content\/uploads\/2024\/07\/\u591a\u4e2a\u6c49\u58213-768x507.jpg 768w, https:\/\/bostarpack.com\/wp-content\/uploads\/2024\/07\/\u591a\u4e2a\u6c49\u58213-18x12.jpg 18w, https:\/\/bostarpack.com\/wp-content\/uploads\/2024\/07\/\u591a\u4e2a\u6c49\u58213-600x396.jpg 600w\" sizes=\"auto, (max-width: 1000px) 100vw, 1000px\" \/><strong><b>BURGER PAKETLEME \u00c7\u00d6Z\u00dcM\u00dc<\/b><\/strong><strong><b>-HAMBURGER <\/b><\/strong><strong><b>\u00c7OK<\/b><\/strong><strong><b>\u00a0AMBALAJ<\/b><\/strong><\/p>\n<table style=\"height: 293px;\" width=\"750\">\n<tbody>\n<tr>\n<td width=\"148\">\u00d6rnek<\/td>\n<td width=\"185\">BOSS590\/150-S<\/td>\n<\/tr>\n<tr>\n<td>Film Geni\u015fli\u011fi<\/td>\n<td>Maksimum 590 (mm)<\/td>\n<\/tr>\n<tr>\n<td>Paketleme H\u0131z\u0131<\/td>\n<td>20-130 (Paket\/dk)<\/td>\n<\/tr>\n<tr>\n<td>Paket Uzunlu\u011fu<\/td>\n<td>100-450 (mm)<\/td>\n<\/tr>\n<tr>\n<td>\u00dcr\u00fcn Geni\u015fli\u011fi<\/td>\n<td>40-220 (mm)<\/td>\n<\/tr>\n<tr>\n<td>\u00dcr\u00fcn Y\u00fcksekli\u011fi<\/td>\n<td>35-75 (mm)<\/td>\n<\/tr>\n<tr>\n<td>G\u00fc\u00e7 ve Voltaj<\/td>\n<td>5,5 kW; 220V 50HZ<\/td>\n<\/tr>\n<tr>\n<td width=\"148\">Boyut<br \/>\nU*G*Y<\/td>\n<td width=\"185\">4500*1110*1700 (mm)<br \/>\n(ayr\u0131ca \u00f6zelle\u015ftirilebilir)<\/td>\n<\/tr>\n<tr>\n<td>A\u011f\u0131rl\u0131k<\/td>\n<td>1050 (kilogram)<\/td>\n<\/tr>\n<\/tbody>\n<\/table>\n<p>&nbsp;<\/p>\n<table style=\"border-collapse: collapse; width: 841px; height: 155px;\" border=\"0\" width=\"333\" cellspacing=\"0\" cellpadding=\"0\">\n<tbody>\n<tr style=\"height: 18.00pt;\">\n<td class=\"et2\" style=\"height: 18pt; width: 249.75pt; text-align: center;\" colspan=\"2\" width=\"333\" height=\"24\">Otomatik Besleyici<\/td>\n<\/tr>\n<tr style=\"height: 18.00pt;\">\n<td class=\"et3\" style=\"height: 18.00pt;\" height=\"24\">G\u00fc\u00e7 ve Voltaj<\/td>\n<td class=\"et3\">2KW; 220V 50HZ<\/td>\n<\/tr>\n<tr style=\"height: 18.00pt;\">\n<td class=\"et4\" style=\"height: 18.00pt; width: 111.00pt;\" width=\"148\" height=\"24\">Boyut<br \/>\nU*G*Y<\/td>\n<td class=\"et4\" style=\"width: 138.75pt;\" width=\"185\">4200*1200*1200 (mm)<br \/>\n(ayr\u0131ca \u00f6zelle\u015ftirilebilir)<\/td>\n<\/tr>\n<tr style=\"height: 18.00pt;\">\n<td class=\"et3\" style=\"height: 18.00pt;\" height=\"24\">A\u011f\u0131rl\u0131k<\/td>\n<td class=\"et3\">1200 (kilogram)<\/td>\n<\/tr>\n<\/tbody>\n<\/table>\n<p>(Yukar\u0131daki parametreler sadece referans ama\u00e7l\u0131d\u0131r. Ayr\u0131nt\u0131l\u0131 parametreler \u00fcr\u00fcnlere g\u00f6re de\u011fi\u015fmektedir.)<\/p>","protected":false},"excerpt":{"rendered":"<p><strong><b>Tam Otomatik Burger Paketleme Hatt\u0131:<\/b><\/strong><\/p>\n<p>\u2460 Otomatik besleme sistemi.<\/p>\n<p>\u2461 Tek b\u0131\u00e7akl\u0131 dilimleyici.<\/p>\n<p>\u2462 Otomatik D\u00fczenleme Cihaz\u0131.<\/p>\n<p>\u2463 Paketleme Makinesi.<\/p>","protected":false},"featured_media":709,"comment_status":"open","ping_status":"closed","template":"","meta":[],"product_brand":[],"product_cat":[19],"product_tag":[],"class_list":{"0":"post-615","1":"product","2":"type-product","3":"status-publish","4":"has-post-thumbnail","6":"product_cat-burger-buns-packing-machine","8":"first","9":"instock","10":"shipping-taxable","11":"product-type-simple"},"_links":{"self":[{"href":"https:\/\/bostarpack.com\/tr\/wp-json\/wp\/v2\/product\/615","targetHints":{"allow":["GET"]}}],"collection":[{"href":"https:\/\/bostarpack.com\/tr\/wp-json\/wp\/v2\/product"}],"about":[{"href":"https:\/\/bostarpack.com\/tr\/wp-json\/wp\/v2\/types\/product"}],"replies":[{"embeddable":true,"href":"https:\/\/bostarpack.com\/tr\/wp-json\/wp\/v2\/comments?post=615"}],"wp:featuredmedia":[{"embeddable":true,"href":"https:\/\/bostarpack.com\/tr\/wp-json\/wp\/v2\/media\/709"}],"wp:attachment":[{"href":"https:\/\/bostarpack.com\/tr\/wp-json\/wp\/v2\/media?parent=615"}],"wp:term":[{"taxonomy":"product_brand","embeddable":true,"href":"https:\/\/bostarpack.com\/tr\/wp-json\/wp\/v2\/product_brand?post=615"},{"taxonomy":"product_cat","embeddable":true,"href":"https:\/\/bostarpack.com\/tr\/wp-json\/wp\/v2\/product_cat?post=615"},{"taxonomy":"product_tag","embeddable":true,"href":"https:\/\/bostarpack.com\/tr\/wp-json\/wp\/v2\/product_tag?post=615"}],"curies":[{"name":"wp","href":"https:\/\/api.w.org\/{rel}","templated":true}]}}