{"id":285,"date":"2024-06-27T18:49:33","date_gmt":"2024-06-27T10:49:33","guid":{"rendered":"https:\/\/boshida.bambooproduct.top\/?post_type=product&#038;p=285"},"modified":"2024-10-28T14:59:15","modified_gmt":"2024-10-28T06:59:15","slug":"burger-buns-single-packing-machine","status":"publish","type":"product","link":"https:\/\/bostarpack.com\/tr\/urun\/burger-ekmekleri-tekli-paketleme-makinesi\/","title":{"rendered":"Burger Tekli Paketleme Makinesi"},"content":{"rendered":"<div style=\"width: 1280px;\" class=\"wp-video\"><video class=\"wp-video-shortcode\" id=\"video-285-1\" width=\"1280\" height=\"720\" preload=\"metadata\" controls=\"controls\"><source type=\"video\/mp4\" src=\"http:\/\/a.bostarpack.com\/wp-content\/uploads\/2024\/06\/Burger-Single-Pack.mp4?_=1\" \/><a href=\"http:\/\/a.bostarpack.com\/wp-content\/uploads\/2024\/06\/Burger-Single-Pack.mp4\">http:\/\/a.bostarpack.com\/wp-content\/uploads\/2024\/06\/Burger-Single-Pack.mp4<\/a><\/video><\/div>\n<p><strong><b>BURGER PAKETLEME \u00c7\u00d6Z\u00dcM\u00dc<\/b><\/strong><strong><b>-BURGER TEK PAKET<\/b><\/strong><\/p>\n<p><img loading=\"lazy\" decoding=\"async\" class=\"alignleft wp-image-692 size-full\" src=\"http:\/\/a.bostarpack.com\/wp-content\/uploads\/2024\/06\/\u5355\u4e2a\u6c49\u5821\u8be6\u60c5\u56fe.jpg\" alt=\"\" width=\"1000\" height=\"800\" srcset=\"https:\/\/bostarpack.com\/wp-content\/uploads\/2024\/06\/\u5355\u4e2a\u6c49\u5821\u8be6\u60c5\u56fe.jpg 1000w, https:\/\/bostarpack.com\/wp-content\/uploads\/2024\/06\/\u5355\u4e2a\u6c49\u5821\u8be6\u60c5\u56fe-300x240.jpg 300w, https:\/\/bostarpack.com\/wp-content\/uploads\/2024\/06\/\u5355\u4e2a\u6c49\u5821\u8be6\u60c5\u56fe-768x614.jpg 768w, https:\/\/bostarpack.com\/wp-content\/uploads\/2024\/06\/\u5355\u4e2a\u6c49\u5821\u8be6\u60c5\u56fe-15x12.jpg 15w, https:\/\/bostarpack.com\/wp-content\/uploads\/2024\/06\/\u5355\u4e2a\u6c49\u5821\u8be6\u60c5\u56fe-600x480.jpg 600w\" sizes=\"auto, (max-width: 1000px) 100vw, 1000px\" \/><\/p>\n<p>&nbsp;<\/p>\n<table style=\"height: 265px;\" width=\"782\">\n<tbody>\n<tr>\n<td width=\"148\">\u00d6rnek<\/td>\n<td width=\"185\">BOSS450\/132-S<\/td>\n<\/tr>\n<tr>\n<td>Film Geni\u015fli\u011fi<\/td>\n<td>Maksimum 450 (mm)<\/td>\n<\/tr>\n<tr>\n<td>Paketleme H\u0131z\u0131<\/td>\n<td>20-160 (Paket\/dk)<\/td>\n<\/tr>\n<tr>\n<td>Paket Uzunlu\u011fu<\/td>\n<td>95-450 (mm)<\/td>\n<\/tr>\n<tr>\n<td>\u00dcr\u00fcn Geni\u015fli\u011fi<\/td>\n<td>20-140 (mm)<\/td>\n<\/tr>\n<tr>\n<td>\u00dcr\u00fcn Y\u00fcksekli\u011fi<\/td>\n<td>5-70 (mm)<\/td>\n<\/tr>\n<tr>\n<td>G\u00fc\u00e7 ve Voltaj<\/td>\n<td>5KW; 220V 50HZ<\/td>\n<\/tr>\n<tr>\n<td width=\"148\">Boyut<br \/>\nU*G*Y<\/td>\n<td>4500*970*1700 (mm)<br \/>\n(ayr\u0131ca \u00f6zelle\u015ftirilebilir)<\/td>\n<\/tr>\n<tr>\n<td>A\u011f\u0131rl\u0131k<\/td>\n<td>880 (kilogram)<\/td>\n<\/tr>\n<\/tbody>\n<\/table>\n<p>(Yukar\u0131daki parametreler sadece referans ama\u00e7l\u0131d\u0131r. Ayr\u0131nt\u0131l\u0131 parametreler \u00fcr\u00fcnlere g\u00f6re de\u011fi\u015fmektedir.)<\/p>","protected":false},"excerpt":{"rendered":"<p><strong><b>Ba\u015fvuru: <\/b><\/strong><\/p>\n<p>Genellikle tekli burger ekme\u011fi, sosisli sandvi\u00e7 ve ekmek paketlemesi i\u00e7in.<\/p>\n<p><strong><b>\u00a0<\/b><\/strong><\/p>\n<p><strong><b>Ana \u00d6zellikler<\/b><\/strong><\/p>\n<p>Y\u00fcksek h\u0131z; Ayarlanabilir torba olu\u015fturma aparat\u0131; \u00c7oklu \u00fcr\u00fcn haf\u0131zalar\u0131, vb.<\/p>\n<p><strong><b>\u00a0<\/b><\/strong><\/p>\n<p><strong><b>Se\u00e7enek<\/b><\/strong><strong><b>ve<\/b><\/strong><strong><b>\u00a0<\/b><\/strong><strong><b>Cihaz<\/b><\/strong><\/p>\n<p>Tek b\u0131\u00e7akl\u0131 dilimleyici<\/p>\n<p>\u00c7ift b\u0131\u00e7akl\u0131 dilimleyici<\/p>\n<p>Otomatik Da\u011f\u0131t\u0131c\u0131<\/p>\n<p>Azot Dolum Cihaz\u0131<\/p>\n<p>Otomatik Besleme Sistemi<\/p>\n<p>Tarih Yaz\u0131c\u0131s\u0131<\/p>","protected":false},"featured_media":681,"comment_status":"open","ping_status":"closed","template":"","meta":[],"product_brand":[],"product_cat":[19],"product_tag":[],"class_list":{"0":"post-285","1":"product","2":"type-product","3":"status-publish","4":"has-post-thumbnail","6":"product_cat-burger-buns-packing-machine","8":"first","9":"instock","10":"shipping-taxable","11":"product-type-simple"},"_links":{"self":[{"href":"https:\/\/bostarpack.com\/tr\/wp-json\/wp\/v2\/product\/285","targetHints":{"allow":["GET"]}}],"collection":[{"href":"https:\/\/bostarpack.com\/tr\/wp-json\/wp\/v2\/product"}],"about":[{"href":"https:\/\/bostarpack.com\/tr\/wp-json\/wp\/v2\/types\/product"}],"replies":[{"embeddable":true,"href":"https:\/\/bostarpack.com\/tr\/wp-json\/wp\/v2\/comments?post=285"}],"wp:featuredmedia":[{"embeddable":true,"href":"https:\/\/bostarpack.com\/tr\/wp-json\/wp\/v2\/media\/681"}],"wp:attachment":[{"href":"https:\/\/bostarpack.com\/tr\/wp-json\/wp\/v2\/media?parent=285"}],"wp:term":[{"taxonomy":"product_brand","embeddable":true,"href":"https:\/\/bostarpack.com\/tr\/wp-json\/wp\/v2\/product_brand?post=285"},{"taxonomy":"product_cat","embeddable":true,"href":"https:\/\/bostarpack.com\/tr\/wp-json\/wp\/v2\/product_cat?post=285"},{"taxonomy":"product_tag","embeddable":true,"href":"https:\/\/bostarpack.com\/tr\/wp-json\/wp\/v2\/product_tag?post=285"}],"curies":[{"name":"wp","href":"https:\/\/api.w.org\/{rel}","templated":true}]}}