{"id":192,"date":"2024-06-25T15:17:45","date_gmt":"2024-06-25T07:17:45","guid":{"rendered":"https:\/\/boshida.bambooproduct.top\/?post_type=product&#038;p=192"},"modified":"2024-10-28T15:00:12","modified_gmt":"2024-10-28T07:00:12","slug":"easy-to-operate-automatic-horizontal-pillow-high-productivity-instant-noodle-packaging-machine-for-restaurant","status":"publish","type":"product","link":"https:\/\/bostarpack.com\/tr\/urun\/kullanimi-kolay-otomatik-yatay-yastik-yuksek-verimlilik-aninda-eriste-paketleme-makinesi-restoran-icin\/","title":{"rendered":"An\u0131nda Eri\u015fte Tekli Paketleme Makinesi"},"content":{"rendered":"<div style=\"width: 854px;\" class=\"wp-video\"><video class=\"wp-video-shortcode\" id=\"video-192-1\" width=\"854\" height=\"480\" preload=\"metadata\" controls=\"controls\"><source type=\"video\/mp4\" src=\"http:\/\/a.bostarpack.com\/wp-content\/uploads\/2024\/06\/Instant-Noodle-Single-Pack-1-8.9\u65e5\u4fee\u6539.mp4?_=1\" \/><a href=\"http:\/\/a.bostarpack.com\/wp-content\/uploads\/2024\/06\/Instant-Noodle-Single-Pack-1-8.9\u65e5\u4fee\u6539.mp4\">http:\/\/a.bostarpack.com\/wp-content\/uploads\/2024\/06\/Instant-Noodle-Single-Pack-1-8.9\u65e5\u4fee\u6539.mp4<\/a><\/video><\/div>\n<div style=\"width: 854px;\" class=\"wp-video\"><video class=\"wp-video-shortcode\" id=\"video-192-2\" width=\"854\" height=\"480\" preload=\"metadata\" controls=\"controls\"><source type=\"video\/mp4\" src=\"http:\/\/a.bostarpack.com\/wp-content\/uploads\/2024\/06\/Instant-Noodle-Single-Pack-2-8.9\u65e5\u4fee\u6539.mp4?_=2\" \/><a href=\"http:\/\/a.bostarpack.com\/wp-content\/uploads\/2024\/06\/Instant-Noodle-Single-Pack-2-8.9\u65e5\u4fee\u6539.mp4\">http:\/\/a.bostarpack.com\/wp-content\/uploads\/2024\/06\/Instant-Noodle-Single-Pack-2-8.9\u65e5\u4fee\u6539.mp4<\/a><\/video><\/div>\n<p><img loading=\"lazy\" decoding=\"async\" class=\"alignleft wp-image-759 size-full\" src=\"http:\/\/a.bostarpack.com\/wp-content\/uploads\/2024\/06\/\u5355\u4e2a\u65b9\u4fbf\u9762\u5305\u88c5\u673a\u8be6\u60c5.jpg\" alt=\"\" width=\"1000\" height=\"658\" srcset=\"https:\/\/bostarpack.com\/wp-content\/uploads\/2024\/06\/\u5355\u4e2a\u65b9\u4fbf\u9762\u5305\u88c5\u673a\u8be6\u60c5.jpg 1000w, https:\/\/bostarpack.com\/wp-content\/uploads\/2024\/06\/\u5355\u4e2a\u65b9\u4fbf\u9762\u5305\u88c5\u673a\u8be6\u60c5-300x197.jpg 300w, https:\/\/bostarpack.com\/wp-content\/uploads\/2024\/06\/\u5355\u4e2a\u65b9\u4fbf\u9762\u5305\u88c5\u673a\u8be6\u60c5-768x505.jpg 768w, https:\/\/bostarpack.com\/wp-content\/uploads\/2024\/06\/\u5355\u4e2a\u65b9\u4fbf\u9762\u5305\u88c5\u673a\u8be6\u60c5-18x12.jpg 18w, https:\/\/bostarpack.com\/wp-content\/uploads\/2024\/06\/\u5355\u4e2a\u65b9\u4fbf\u9762\u5305\u88c5\u673a\u8be6\u60c5-600x395.jpg 600w\" sizes=\"auto, (max-width: 1000px) 100vw, 1000px\" \/><\/p>\n<p><strong><b>AN\u0130 <\/b><\/strong><strong><b>ER\u0130\u015eTE PAKETLEME \u00c7\u00d6Z\u00dcM\u00dc<\/b><\/strong><strong><b>-HIZLI ER\u0130\u015eTE TEK PAKET<\/b><\/strong><\/p>\n<table style=\"height: 586px;\" width=\"637\">\n<tbody>\n<tr>\n<td width=\"42.5000%\">\u00d6rnek<\/td>\n<td width=\"57.4800%\">BOSS450\/120-S<\/td>\n<\/tr>\n<tr>\n<td width=\"42.5000%\">Film Geni\u015fli\u011fi<\/td>\n<td width=\"57.4800%\">Maksimum 450 (mm)<\/td>\n<\/tr>\n<tr>\n<td width=\"42.5000%\">Paketleme H\u0131z\u0131<\/td>\n<td width=\"57.4800%\">20-240 (Paket\/dk)<\/td>\n<\/tr>\n<tr>\n<td width=\"42.5000%\">Paket Uzunlu\u011fu<\/td>\n<td width=\"57.4800%\">90-370 (mm)<\/td>\n<\/tr>\n<tr>\n<td width=\"42.5000%\">\u00dcr\u00fcn Geni\u015fli\u011fi<\/td>\n<td width=\"57.4800%\">20-140 (mm)<\/td>\n<\/tr>\n<tr>\n<td width=\"42.5000%\">\u00dcr\u00fcn Y\u00fcksekli\u011fi<\/td>\n<td width=\"57.4800%\">5-60 (mm)<\/td>\n<\/tr>\n<tr>\n<td width=\"42.5000%\">G\u00fc\u00e7 ve Voltaj<\/td>\n<td width=\"57.4800%\">5KW; 220V 50HZ<\/td>\n<\/tr>\n<tr>\n<td width=\"42.5000%\">Boyut<\/p>\n<p>U*G*Y<\/td>\n<td width=\"57.4800%\">4500*970*1700 (mm)<\/p>\n<p>(ayr\u0131ca \u00f6zelle\u015ftirilebilir)<\/td>\n<\/tr>\n<tr>\n<td width=\"42.5000%\">A\u011f\u0131rl\u0131k<\/td>\n<td width=\"57.4800%\">880 (kilogram)<\/td>\n<\/tr>\n<\/tbody>\n<\/table>\n<p>(Yukar\u0131daki parametreler sadece referans ama\u00e7l\u0131d\u0131r. Ayr\u0131nt\u0131l\u0131 parametreler \u00fcr\u00fcnlere g\u00f6re de\u011fi\u015fmektedir.)<\/p>","protected":false},"excerpt":{"rendered":"<p><strong><b>Ana \u00d6zellikler\uff1a<\/b><\/strong><\/p>\n<p>Y\u00fcksek h\u0131z; Kararl\u0131; Ayarlanabilir torba \u015fekillendirme makinesi;<\/p>\n<p>\u00c7oklu \u00fcr\u00fcn haf\u0131zalar\u0131 vb.<\/p>\n<p>&nbsp;<\/p>\n<p><strong><b>Se\u00e7enek<\/b><\/strong><strong><b>ve<\/b><\/strong><strong><b>\u00a0<\/b><\/strong><strong><b>Cihaz:<\/b><\/strong><\/p>\n<p>Otomatik Film Birle\u015ftirici<\/p>\n<p>Otomatik Da\u011f\u0131t\u0131c\u0131<\/p>\n<p>Otomatik Kese Katman\u0131<\/p>\n<p>D\u00f6rt A\u015famal\u0131 Otomatik Besleyici<\/p>\n<p>Tarih Yaz\u0131c\u0131s\u0131<\/p>","protected":false},"featured_media":758,"comment_status":"open","ping_status":"closed","template":"","meta":[],"product_brand":[],"product_cat":[18],"product_tag":[],"class_list":{"0":"post-192","1":"product","2":"type-product","3":"status-publish","4":"has-post-thumbnail","6":"product_cat-instant-noodles-packing-machine","8":"first","9":"instock","10":"shipping-taxable","11":"product-type-simple"},"_links":{"self":[{"href":"https:\/\/bostarpack.com\/tr\/wp-json\/wp\/v2\/product\/192","targetHints":{"allow":["GET"]}}],"collection":[{"href":"https:\/\/bostarpack.com\/tr\/wp-json\/wp\/v2\/product"}],"about":[{"href":"https:\/\/bostarpack.com\/tr\/wp-json\/wp\/v2\/types\/product"}],"replies":[{"embeddable":true,"href":"https:\/\/bostarpack.com\/tr\/wp-json\/wp\/v2\/comments?post=192"}],"wp:featuredmedia":[{"embeddable":true,"href":"https:\/\/bostarpack.com\/tr\/wp-json\/wp\/v2\/media\/758"}],"wp:attachment":[{"href":"https:\/\/bostarpack.com\/tr\/wp-json\/wp\/v2\/media?parent=192"}],"wp:term":[{"taxonomy":"product_brand","embeddable":true,"href":"https:\/\/bostarpack.com\/tr\/wp-json\/wp\/v2\/product_brand?post=192"},{"taxonomy":"product_cat","embeddable":true,"href":"https:\/\/bostarpack.com\/tr\/wp-json\/wp\/v2\/product_cat?post=192"},{"taxonomy":"product_tag","embeddable":true,"href":"https:\/\/bostarpack.com\/tr\/wp-json\/wp\/v2\/product_tag?post=192"}],"curies":[{"name":"wp","href":"https:\/\/api.w.org\/{rel}","templated":true}]}}