{"id":1141,"date":"2024-07-12T14:18:02","date_gmt":"2024-07-12T06:18:02","guid":{"rendered":"https:\/\/boshida.bambooproduct.top\/?post_type=product&#038;p=1141"},"modified":"2024-10-28T13:45:03","modified_gmt":"2024-10-28T05:45:03","slug":"double-blade-slicer","status":"publish","type":"product","link":"https:\/\/bostarpack.com\/tr\/urun\/cift-bicakli-dilimleyici\/","title":{"rendered":"\u00c7ift b\u0131\u00e7akl\u0131 dilimleyici"},"content":{"rendered":"<p><img loading=\"lazy\" decoding=\"async\" class=\"alignleft wp-image-1143 size-full\" src=\"http:\/\/a.bostarpack.com\/wp-content\/uploads\/2024\/07\/Double-blade-Slicer-2.jpg\" alt=\"\" width=\"1000\" height=\"800\" srcset=\"https:\/\/bostarpack.com\/wp-content\/uploads\/2024\/07\/Double-blade-Slicer-2.jpg 1000w, https:\/\/bostarpack.com\/wp-content\/uploads\/2024\/07\/Double-blade-Slicer-2-300x240.jpg 300w, https:\/\/bostarpack.com\/wp-content\/uploads\/2024\/07\/Double-blade-Slicer-2-768x614.jpg 768w, https:\/\/bostarpack.com\/wp-content\/uploads\/2024\/07\/Double-blade-Slicer-2-15x12.jpg 15w, https:\/\/bostarpack.com\/wp-content\/uploads\/2024\/07\/Double-blade-Slicer-2-600x480.jpg 600w\" sizes=\"auto, (max-width: 1000px) 100vw, 1000px\" \/><\/p>\n<table style=\"height: 318px;\" width=\"657\">\n<tbody>\n<tr>\n<td>\u00d6rnek<\/td>\n<td>\u00c7ift b\u0131\u00e7akl\u0131 dilimleyici<\/td>\n<\/tr>\n<tr>\n<td>Ba\u015fvuru<\/td>\n<td>Burger Dilimleme \u0130\u00e7in 2 veya 3 adet<\/td>\n<\/tr>\n<tr>\n<td>G\u00fc\u00e7 ve Voltaj<\/td>\n<td>AC220, 50Hz tek faz, 2,73KW<\/td>\n<\/tr>\n<tr>\n<td>Boyutlar (U*G*Y)<\/td>\n<td>1950*1450*1400 (mm)<\/td>\n<\/tr>\n<tr>\n<td>A\u011f\u0131rl\u0131k<\/td>\n<td>750 (kilogram)<\/td>\n<\/tr>\n<\/tbody>\n<\/table>","protected":false},"excerpt":{"rendered":"<p>Model Double-blade Slicer Application For Burger Slicing, 2 or 3 pcs Power and Voltage AC220, 50Hz single phase,\u00a02.73KW Dimension\u00a0(L*W*H) 1950*1450*1400 (mm) Weight 750 (kg)<\/p>","protected":false},"featured_media":1142,"comment_status":"open","ping_status":"closed","template":"","meta":[],"product_brand":[],"product_cat":[39],"product_tag":[],"class_list":{"0":"post-1141","1":"product","2":"type-product","3":"status-publish","4":"has-post-thumbnail","6":"product_cat-optional-devices","8":"first","9":"instock","10":"shipping-taxable","11":"product-type-simple"},"_links":{"self":[{"href":"https:\/\/bostarpack.com\/tr\/wp-json\/wp\/v2\/product\/1141","targetHints":{"allow":["GET"]}}],"collection":[{"href":"https:\/\/bostarpack.com\/tr\/wp-json\/wp\/v2\/product"}],"about":[{"href":"https:\/\/bostarpack.com\/tr\/wp-json\/wp\/v2\/types\/product"}],"replies":[{"embeddable":true,"href":"https:\/\/bostarpack.com\/tr\/wp-json\/wp\/v2\/comments?post=1141"}],"wp:featuredmedia":[{"embeddable":true,"href":"https:\/\/bostarpack.com\/tr\/wp-json\/wp\/v2\/media\/1142"}],"wp:attachment":[{"href":"https:\/\/bostarpack.com\/tr\/wp-json\/wp\/v2\/media?parent=1141"}],"wp:term":[{"taxonomy":"product_brand","embeddable":true,"href":"https:\/\/bostarpack.com\/tr\/wp-json\/wp\/v2\/product_brand?post=1141"},{"taxonomy":"product_cat","embeddable":true,"href":"https:\/\/bostarpack.com\/tr\/wp-json\/wp\/v2\/product_cat?post=1141"},{"taxonomy":"product_tag","embeddable":true,"href":"https:\/\/bostarpack.com\/tr\/wp-json\/wp\/v2\/product_tag?post=1141"}],"curies":[{"name":"wp","href":"https:\/\/api.w.org\/{rel}","templated":true}]}}