{"id":1136,"date":"2024-07-12T14:14:11","date_gmt":"2024-07-12T06:14:11","guid":{"rendered":"https:\/\/boshida.bambooproduct.top\/?post_type=product&#038;p=1136"},"modified":"2025-03-03T15:31:31","modified_gmt":"2025-03-03T07:31:31","slug":"single-blade-slicer","status":"publish","type":"product","link":"https:\/\/bostarpack.com\/tr\/urun\/tek-bicakli-dilimleyici\/","title":{"rendered":"Tek b\u0131\u00e7akl\u0131 dilimleyici"},"content":{"rendered":"<p><img loading=\"lazy\" decoding=\"async\" class=\"alignleft wp-image-1139 size-full\" src=\"http:\/\/a.bostarpack.com\/wp-content\/uploads\/2024\/07\/Single-blade-Slicer-1.jpg\" alt=\"\" width=\"1000\" height=\"800\" srcset=\"https:\/\/bostarpack.com\/wp-content\/uploads\/2024\/07\/Single-blade-Slicer-1.jpg 1000w, https:\/\/bostarpack.com\/wp-content\/uploads\/2024\/07\/Single-blade-Slicer-1-300x240.jpg 300w, https:\/\/bostarpack.com\/wp-content\/uploads\/2024\/07\/Single-blade-Slicer-1-768x614.jpg 768w, https:\/\/bostarpack.com\/wp-content\/uploads\/2024\/07\/Single-blade-Slicer-1-15x12.jpg 15w, https:\/\/bostarpack.com\/wp-content\/uploads\/2024\/07\/Single-blade-Slicer-1-600x480.jpg 600w\" sizes=\"auto, (max-width: 1000px) 100vw, 1000px\" \/><\/p>\n<table style=\"height: 434px;\" width=\"771\">\n<tbody>\n<tr>\n<td>\u0130sim<\/td>\n<td>Tek b\u0131\u00e7akl\u0131 dilimleyici<\/td>\n<\/tr>\n<tr>\n<td>Ba\u015fvuru<\/td>\n<td>Burger Dilimleme \u0130\u00e7in 2 Adet<\/td>\n<\/tr>\n<tr>\n<td>Burger Y\u00fcksekli\u011fi<\/td>\n<td>Yakla\u015f\u0131k 50 mm (ayarlanabilir)<\/td>\n<\/tr>\n<tr>\n<td>Alt K\u0131s\u0131m<\/td>\n<td>Yakla\u015f\u0131k 10-15 mm (ayarlanabilir)<\/td>\n<\/tr>\n<tr>\n<td>G\u00fc\u00e7 ve Voltaj<\/td>\n<td>AC220, TEK FAZLI, 50HZ, 2.2KW<\/td>\n<\/tr>\n<tr>\n<td>Boyutlar (U*G*Y)<\/td>\n<td>1300*1400*1300 (mm)<\/td>\n<\/tr>\n<tr>\n<td>A\u011f\u0131rl\u0131k<\/td>\n<td>400 (kilogram)<\/td>\n<\/tr>\n<\/tbody>\n<\/table>\n<p>&nbsp;<\/p>","protected":false},"excerpt":{"rendered":"<p>Name Single-blade Slicer Application For Burger Slicing, 2 pcs Burger Height About 50 mm (adjustable) Bottom Part About 10-15 mm (adjustable) Power and Voltage AC220, SINGLE PHASE, 50HZ, 2.2KW Dimension\u00a0(L*W*H) 1300*1400*1300 (mm) Weight 400 (kg) &nbsp;<\/p>","protected":false},"featured_media":1140,"comment_status":"open","ping_status":"closed","template":"","meta":[],"product_brand":[],"product_cat":[39],"product_tag":[],"class_list":{"0":"post-1136","1":"product","2":"type-product","3":"status-publish","4":"has-post-thumbnail","6":"product_cat-optional-devices","8":"first","9":"instock","10":"shipping-taxable","11":"product-type-simple"},"_links":{"self":[{"href":"https:\/\/bostarpack.com\/tr\/wp-json\/wp\/v2\/product\/1136","targetHints":{"allow":["GET"]}}],"collection":[{"href":"https:\/\/bostarpack.com\/tr\/wp-json\/wp\/v2\/product"}],"about":[{"href":"https:\/\/bostarpack.com\/tr\/wp-json\/wp\/v2\/types\/product"}],"replies":[{"embeddable":true,"href":"https:\/\/bostarpack.com\/tr\/wp-json\/wp\/v2\/comments?post=1136"}],"wp:featuredmedia":[{"embeddable":true,"href":"https:\/\/bostarpack.com\/tr\/wp-json\/wp\/v2\/media\/1140"}],"wp:attachment":[{"href":"https:\/\/bostarpack.com\/tr\/wp-json\/wp\/v2\/media?parent=1136"}],"wp:term":[{"taxonomy":"product_brand","embeddable":true,"href":"https:\/\/bostarpack.com\/tr\/wp-json\/wp\/v2\/product_brand?post=1136"},{"taxonomy":"product_cat","embeddable":true,"href":"https:\/\/bostarpack.com\/tr\/wp-json\/wp\/v2\/product_cat?post=1136"},{"taxonomy":"product_tag","embeddable":true,"href":"https:\/\/bostarpack.com\/tr\/wp-json\/wp\/v2\/product_tag?post=1136"}],"curies":[{"name":"wp","href":"https:\/\/api.w.org\/{rel}","templated":true}]}}