{"id":1133,"date":"2024-07-12T14:02:21","date_gmt":"2024-07-12T06:02:21","guid":{"rendered":"https:\/\/boshida.bambooproduct.top\/?post_type=product&#038;p=1133"},"modified":"2024-07-17T19:02:37","modified_gmt":"2024-07-17T11:02:37","slug":"four-stage-auto-feeder","status":"publish","type":"product","link":"https:\/\/bostarpack.com\/tr\/urun\/dort-asamali-otomatik-besleyici\/","title":{"rendered":"D\u00f6rt A\u015famal\u0131 Otomatik Besleyici"},"content":{"rendered":"<p><img loading=\"lazy\" decoding=\"async\" class=\"alignleft wp-image-1135 size-full\" src=\"http:\/\/boshida3.hyhdemo.top\/wp-content\/uploads\/2024\/07\/Four-stage-Auto-Feeder-2.jpg\" alt=\"\" width=\"1000\" height=\"800\" srcset=\"https:\/\/bostarpack.com\/wp-content\/uploads\/2024\/07\/Four-stage-Auto-Feeder-2.jpg 1000w, https:\/\/bostarpack.com\/wp-content\/uploads\/2024\/07\/Four-stage-Auto-Feeder-2-300x240.jpg 300w, https:\/\/bostarpack.com\/wp-content\/uploads\/2024\/07\/Four-stage-Auto-Feeder-2-768x614.jpg 768w, https:\/\/bostarpack.com\/wp-content\/uploads\/2024\/07\/Four-stage-Auto-Feeder-2-15x12.jpg 15w, https:\/\/bostarpack.com\/wp-content\/uploads\/2024\/07\/Four-stage-Auto-Feeder-2-600x480.jpg 600w\" sizes=\"auto, (max-width: 1000px) 100vw, 1000px\" \/><\/p>\n<p><strong><em><u>Ba\u015fl\u0131ca \u00d6zellikleri<\/u><\/em><\/strong><strong><em><u>\u00a0<\/u><\/em><\/strong><strong><em><u>Otomatik<\/u><\/em><\/strong><strong><em><u>\u00a0besleme makinesi:<\/u><\/em><\/strong><\/p>\n<ul>\n<li>Otomatik besleyici, i\u015f g\u00fcc\u00fcn\u00fc ve i\u015f yo\u011funlu\u011funu azaltabilir.<\/li>\n<li>D\u00f6rt par\u00e7al\u0131 otomatik besleyici ile \u00fcretim hatt\u0131 paketleme makinesine otomatik olarak ba\u011flan\u0131r.<\/li>\n<li>\u00dcretim kapasitesine g\u00f6re otomatik besleme h\u0131z\u0131.<\/li>\n<li>Otomatik besleyici, malzemeyi otomatik olarak bir \u00e7izgi haline getirebilir.<\/li>\n<li>Ba\u011f\u0131ms\u0131z PLC<\/li>\n<li>Ba\u011f\u0131ms\u0131z Dokunmatik Ekran<\/li>\n<li><b><\/b><strong><b>Panasonic <\/b><\/strong><strong><b>Servo motor kontroll\u00fc<\/b><\/strong>,Danfoss invert\u00f6r<\/li>\n<li>Elektrik T\u00fcketimi: 1 Faz 220 V, 50 Hz, 2.8KW<\/li>\n<li>Zemin Alan\u0131: (U) 2000*(G) 600*(Y) 1050<\/li>\n<li>Makine A\u011f\u0131rl\u0131\u011f\u0131: 235Kg<\/li>\n<li>Standart \u0130hracat Ah\u015fap Kasa Ambalaj\u0131<\/li>\n<\/ul>","protected":false},"excerpt":{"rendered":"<p><strong><em><u>Ba\u015fl\u0131ca \u00d6zellikleri<\/u><\/em><\/strong><strong><em><u>\u00a0<\/u><\/em><\/strong><strong><em><u>Otomatik<\/u><\/em><\/strong><strong><em><u>\u00a0besleme makinesi:<\/u><\/em><\/strong><\/p>\n<p>* Otomatik besleyici sayesinde i\u015f\u00e7ilik ve emek yo\u011funlu\u011fu azalt\u0131labilir.<\/p>\n<p>* D\u00f6rt adet partauto besleyici ile \u00fcretim hatt\u0131 birbirine ba\u011fland\u0131<\/p>\n<p>paketleme makinesi otomatik.<\/p>\n<p>* \u00dcretim kapasitesine g\u00f6re otomatik besleme h\u0131z\u0131.<\/p>\n<p>* Otomatik besleyici, malzemeyi otomatik olarak bir \u00e7izgi haline getirebilir.<\/p>\n<p>* Ba\u011f\u0131ms\u0131z PLC<\/p>\n<p>* Ba\u011f\u0131ms\u0131z Dokunmatik ekran<\/p>\n<p><b><\/b><strong><b>* Panasonic <\/b><\/strong><strong><b>Servo motor kontroll\u00fc<\/b><\/strong>,Danfoss invert\u00f6r<\/p>\n<p>* Elektrik T\u00fcketimi: 1 Faz 220 V, 50 Hz, 2.8KW<\/p>\n<p>* Zemin Alan\u0131: (U) 2000*(G) 600*(Y) 1050<\/p>\n<p>* Makine A\u011f\u0131rl\u0131\u011f\u0131: 235Kg<\/p>\n<p>* Standart \u0130hracat Ah\u015fap Kasa Ambalaj\u0131<\/p>\n<p>&nbsp;<\/p>","protected":false},"featured_media":1134,"comment_status":"open","ping_status":"closed","template":"","meta":[],"product_brand":[],"product_cat":[39],"product_tag":[],"class_list":{"0":"post-1133","1":"product","2":"type-product","3":"status-publish","4":"has-post-thumbnail","6":"product_cat-optional-devices","8":"first","9":"instock","10":"shipping-taxable","11":"product-type-simple"},"_links":{"self":[{"href":"https:\/\/bostarpack.com\/tr\/wp-json\/wp\/v2\/product\/1133","targetHints":{"allow":["GET"]}}],"collection":[{"href":"https:\/\/bostarpack.com\/tr\/wp-json\/wp\/v2\/product"}],"about":[{"href":"https:\/\/bostarpack.com\/tr\/wp-json\/wp\/v2\/types\/product"}],"replies":[{"embeddable":true,"href":"https:\/\/bostarpack.com\/tr\/wp-json\/wp\/v2\/comments?post=1133"}],"wp:featuredmedia":[{"embeddable":true,"href":"https:\/\/bostarpack.com\/tr\/wp-json\/wp\/v2\/media\/1134"}],"wp:attachment":[{"href":"https:\/\/bostarpack.com\/tr\/wp-json\/wp\/v2\/media?parent=1133"}],"wp:term":[{"taxonomy":"product_brand","embeddable":true,"href":"https:\/\/bostarpack.com\/tr\/wp-json\/wp\/v2\/product_brand?post=1133"},{"taxonomy":"product_cat","embeddable":true,"href":"https:\/\/bostarpack.com\/tr\/wp-json\/wp\/v2\/product_cat?post=1133"},{"taxonomy":"product_tag","embeddable":true,"href":"https:\/\/bostarpack.com\/tr\/wp-json\/wp\/v2\/product_tag?post=1133"}],"curies":[{"name":"wp","href":"https:\/\/api.w.org\/{rel}","templated":true}]}}