{"id":1119,"date":"2024-07-12T13:36:55","date_gmt":"2024-07-12T05:36:55","guid":{"rendered":"https:\/\/boshida.bambooproduct.top\/?post_type=product&#038;p=1119"},"modified":"2024-07-19T17:24:36","modified_gmt":"2024-07-19T09:24:36","slug":"auto-dispenser-for-seasoning-packets","status":"publish","type":"product","link":"https:\/\/bostarpack.com\/tr\/urun\/baharat-paketleri-icin-otomatik-dagitici\/","title":{"rendered":"Baharat Paketleri i\u00e7in Otomatik Da\u011f\u0131t\u0131c\u0131"},"content":{"rendered":"<p><img loading=\"lazy\" decoding=\"async\" class=\"size-full wp-image-1121 alignleft\" src=\"https:\/\/boshida.bambooproduct.top\/wp-content\/uploads\/2024\/07\/TBJ240-2.jpg\" alt=\"\" width=\"1000\" height=\"800\" srcset=\"https:\/\/bostarpack.com\/wp-content\/uploads\/2024\/07\/TBJ240-2.jpg 1000w, https:\/\/bostarpack.com\/wp-content\/uploads\/2024\/07\/TBJ240-2-300x240.jpg 300w, https:\/\/bostarpack.com\/wp-content\/uploads\/2024\/07\/TBJ240-2-768x614.jpg 768w, https:\/\/bostarpack.com\/wp-content\/uploads\/2024\/07\/TBJ240-2-15x12.jpg 15w, https:\/\/bostarpack.com\/wp-content\/uploads\/2024\/07\/TBJ240-2-600x480.jpg 600w\" sizes=\"auto, (max-width: 1000px) 100vw, 1000px\" \/><\/p>\n<p>Uygulama: Bu cihaz, baharat paketlerinin \u00fcr\u00fcn \u00fczerine otomatik ve hassas bir \u015fekilde yerle\u015ftirilmesi i\u00e7in kullan\u0131l\u0131r ve paketleme makineleriyle birlikte kullan\u0131labilir. An\u0131nda eri\u015fte, pirin\u00e7 eri\u015ftesi ve di\u011fer haz\u0131r yiyecekler vb. gibi \u00e7e\u015fitli baharat paketleri i\u00e7in uygundur.<\/p>","protected":false},"excerpt":{"rendered":"<p>Uygulama: Bu cihaz otomatik ve hassas \u00f6l\u00e7\u00fcmler i\u00e7in kullan\u0131l\u0131r.<\/p>\n<p>baharat paketlerinin \u00fcr\u00fcn \u00fczerine yerle\u015ftirilmesi ve<\/p>\n<p>paketleme makineleriyle birlikte kullan\u0131l\u0131r. Uygundur<\/p>\n<p>haz\u0131r eri\u015ftelerde bulunan \u00e7e\u015fitli baharat paketleri i\u00e7in,<\/p>\n<p>pirin\u00e7 eri\u015ftesi ve di\u011fer haz\u0131r yiyecekler vb.<\/p>","protected":false},"featured_media":1120,"comment_status":"open","ping_status":"closed","template":"","meta":[],"product_brand":[],"product_cat":[39],"product_tag":[],"class_list":{"0":"post-1119","1":"product","2":"type-product","3":"status-publish","4":"has-post-thumbnail","6":"product_cat-optional-devices","8":"first","9":"instock","10":"shipping-taxable","11":"product-type-simple"},"_links":{"self":[{"href":"https:\/\/bostarpack.com\/tr\/wp-json\/wp\/v2\/product\/1119","targetHints":{"allow":["GET"]}}],"collection":[{"href":"https:\/\/bostarpack.com\/tr\/wp-json\/wp\/v2\/product"}],"about":[{"href":"https:\/\/bostarpack.com\/tr\/wp-json\/wp\/v2\/types\/product"}],"replies":[{"embeddable":true,"href":"https:\/\/bostarpack.com\/tr\/wp-json\/wp\/v2\/comments?post=1119"}],"wp:featuredmedia":[{"embeddable":true,"href":"https:\/\/bostarpack.com\/tr\/wp-json\/wp\/v2\/media\/1120"}],"wp:attachment":[{"href":"https:\/\/bostarpack.com\/tr\/wp-json\/wp\/v2\/media?parent=1119"}],"wp:term":[{"taxonomy":"product_brand","embeddable":true,"href":"https:\/\/bostarpack.com\/tr\/wp-json\/wp\/v2\/product_brand?post=1119"},{"taxonomy":"product_cat","embeddable":true,"href":"https:\/\/bostarpack.com\/tr\/wp-json\/wp\/v2\/product_cat?post=1119"},{"taxonomy":"product_tag","embeddable":true,"href":"https:\/\/bostarpack.com\/tr\/wp-json\/wp\/v2\/product_tag?post=1119"}],"curies":[{"name":"wp","href":"https:\/\/api.w.org\/{rel}","templated":true}]}}