{"id":1119,"date":"2024-07-12T13:36:55","date_gmt":"2024-07-12T05:36:55","guid":{"rendered":"https:\/\/boshida.bambooproduct.top\/?post_type=product&#038;p=1119"},"modified":"2024-07-19T17:24:36","modified_gmt":"2024-07-19T09:24:36","slug":"auto-dispenser-for-seasoning-packets","status":"publish","type":"product","link":"https:\/\/bostarpack.com\/it\/prodotto\/distributore-automatico-di-pacchetti-di-condimento\/","title":{"rendered":"Distributore automatico di bustine di condimento"},"content":{"rendered":"<p><img loading=\"lazy\" decoding=\"async\" class=\"size-full wp-image-1121 alignleft\" src=\"https:\/\/boshida.bambooproduct.top\/wp-content\/uploads\/2024\/07\/TBJ240-2.jpg\" alt=\"\" width=\"1000\" height=\"800\" srcset=\"https:\/\/bostarpack.com\/wp-content\/uploads\/2024\/07\/TBJ240-2.jpg 1000w, https:\/\/bostarpack.com\/wp-content\/uploads\/2024\/07\/TBJ240-2-300x240.jpg 300w, https:\/\/bostarpack.com\/wp-content\/uploads\/2024\/07\/TBJ240-2-768x614.jpg 768w, https:\/\/bostarpack.com\/wp-content\/uploads\/2024\/07\/TBJ240-2-15x12.jpg 15w, https:\/\/bostarpack.com\/wp-content\/uploads\/2024\/07\/TBJ240-2-600x480.jpg 600w\" sizes=\"auto, (max-width: 1000px) 100vw, 1000px\" \/><\/p>\n<p>Applicazione: Questo dispositivo \u00e8 utilizzato per il posizionamento automatico e preciso di pacchetti di condimento sul prodotto e pu\u00f2 essere utilizzato insieme a macchine confezionatrici. \u00c8 adatto per vari pacchetti di condimento che in spaghetti istantanei, spaghetti di riso e altri cibi pronti, ecc.<\/p>","protected":false},"excerpt":{"rendered":"<p>Applicazione: Questo dispositivo \u00e8 utilizzato per la misurazione automatica e precisa<\/p>\n<p>posizionamento dei pacchetti di condimento sul prodotto e pu\u00f2 essere<\/p>\n<p>utilizzato in abbinamento a macchine confezionatrici. \u00c8 adatto<\/p>\n<p>per vari pacchetti di condimenti che si trovano nei noodles istantanei,<\/p>\n<p>tagliatelle di riso e altri cibi pronti, ecc.<\/p>","protected":false},"featured_media":1120,"comment_status":"open","ping_status":"closed","template":"","meta":[],"product_brand":[],"product_cat":[39],"product_tag":[],"class_list":{"0":"post-1119","1":"product","2":"type-product","3":"status-publish","4":"has-post-thumbnail","6":"product_cat-optional-devices","8":"first","9":"instock","10":"shipping-taxable","11":"product-type-simple"},"_links":{"self":[{"href":"https:\/\/bostarpack.com\/it\/wp-json\/wp\/v2\/product\/1119","targetHints":{"allow":["GET"]}}],"collection":[{"href":"https:\/\/bostarpack.com\/it\/wp-json\/wp\/v2\/product"}],"about":[{"href":"https:\/\/bostarpack.com\/it\/wp-json\/wp\/v2\/types\/product"}],"replies":[{"embeddable":true,"href":"https:\/\/bostarpack.com\/it\/wp-json\/wp\/v2\/comments?post=1119"}],"wp:featuredmedia":[{"embeddable":true,"href":"https:\/\/bostarpack.com\/it\/wp-json\/wp\/v2\/media\/1120"}],"wp:attachment":[{"href":"https:\/\/bostarpack.com\/it\/wp-json\/wp\/v2\/media?parent=1119"}],"wp:term":[{"taxonomy":"product_brand","embeddable":true,"href":"https:\/\/bostarpack.com\/it\/wp-json\/wp\/v2\/product_brand?post=1119"},{"taxonomy":"product_cat","embeddable":true,"href":"https:\/\/bostarpack.com\/it\/wp-json\/wp\/v2\/product_cat?post=1119"},{"taxonomy":"product_tag","embeddable":true,"href":"https:\/\/bostarpack.com\/it\/wp-json\/wp\/v2\/product_tag?post=1119"}],"curies":[{"name":"wp","href":"https:\/\/api.w.org\/{rel}","templated":true}]}}