{"id":808,"date":"2024-07-10T18:51:01","date_gmt":"2024-07-10T10:51:01","guid":{"rendered":"https:\/\/boshida.bambooproduct.top\/?post_type=product&#038;p=808"},"modified":"2025-03-03T15:38:13","modified_gmt":"2025-03-03T07:38:13","slug":"spaghetti-packing-machine","status":"publish","type":"product","link":"https:\/\/bostarpack.com\/fr\/produit\/machine-a-emballer-les-spaghettis-2\/","title":{"rendered":"Machine d&#039;emballage de spaghettis"},"content":{"rendered":"<div style=\"width: 1058px;\" class=\"wp-video\"><video class=\"wp-video-shortcode\" id=\"video-808-1\" width=\"1058\" height=\"480\" preload=\"metadata\" controls=\"controls\"><source type=\"video\/mp4\" src=\"http:\/\/a.bostarpack.com\/wp-content\/uploads\/2024\/07\/Spaghetti-1.mp4?_=1\" \/><a href=\"http:\/\/a.bostarpack.com\/wp-content\/uploads\/2024\/07\/Spaghetti-1.mp4\">http:\/\/a.bostarpack.com\/wp-content\/uploads\/2024\/07\/Spaghetti-1.mp4<\/a><\/video><\/div>\n<p><img loading=\"lazy\" decoding=\"async\" class=\"alignleft wp-image-811 size-full\" src=\"http:\/\/a.bostarpack.com\/wp-content\/uploads\/2024\/07\/\u610f\u5927\u5229\u9762\u5305\u88c5\u673a2.jpg\" alt=\"\" width=\"1000\" height=\"800\" srcset=\"https:\/\/bostarpack.com\/wp-content\/uploads\/2024\/07\/\u610f\u5927\u5229\u9762\u5305\u88c5\u673a2.jpg 1000w, https:\/\/bostarpack.com\/wp-content\/uploads\/2024\/07\/\u610f\u5927\u5229\u9762\u5305\u88c5\u673a2-300x240.jpg 300w, https:\/\/bostarpack.com\/wp-content\/uploads\/2024\/07\/\u610f\u5927\u5229\u9762\u5305\u88c5\u673a2-768x614.jpg 768w, https:\/\/bostarpack.com\/wp-content\/uploads\/2024\/07\/\u610f\u5927\u5229\u9762\u5305\u88c5\u673a2-15x12.jpg 15w, https:\/\/bostarpack.com\/wp-content\/uploads\/2024\/07\/\u610f\u5927\u5229\u9762\u5305\u88c5\u673a2-600x480.jpg 600w\" sizes=\"auto, (max-width: 1000px) 100vw, 1000px\" \/><\/p>\n<p><strong><b>MACHINE D&#039;EMBALLAGE DE SPAGHETTI<\/b><\/strong><\/p>\n<table style=\"height: 580px;\" width=\"683\">\n<tbody>\n<tr>\n<td width=\"136\">Mod\u00e8le<\/td>\n<td width=\"222\">GMQ-450T4<\/td>\n<\/tr>\n<tr>\n<td width=\"136\">Largeur du film<\/td>\n<td width=\"222\">Max.450 (mm)<\/td>\n<\/tr>\n<tr>\n<td width=\"136\">Poids du produit<\/td>\n<td width=\"222\">110g \/ 200-1000g<\/td>\n<\/tr>\n<tr>\n<td width=\"136\">Vitesse d&#039;emballage<\/td>\n<td width=\"222\">70-80 paquets\/min (110g)<\/p>\n<p>50-60 paquets\/min (200-1000g)<\/td>\n<\/tr>\n<tr>\n<td width=\"136\">Longueur du produit<\/td>\n<td width=\"222\">260 mm<\/td>\n<\/tr>\n<tr>\n<td width=\"136\">Puissance et tension<\/td>\n<td width=\"222\">7KW\u00a0; 220 V 50 Hz<\/td>\n<\/tr>\n<tr>\n<td width=\"136\">Dimension<\/p>\n<p>L*L*H<\/td>\n<td width=\"222\">7700*3000*1600<\/p>\n<p>(peut \u00e9galement \u00eatre personnalis\u00e9)<\/td>\n<\/tr>\n<tr>\n<td width=\"136\">Poids<\/td>\n<td width=\"222\">2700 kg<\/td>\n<\/tr>\n<\/tbody>\n<\/table>\n<p>(Les param\u00e8tres ci-dessus sont uniquement \u00e0 titre de r\u00e9f\u00e9rence. Les param\u00e8tres d\u00e9taill\u00e9s d\u00e9pendent des produits.)<\/p>","protected":false},"excerpt":{"rendered":"<p><strong><b>Caract\u00e9ristiques principales:<\/b><\/strong><\/p>\n<p>1 \u00e0 4 \u00e9quipements de pes\u00e9e\u00a0; Inclure un dispositif d&#039;alignement, etc.<\/p>\n<p><strong><b>Appareil en option\u00a0:<\/b><\/strong><\/p>\n<p>Imprimante de dates<\/p>","protected":false},"featured_media":809,"comment_status":"open","ping_status":"closed","template":"","meta":[],"product_brand":[],"product_cat":[38],"product_tag":[],"class_list":{"0":"post-808","1":"product","2":"type-product","3":"status-publish","4":"has-post-thumbnail","6":"product_cat-spaghetti-packaging-machine","8":"first","9":"instock","10":"shipping-taxable","11":"product-type-simple"},"_links":{"self":[{"href":"https:\/\/bostarpack.com\/fr\/wp-json\/wp\/v2\/product\/808","targetHints":{"allow":["GET"]}}],"collection":[{"href":"https:\/\/bostarpack.com\/fr\/wp-json\/wp\/v2\/product"}],"about":[{"href":"https:\/\/bostarpack.com\/fr\/wp-json\/wp\/v2\/types\/product"}],"replies":[{"embeddable":true,"href":"https:\/\/bostarpack.com\/fr\/wp-json\/wp\/v2\/comments?post=808"}],"wp:featuredmedia":[{"embeddable":true,"href":"https:\/\/bostarpack.com\/fr\/wp-json\/wp\/v2\/media\/809"}],"wp:attachment":[{"href":"https:\/\/bostarpack.com\/fr\/wp-json\/wp\/v2\/media?parent=808"}],"wp:term":[{"taxonomy":"product_brand","embeddable":true,"href":"https:\/\/bostarpack.com\/fr\/wp-json\/wp\/v2\/product_brand?post=808"},{"taxonomy":"product_cat","embeddable":true,"href":"https:\/\/bostarpack.com\/fr\/wp-json\/wp\/v2\/product_cat?post=808"},{"taxonomy":"product_tag","embeddable":true,"href":"https:\/\/bostarpack.com\/fr\/wp-json\/wp\/v2\/product_tag?post=808"}],"curies":[{"name":"wp","href":"https:\/\/api.w.org\/{rel}","templated":true}]}}