{"id":794,"date":"2024-07-10T16:44:05","date_gmt":"2024-07-10T08:44:05","guid":{"rendered":"https:\/\/boshida.bambooproduct.top\/?post_type=product&#038;p=794"},"modified":"2024-10-28T14:19:45","modified_gmt":"2024-10-28T06:19:45","slug":"tortilla-packing-machine","status":"publish","type":"product","link":"https:\/\/bostarpack.com\/fr\/produit\/machine-a-emballer-les-tortillas-2\/","title":{"rendered":"Machine d&#039;emballage de tortillas"},"content":{"rendered":"<div style=\"width: 856px;\" class=\"wp-video\"><video class=\"wp-video-shortcode\" id=\"video-794-1\" width=\"856\" height=\"480\" preload=\"metadata\" controls=\"controls\"><source type=\"video\/mp4\" src=\"http:\/\/a.bostarpack.com\/wp-content\/uploads\/2024\/07\/Tortilla-Packing.mp4?_=1\" \/><a href=\"http:\/\/a.bostarpack.com\/wp-content\/uploads\/2024\/07\/Tortilla-Packing.mp4\">http:\/\/a.bostarpack.com\/wp-content\/uploads\/2024\/07\/Tortilla-Packing.mp4<\/a><\/video><\/div>\n<p><img loading=\"lazy\" decoding=\"async\" class=\"alignleft wp-image-796 size-full\" src=\"http:\/\/a.bostarpack.com\/wp-content\/uploads\/2024\/07\/\u5927\u997c\u5305\u88c5\u673a\u68b02.jpg\" alt=\"\" width=\"1000\" height=\"800\" srcset=\"https:\/\/bostarpack.com\/wp-content\/uploads\/2024\/07\/\u5927\u997c\u5305\u88c5\u673a\u68b02.jpg 1000w, https:\/\/bostarpack.com\/wp-content\/uploads\/2024\/07\/\u5927\u997c\u5305\u88c5\u673a\u68b02-300x240.jpg 300w, https:\/\/bostarpack.com\/wp-content\/uploads\/2024\/07\/\u5927\u997c\u5305\u88c5\u673a\u68b02-768x614.jpg 768w, https:\/\/bostarpack.com\/wp-content\/uploads\/2024\/07\/\u5927\u997c\u5305\u88c5\u673a\u68b02-15x12.jpg 15w, https:\/\/bostarpack.com\/wp-content\/uploads\/2024\/07\/\u5927\u997c\u5305\u88c5\u673a\u68b02-600x480.jpg 600w\" sizes=\"auto, (max-width: 1000px) 100vw, 1000px\" \/><\/p>\n<p><strong><b>MACHINE \u00c0 EMBALLER LES TORTILLAS<\/b><\/strong><\/p>\n<table style=\"height: 640px;\" width=\"690\">\n<tbody>\n<tr>\n<td width=\"42.5000%\">Mod\u00e8le<\/td>\n<td width=\"57.4800%\">BOSW820\/160-SF<\/td>\n<\/tr>\n<tr>\n<td width=\"42.5000%\">Largeur du film<\/td>\n<td width=\"57.4800%\">Max. 820 (mm)<\/td>\n<\/tr>\n<tr>\n<td width=\"42.5000%\">Vitesse d&#039;emballage<\/td>\n<td width=\"57.4800%\">5-80 (paquets\/min)<\/td>\n<\/tr>\n<tr>\n<td width=\"42.5000%\">Longueur du colis<\/td>\n<td width=\"57.4800%\">180-9999 (mm)<\/td>\n<\/tr>\n<tr>\n<td width=\"42.5000%\">Largeur du produit<\/td>\n<td width=\"57.4800%\">40-350 (mm)<\/td>\n<\/tr>\n<tr>\n<td width=\"42.5000%\">Hauteur du produit<\/td>\n<td width=\"57.4800%\">5-160 (mm)<\/td>\n<\/tr>\n<tr>\n<td width=\"42.5000%\">Puissance et tension<\/td>\n<td width=\"57.4800%\">6,5 kW\u00a0; 220 V 50 Hz<\/td>\n<\/tr>\n<tr>\n<td width=\"42.5000%\">Dimension<\/p>\n<p>L*L*H<\/td>\n<td width=\"57.4800%\">4900*1420*1840 (mm)<\/p>\n<p>(peut \u00e9galement \u00eatre personnalis\u00e9)<\/td>\n<\/tr>\n<tr>\n<td width=\"42.5000%\">Capacit\u00e9 a\u00e9rienne<\/td>\n<td width=\"57.4800%\">0,6 Mpa, 1,5 m\u00b3\/min<\/td>\n<\/tr>\n<tr>\n<td width=\"42.5000%\">Poids<\/td>\n<td width=\"57.4800%\">1500 (kg)<\/td>\n<\/tr>\n<\/tbody>\n<\/table>\n<p>(Les param\u00e8tres ci-dessus sont uniquement \u00e0 titre de r\u00e9f\u00e9rence. Les param\u00e8tres d\u00e9taill\u00e9s d\u00e9pendent des produits.)<\/p>","protected":false},"excerpt":{"rendered":"<p><strong><b>Caract\u00e9ristiques principales:<\/b><\/strong><\/p>\n<p>Film par le bas ; Scellant d&#039;extr\u00e9mit\u00e9 de mouvement de bo\u00eete ; Convoyeur \u00e0 bande ;<\/p>\n<p>M\u00e9moires de produits multiples ; Aucun produit, aucun pack, etc.<\/p>\n<p><strong><b>Appareil en option\u00a0:<\/b><\/strong><\/p>\n<p>\u00c9pisseur de film automatique;<\/p>\n<p>Distributeur automatique;<\/p>\n<p>Imprimante de dates<\/p>","protected":false},"featured_media":795,"comment_status":"open","ping_status":"closed","template":"","meta":[],"product_brand":[],"product_cat":[34],"product_tag":[],"class_list":{"0":"post-794","1":"product","2":"type-product","3":"status-publish","4":"has-post-thumbnail","6":"product_cat-tortilla-packaging-machine","8":"first","9":"instock","10":"shipping-taxable","11":"product-type-simple"},"_links":{"self":[{"href":"https:\/\/bostarpack.com\/fr\/wp-json\/wp\/v2\/product\/794","targetHints":{"allow":["GET"]}}],"collection":[{"href":"https:\/\/bostarpack.com\/fr\/wp-json\/wp\/v2\/product"}],"about":[{"href":"https:\/\/bostarpack.com\/fr\/wp-json\/wp\/v2\/types\/product"}],"replies":[{"embeddable":true,"href":"https:\/\/bostarpack.com\/fr\/wp-json\/wp\/v2\/comments?post=794"}],"wp:featuredmedia":[{"embeddable":true,"href":"https:\/\/bostarpack.com\/fr\/wp-json\/wp\/v2\/media\/795"}],"wp:attachment":[{"href":"https:\/\/bostarpack.com\/fr\/wp-json\/wp\/v2\/media?parent=794"}],"wp:term":[{"taxonomy":"product_brand","embeddable":true,"href":"https:\/\/bostarpack.com\/fr\/wp-json\/wp\/v2\/product_brand?post=794"},{"taxonomy":"product_cat","embeddable":true,"href":"https:\/\/bostarpack.com\/fr\/wp-json\/wp\/v2\/product_cat?post=794"},{"taxonomy":"product_tag","embeddable":true,"href":"https:\/\/bostarpack.com\/fr\/wp-json\/wp\/v2\/product_tag?post=794"}],"curies":[{"name":"wp","href":"https:\/\/api.w.org\/{rel}","templated":true}]}}