{"id":791,"date":"2024-07-10T15:53:22","date_gmt":"2024-07-10T07:53:22","guid":{"rendered":"https:\/\/boshida.bambooproduct.top\/?post_type=product&#038;p=791"},"modified":"2024-10-28T14:20:42","modified_gmt":"2024-10-28T06:20:42","slug":"bakery-group-packing-machine","status":"publish","type":"product","link":"https:\/\/bostarpack.com\/fr\/produit\/machine-demballage-de-groupe-de-boulangerie\/","title":{"rendered":"Machine d&#039;emballage de groupe de boulangerie"},"content":{"rendered":"<div style=\"width: 1080px;\" class=\"wp-video\"><video class=\"wp-video-shortcode\" id=\"video-791-1\" width=\"1080\" height=\"720\" preload=\"metadata\" controls=\"controls\"><source type=\"video\/mp4\" src=\"http:\/\/a.bostarpack.com\/wp-content\/uploads\/2024\/07\/4.3Bakery-Group-Pack\u7b2c\u4e00\u4e2a\u89c6\u9891.mp4?_=1\" \/><a href=\"http:\/\/a.bostarpack.com\/wp-content\/uploads\/2024\/07\/4.3Bakery-Group-Pack\u7b2c\u4e00\u4e2a\u89c6\u9891.mp4\">http:\/\/a.bostarpack.com\/wp-content\/uploads\/2024\/07\/4.3Bakery-Group-Pack\u7b2c\u4e00\u4e2a\u89c6\u9891.mp4<\/a><\/video><\/div>\n<p>&nbsp;<\/p>\n<div style=\"width: 1080px;\" class=\"wp-video\"><video class=\"wp-video-shortcode\" id=\"video-791-2\" width=\"1080\" height=\"720\" preload=\"metadata\" controls=\"controls\"><source type=\"video\/mp4\" src=\"http:\/\/a.bostarpack.com\/wp-content\/uploads\/2024\/07\/4.3Bakery-Group-Pack\u7b2c\u4e8c\u4e2a\u89c6\u9891.mp4?_=2\" \/><a href=\"http:\/\/a.bostarpack.com\/wp-content\/uploads\/2024\/07\/4.3Bakery-Group-Pack\u7b2c\u4e8c\u4e2a\u89c6\u9891.mp4\">http:\/\/a.bostarpack.com\/wp-content\/uploads\/2024\/07\/4.3Bakery-Group-Pack\u7b2c\u4e8c\u4e2a\u89c6\u9891.mp4<\/a><\/video><\/div>\n<p><img loading=\"lazy\" decoding=\"async\" class=\"alignleft wp-image-793 size-full\" src=\"http:\/\/a.bostarpack.com\/wp-content\/uploads\/2024\/07\/\u70d8\u7119\u7ec4\u5957\u88c52.jpg\" alt=\"\" width=\"1000\" height=\"800\" srcset=\"https:\/\/bostarpack.com\/wp-content\/uploads\/2024\/07\/\u70d8\u7119\u7ec4\u5957\u88c52.jpg 1000w, https:\/\/bostarpack.com\/wp-content\/uploads\/2024\/07\/\u70d8\u7119\u7ec4\u5957\u88c52-300x240.jpg 300w, https:\/\/bostarpack.com\/wp-content\/uploads\/2024\/07\/\u70d8\u7119\u7ec4\u5957\u88c52-768x614.jpg 768w, https:\/\/bostarpack.com\/wp-content\/uploads\/2024\/07\/\u70d8\u7119\u7ec4\u5957\u88c52-15x12.jpg 15w, https:\/\/bostarpack.com\/wp-content\/uploads\/2024\/07\/\u70d8\u7119\u7ec4\u5957\u88c52-600x480.jpg 600w\" sizes=\"auto, (max-width: 1000px) 100vw, 1000px\" \/><\/p>\n<p><strong><b>SOLUTION D&#039;EMBALLAGE POUR BOULANGERIE<\/b><\/strong><strong><b>-PACK MULTIPLE<\/b><\/strong><\/p>\n<table style=\"height: 499px;\" width=\"679\">\n<tbody>\n<tr>\n<td width=\"42.5000%\">Mod\u00e8le<\/td>\n<td width=\"57.4800%\">BOSW720<\/td>\n<\/tr>\n<tr>\n<td width=\"42.5000%\">Largeur du film<\/td>\n<td width=\"57.4800%\">Max. 720 (mm)<\/td>\n<\/tr>\n<tr>\n<td width=\"42.5000%\">Vitesse d&#039;emballage<\/td>\n<td width=\"57.4800%\">20-100 (paquets\/min)<\/td>\n<\/tr>\n<tr>\n<td width=\"42.5000%\">Longueur du colis<\/td>\n<td width=\"57.4800%\">180-600 (mm)<\/td>\n<\/tr>\n<tr>\n<td width=\"42.5000%\">Largeur du produit<\/td>\n<td width=\"57.4800%\">40-320 (mm)<\/td>\n<\/tr>\n<tr>\n<td width=\"42.5000%\">Hauteur du produit<\/td>\n<td width=\"57.4800%\">5-160 (mm)<\/td>\n<\/tr>\n<tr>\n<td width=\"42.5000%\">Puissance et tension<\/td>\n<td width=\"57.4800%\">6,5 kW\u00a0; 220 V 50 Hz<\/td>\n<\/tr>\n<tr>\n<td width=\"42.5000%\">Dimension<\/p>\n<p>L*L*H<\/td>\n<td width=\"57.4800%\">6300*1400*1900 (mm)<\/p>\n<p>(peut \u00e9galement \u00eatre personnalis\u00e9)<\/td>\n<\/tr>\n<tr>\n<td width=\"42.5000%\">Capacit\u00e9 a\u00e9rienne<\/td>\n<td width=\"57.4800%\">0,6 Mpa, 1,5 m\u00b3\/min<\/td>\n<\/tr>\n<tr>\n<td width=\"42.5000%\">Poids<\/td>\n<td width=\"57.4800%\">1500 (kg)<\/td>\n<\/tr>\n<\/tbody>\n<\/table>\n<p>(Les param\u00e8tres ci-dessus sont uniquement \u00e0 titre de r\u00e9f\u00e9rence. Les param\u00e8tres d\u00e9taill\u00e9s d\u00e9pendent des produits.)<\/p>","protected":false},"excerpt":{"rendered":"<p><strong><b>Caract\u00e9ristiques principales:<\/b><\/strong><\/p>\n<p>Film vu du dessus ; Scellant d&#039;extr\u00e9mit\u00e9 de mouvement de bo\u00eete ; M\u00e9moires de produits multiples ;<\/p>\n<p>Aucun produit, aucun pack, etc.<\/p>\n<p><strong><b>Option<\/b><\/strong><strong><b>Al<\/b><\/strong><strong><b>\u00a0<\/b><\/strong><strong><b>Appareil<\/b><\/strong><\/p>\n<p>\u00c9pisseur de film automatique;<\/p>\n<p>Syst\u00e8me d&#039;alimentation automatique\u00a0;<\/p>\n<p>Imprimante de dates<\/p>\n<p>&nbsp;<\/p>","protected":false},"featured_media":792,"comment_status":"open","ping_status":"closed","template":"","meta":[],"product_brand":[],"product_cat":[33],"product_tag":[],"class_list":{"0":"post-791","1":"product","2":"type-product","3":"status-publish","4":"has-post-thumbnail","6":"product_cat-bread-packing-machine","8":"first","9":"instock","10":"shipping-taxable","11":"product-type-simple"},"_links":{"self":[{"href":"https:\/\/bostarpack.com\/fr\/wp-json\/wp\/v2\/product\/791","targetHints":{"allow":["GET"]}}],"collection":[{"href":"https:\/\/bostarpack.com\/fr\/wp-json\/wp\/v2\/product"}],"about":[{"href":"https:\/\/bostarpack.com\/fr\/wp-json\/wp\/v2\/types\/product"}],"replies":[{"embeddable":true,"href":"https:\/\/bostarpack.com\/fr\/wp-json\/wp\/v2\/comments?post=791"}],"wp:featuredmedia":[{"embeddable":true,"href":"https:\/\/bostarpack.com\/fr\/wp-json\/wp\/v2\/media\/792"}],"wp:attachment":[{"href":"https:\/\/bostarpack.com\/fr\/wp-json\/wp\/v2\/media?parent=791"}],"wp:term":[{"taxonomy":"product_brand","embeddable":true,"href":"https:\/\/bostarpack.com\/fr\/wp-json\/wp\/v2\/product_brand?post=791"},{"taxonomy":"product_cat","embeddable":true,"href":"https:\/\/bostarpack.com\/fr\/wp-json\/wp\/v2\/product_cat?post=791"},{"taxonomy":"product_tag","embeddable":true,"href":"https:\/\/bostarpack.com\/fr\/wp-json\/wp\/v2\/product_tag?post=791"}],"curies":[{"name":"wp","href":"https:\/\/api.w.org\/{rel}","templated":true}]}}