{"id":782,"date":"2024-07-10T15:42:36","date_gmt":"2024-07-10T07:42:36","guid":{"rendered":"https:\/\/boshida.bambooproduct.top\/?post_type=product&#038;p=782"},"modified":"2024-10-28T14:21:17","modified_gmt":"2024-10-28T06:21:17","slug":"bakery-single-packing-machine","status":"publish","type":"product","link":"https:\/\/bostarpack.com\/fr\/produit\/machine-demballage-individuelle-pour-boulangerie\/","title":{"rendered":"Machine d&#039;emballage unique de boulangerie"},"content":{"rendered":"<div style=\"width: 720px;\" class=\"wp-video\"><video class=\"wp-video-shortcode\" id=\"video-782-1\" width=\"720\" height=\"480\" preload=\"metadata\" controls=\"controls\"><source type=\"video\/mp4\" src=\"http:\/\/a.bostarpack.com\/wp-content\/uploads\/2024\/07\/4.2-Bakery-Single-Pack.mp4?_=1\" \/><a href=\"http:\/\/a.bostarpack.com\/wp-content\/uploads\/2024\/07\/4.2-Bakery-Single-Pack.mp4\">http:\/\/a.bostarpack.com\/wp-content\/uploads\/2024\/07\/4.2-Bakery-Single-Pack.mp4<\/a><\/video><\/div>\n<p><img loading=\"lazy\" decoding=\"async\" class=\"alignleft wp-image-790 size-full\" src=\"http:\/\/a.bostarpack.com\/wp-content\/uploads\/2024\/07\/\u70d8\u7119\u5355\u5305\u5305\u88c5\u673a\u8be6\u60c5.jpg\" alt=\"\" width=\"1000\" height=\"570\" srcset=\"https:\/\/bostarpack.com\/wp-content\/uploads\/2024\/07\/\u70d8\u7119\u5355\u5305\u5305\u88c5\u673a\u8be6\u60c5.jpg 1000w, https:\/\/bostarpack.com\/wp-content\/uploads\/2024\/07\/\u70d8\u7119\u5355\u5305\u5305\u88c5\u673a\u8be6\u60c5-300x171.jpg 300w, https:\/\/bostarpack.com\/wp-content\/uploads\/2024\/07\/\u70d8\u7119\u5355\u5305\u5305\u88c5\u673a\u8be6\u60c5-768x438.jpg 768w, https:\/\/bostarpack.com\/wp-content\/uploads\/2024\/07\/\u70d8\u7119\u5355\u5305\u5305\u88c5\u673a\u8be6\u60c5-18x10.jpg 18w, https:\/\/bostarpack.com\/wp-content\/uploads\/2024\/07\/\u70d8\u7119\u5355\u5305\u5305\u88c5\u673a\u8be6\u60c5-600x342.jpg 600w\" sizes=\"auto, (max-width: 1000px) 100vw, 1000px\" \/><\/p>\n<p><strong><b>SOLUTION D&#039;EMBALLAGE POUR BOULANGERIE<\/b><\/strong><strong><b>-PACK UNIQUE<\/b><\/strong><\/p>\n<table style=\"height: 603px;\" width=\"690\">\n<tbody>\n<tr>\n<td width=\"42.5000%\">Mod\u00e8le<\/td>\n<td width=\"57.4800%\">BOSS450\/132-S<\/td>\n<\/tr>\n<tr>\n<td width=\"42.5000%\">Largeur du film<\/td>\n<td width=\"57.4800%\">Max.450 (mm)<\/td>\n<\/tr>\n<tr>\n<td width=\"42.5000%\">Vitesse d&#039;emballage<\/td>\n<td width=\"57.4800%\">20-160 (paquets\/min)<\/td>\n<\/tr>\n<tr>\n<td width=\"42.5000%\">Longueur du colis<\/td>\n<td width=\"57.4800%\">95-450 (mm)<\/td>\n<\/tr>\n<tr>\n<td width=\"42.5000%\">Largeur du produit<\/td>\n<td width=\"57.4800%\">20-140 (mm)<\/td>\n<\/tr>\n<tr>\n<td width=\"42.5000%\">Hauteur du produit<\/td>\n<td width=\"57.4800%\">5-70 (mm)<\/td>\n<\/tr>\n<tr>\n<td width=\"42.5000%\">Puissance et tension<\/td>\n<td width=\"57.4800%\">5\u00a0kW\u00a0; 220\u00a0V\u00a050\u00a0Hz<\/td>\n<\/tr>\n<tr>\n<td width=\"42.5000%\">Dimension<\/p>\n<p>L*L*H<\/td>\n<td width=\"57.4800%\">4500*970*1700 (mm)<\/p>\n<p>(peut \u00e9galement \u00eatre personnalis\u00e9)<\/td>\n<\/tr>\n<tr>\n<td width=\"42.5000%\">Poids<\/td>\n<td width=\"57.4800%\">880 (kg)<\/td>\n<\/tr>\n<\/tbody>\n<\/table>\n<p>(Les param\u00e8tres ci-dessus sont uniquement \u00e0 titre de r\u00e9f\u00e9rence. Les param\u00e8tres d\u00e9taill\u00e9s d\u00e9pendent des produits.)<\/p>","protected":false},"excerpt":{"rendered":"<p><strong><b>Ligne d&#039;emballage enti\u00e8rement automatique : \u00a0\u00a0\u00a0\u00a0\u00a0\u00a0\u00a0\u00a0\u00a0\u00a0\u00a0<\/b><\/strong><\/p>\n<p>\u2460 Convoyeur.<\/p>\n<p>\u2461 Dispositif de transition.<\/p>\n<p>\u2462 Chargeur automatique \u00e0 quatre \u00e9tages.<\/p>\n<p>\u2463 Machine d&#039;emballage.<\/p>\n<p><strong><b>Option<\/b><\/strong><strong><b>Al<\/b><\/strong><strong><b>\u00a0<\/b><\/strong><strong><b>Appareil<\/b><\/strong><\/p>\n<p>\u00c9pisseur de film automatique;<\/p>\n<p>Dispositif de remplissage d\u2019azote;<\/p>\n<p>Syst\u00e8me d&#039;alimentation automatique\u00a0;<\/p>\n<p>Imprimante de dates<\/p>","protected":false},"featured_media":783,"comment_status":"open","ping_status":"closed","template":"","meta":[],"product_brand":[],"product_cat":[33],"product_tag":[],"class_list":{"0":"post-782","1":"product","2":"type-product","3":"status-publish","4":"has-post-thumbnail","6":"product_cat-bread-packing-machine","8":"first","9":"instock","10":"shipping-taxable","11":"product-type-simple"},"_links":{"self":[{"href":"https:\/\/bostarpack.com\/fr\/wp-json\/wp\/v2\/product\/782","targetHints":{"allow":["GET"]}}],"collection":[{"href":"https:\/\/bostarpack.com\/fr\/wp-json\/wp\/v2\/product"}],"about":[{"href":"https:\/\/bostarpack.com\/fr\/wp-json\/wp\/v2\/types\/product"}],"replies":[{"embeddable":true,"href":"https:\/\/bostarpack.com\/fr\/wp-json\/wp\/v2\/comments?post=782"}],"wp:featuredmedia":[{"embeddable":true,"href":"https:\/\/bostarpack.com\/fr\/wp-json\/wp\/v2\/media\/783"}],"wp:attachment":[{"href":"https:\/\/bostarpack.com\/fr\/wp-json\/wp\/v2\/media?parent=782"}],"wp:term":[{"taxonomy":"product_brand","embeddable":true,"href":"https:\/\/bostarpack.com\/fr\/wp-json\/wp\/v2\/product_brand?post=782"},{"taxonomy":"product_cat","embeddable":true,"href":"https:\/\/bostarpack.com\/fr\/wp-json\/wp\/v2\/product_cat?post=782"},{"taxonomy":"product_tag","embeddable":true,"href":"https:\/\/bostarpack.com\/fr\/wp-json\/wp\/v2\/product_tag?post=782"}],"curies":[{"name":"wp","href":"https:\/\/api.w.org\/{rel}","templated":true}]}}