{"id":769,"date":"2024-07-10T15:01:31","date_gmt":"2024-07-10T07:01:31","guid":{"rendered":"https:\/\/boshida.bambooproduct.top\/?post_type=product&#038;p=769"},"modified":"2024-10-28T14:23:29","modified_gmt":"2024-10-28T06:23:29","slug":"biscuit-on-edge-packing-machine","status":"publish","type":"product","link":"https:\/\/bostarpack.com\/fr\/produit\/machine-demballage-de-biscuits-sur-bord\/","title":{"rendered":"Machine d&#039;emballage de biscuits sur chant"},"content":{"rendered":"<div style=\"width: 856px;\" class=\"wp-video\"><video class=\"wp-video-shortcode\" id=\"video-769-1\" width=\"856\" height=\"480\" preload=\"metadata\" controls=\"controls\"><source type=\"video\/mp4\" src=\"http:\/\/a.bostarpack.com\/wp-content\/uploads\/2024\/07\/3.2-Biscuit-On-edge-Pack.mp4?_=1\" \/><a href=\"http:\/\/a.bostarpack.com\/wp-content\/uploads\/2024\/07\/3.2-Biscuit-On-edge-Pack.mp4\">http:\/\/a.bostarpack.com\/wp-content\/uploads\/2024\/07\/3.2-Biscuit-On-edge-Pack.mp4<\/a><\/video><\/div>\n<p><img loading=\"lazy\" decoding=\"async\" class=\"alignleft wp-image-775 size-full\" src=\"http:\/\/a.bostarpack.com\/wp-content\/uploads\/2024\/07\/\u997c\u5e72\u5305\u88c5\u673a2-1.jpg\" alt=\"\" width=\"1000\" height=\"800\" srcset=\"https:\/\/bostarpack.com\/wp-content\/uploads\/2024\/07\/\u997c\u5e72\u5305\u88c5\u673a2-1.jpg 1000w, https:\/\/bostarpack.com\/wp-content\/uploads\/2024\/07\/\u997c\u5e72\u5305\u88c5\u673a2-1-300x240.jpg 300w, https:\/\/bostarpack.com\/wp-content\/uploads\/2024\/07\/\u997c\u5e72\u5305\u88c5\u673a2-1-768x614.jpg 768w, https:\/\/bostarpack.com\/wp-content\/uploads\/2024\/07\/\u997c\u5e72\u5305\u88c5\u673a2-1-15x12.jpg 15w, https:\/\/bostarpack.com\/wp-content\/uploads\/2024\/07\/\u997c\u5e72\u5305\u88c5\u673a2-1-600x480.jpg 600w\" sizes=\"auto, (max-width: 1000px) 100vw, 1000px\" \/><\/p>\n<p><strong><b>SOLUTION D&#039;EMBALLAGE DE BISCUITS<\/b><\/strong><strong><b>-MACHINE D&#039;EMBALLAGE DE BISCUITS SUR BORD<\/b><\/strong><\/p>\n<table style=\"height: 641px;\" width=\"690\">\n<tbody>\n<tr>\n<td width=\"42.5000%\">Mod\u00e8le<\/td>\n<td width=\"57.4800%\">BOSS450\/150-WT<\/td>\n<\/tr>\n<tr>\n<td width=\"42.5000%\">Largeur du film<\/td>\n<td width=\"57.4800%\">Max.450 (mm)<\/td>\n<\/tr>\n<tr>\n<td width=\"42.5000%\">Vitesse d&#039;emballage<\/td>\n<td width=\"57.4800%\">30-110 (paquets\/min)<\/td>\n<\/tr>\n<tr>\n<td width=\"42.5000%\">Longueur du colis<\/td>\n<td width=\"57.4800%\">130-400(mm)<\/td>\n<\/tr>\n<tr>\n<td width=\"42.5000%\">Largeur du produit<\/td>\n<td width=\"57.4800%\">35-120(mm)<\/td>\n<\/tr>\n<tr>\n<td width=\"42.5000%\">Hauteur du produit<\/td>\n<td width=\"57.4800%\">30-85(mm)<\/td>\n<\/tr>\n<tr>\n<td width=\"42.5000%\">Puissance et tension<\/td>\n<td width=\"57.4800%\">6,5 kW\u00a0; 220 V 50 Hz<\/td>\n<\/tr>\n<tr>\n<td width=\"42.5000%\">Dimension<\/p>\n<p>L*L*H<\/td>\n<td width=\"57.4800%\">5200*1100*1800<\/p>\n<p>4100*700*1150<\/p>\n<p>(peut \u00e9galement \u00eatre personnalis\u00e9)<\/td>\n<\/tr>\n<tr>\n<td width=\"42.5000%\">Poids<\/td>\n<td width=\"57.4800%\">1500 (kg)<\/td>\n<\/tr>\n<\/tbody>\n<\/table>\n<p>(Les param\u00e8tres ci-dessus sont uniquement \u00e0 titre de r\u00e9f\u00e9rence. Les param\u00e8tres d\u00e9taill\u00e9s d\u00e9pendent des produits.)<\/p>\n<p>&nbsp;<\/p>","protected":false},"excerpt":{"rendered":"<p><strong><b>Application:<\/b><\/strong><\/p>\n<p>Convient pour emballer de nombreux types de biscuits sans plateau,<\/p>\n<p>et le formeur de sac peut \u00eatre personnalis\u00e9.<\/p>","protected":false},"featured_media":770,"comment_status":"open","ping_status":"closed","template":"","meta":[],"product_brand":[],"product_cat":[32],"product_tag":[],"class_list":{"0":"post-769","1":"product","2":"type-product","3":"status-publish","4":"has-post-thumbnail","6":"product_cat-biscuits-packing-machine","8":"first","9":"instock","10":"shipping-taxable","11":"product-type-simple"},"_links":{"self":[{"href":"https:\/\/bostarpack.com\/fr\/wp-json\/wp\/v2\/product\/769","targetHints":{"allow":["GET"]}}],"collection":[{"href":"https:\/\/bostarpack.com\/fr\/wp-json\/wp\/v2\/product"}],"about":[{"href":"https:\/\/bostarpack.com\/fr\/wp-json\/wp\/v2\/types\/product"}],"replies":[{"embeddable":true,"href":"https:\/\/bostarpack.com\/fr\/wp-json\/wp\/v2\/comments?post=769"}],"wp:featuredmedia":[{"embeddable":true,"href":"https:\/\/bostarpack.com\/fr\/wp-json\/wp\/v2\/media\/770"}],"wp:attachment":[{"href":"https:\/\/bostarpack.com\/fr\/wp-json\/wp\/v2\/media?parent=769"}],"wp:term":[{"taxonomy":"product_brand","embeddable":true,"href":"https:\/\/bostarpack.com\/fr\/wp-json\/wp\/v2\/product_brand?post=769"},{"taxonomy":"product_cat","embeddable":true,"href":"https:\/\/bostarpack.com\/fr\/wp-json\/wp\/v2\/product_cat?post=769"},{"taxonomy":"product_tag","embeddable":true,"href":"https:\/\/bostarpack.com\/fr\/wp-json\/wp\/v2\/product_tag?post=769"}],"curies":[{"name":"wp","href":"https:\/\/api.w.org\/{rel}","templated":true}]}}