{"id":760,"date":"2024-07-10T14:34:59","date_gmt":"2024-07-10T06:34:59","guid":{"rendered":"https:\/\/boshida.bambooproduct.top\/?post_type=product&#038;p=760"},"modified":"2024-10-28T14:51:36","modified_gmt":"2024-10-28T06:51:36","slug":"biscuit-flow-packing-machine","status":"publish","type":"product","link":"https:\/\/bostarpack.com\/fr\/produit\/machine-demballage-de-biscuits\/","title":{"rendered":"Machine \u00e0 emballer de flux de biscuit"},"content":{"rendered":"<div style=\"width: 856px;\" class=\"wp-video\"><video class=\"wp-video-shortcode\" id=\"video-760-1\" width=\"856\" height=\"480\" preload=\"metadata\" controls=\"controls\"><source type=\"video\/mp4\" src=\"http:\/\/a.bostarpack.com\/wp-content\/uploads\/2024\/07\/Biscuit-Flow-Pack.mp4?_=1\" \/><a href=\"http:\/\/a.bostarpack.com\/wp-content\/uploads\/2024\/07\/Biscuit-Flow-Pack.mp4\">http:\/\/a.bostarpack.com\/wp-content\/uploads\/2024\/07\/Biscuit-Flow-Pack.mp4<\/a><\/video><\/div>\n<p><img loading=\"lazy\" decoding=\"async\" class=\"alignleft wp-image-768 size-full\" src=\"http:\/\/a.bostarpack.com\/wp-content\/uploads\/2024\/07\/\u997c\u5e72\u5305\u88c5\u673a3.jpg\" alt=\"\" width=\"1000\" height=\"686\" srcset=\"https:\/\/bostarpack.com\/wp-content\/uploads\/2024\/07\/\u997c\u5e72\u5305\u88c5\u673a3.jpg 1000w, https:\/\/bostarpack.com\/wp-content\/uploads\/2024\/07\/\u997c\u5e72\u5305\u88c5\u673a3-300x206.jpg 300w, https:\/\/bostarpack.com\/wp-content\/uploads\/2024\/07\/\u997c\u5e72\u5305\u88c5\u673a3-768x527.jpg 768w, https:\/\/bostarpack.com\/wp-content\/uploads\/2024\/07\/\u997c\u5e72\u5305\u88c5\u673a3-18x12.jpg 18w, https:\/\/bostarpack.com\/wp-content\/uploads\/2024\/07\/\u997c\u5e72\u5305\u88c5\u673a3-600x412.jpg 600w\" sizes=\"auto, (max-width: 1000px) 100vw, 1000px\" \/><\/p>\n<p><strong><b>SOLUTION D&#039;EMBALLAGE DE BISCUITS<\/b><\/strong><strong><b>&#8211;<\/b><\/strong><strong><b>BISCUIT <\/b><\/strong><strong><b>COULER<\/b><\/strong><strong><b>\u00a0MACHINE D&#039;EMBALLAGE<\/b><\/strong><\/p>\n<table style=\"height: 596px;\" width=\"644\">\n<tbody>\n<tr>\n<td width=\"42.5000%\">Mod\u00e8le<\/td>\n<td width=\"57.4800%\">BOSS450\/120-X<\/td>\n<\/tr>\n<tr>\n<td width=\"42.5000%\">Largeur du film<\/td>\n<td width=\"57.4800%\">Max.450 (mm)<\/td>\n<\/tr>\n<tr>\n<td width=\"42.5000%\">Vitesse d&#039;emballage<\/td>\n<td width=\"57.4800%\">20-360 (paquets\/min)<\/td>\n<\/tr>\n<tr>\n<td width=\"42.5000%\">Longueur du colis<\/td>\n<td width=\"57.4800%\">80-340 (mm)<\/td>\n<\/tr>\n<tr>\n<td width=\"42.5000%\">Largeur du produit<\/td>\n<td width=\"57.4800%\">20-140 (mm)<\/td>\n<\/tr>\n<tr>\n<td width=\"42.5000%\">Hauteur du produit<\/td>\n<td width=\"57.4800%\">5-40 (mm)<\/td>\n<\/tr>\n<tr>\n<td width=\"42.5000%\">Puissance et tension<\/td>\n<td width=\"57.4800%\">5 kilowatts\u00a0; 220 V 50 Hz<\/td>\n<\/tr>\n<tr>\n<td width=\"42.5000%\">Dimension<\/p>\n<p>L*L*H<\/td>\n<td width=\"57.4800%\">4500*970*1700 (mm)<\/p>\n<p>(peut \u00e9galement \u00eatre personnalis\u00e9)<\/td>\n<\/tr>\n<tr>\n<td width=\"42.5000%\">Poids<\/td>\n<td width=\"57.4800%\">880 (kg)<\/td>\n<\/tr>\n<\/tbody>\n<\/table>\n<p>(Les param\u00e8tres ci-dessus sont uniquement \u00e0 titre de r\u00e9f\u00e9rence. Les param\u00e8tres d\u00e9taill\u00e9s d\u00e9pendent des produits.)<\/p>","protected":false},"excerpt":{"rendered":"<p><strong><b>Caract\u00e9ristiques principales:<\/b><\/strong><\/p>\n<p>Grande vitesse; \u00c9curie; Forme-sac r\u00e9glable\u00a0; Produit multiple<\/p>\n<p>souvenirs, etc<\/p>\n<p><strong><b>Option<\/b><\/strong><strong><b>Al<\/b><\/strong><strong><b>\u00a0<\/b><\/strong><strong><b>Appareil:<\/b><\/strong><\/p>\n<p>Machine \u00e0 sandwichs aux biscuits\u00a0;<\/p>\n<p>Syst\u00e8me d&#039;alimentation automatique\u00a0;<\/p>\n<p>Imprimante de dates<\/p>","protected":false},"featured_media":761,"comment_status":"open","ping_status":"closed","template":"","meta":[],"product_brand":[],"product_cat":[32],"product_tag":[],"class_list":{"0":"post-760","1":"product","2":"type-product","3":"status-publish","4":"has-post-thumbnail","6":"product_cat-biscuits-packing-machine","8":"first","9":"instock","10":"shipping-taxable","11":"product-type-simple"},"_links":{"self":[{"href":"https:\/\/bostarpack.com\/fr\/wp-json\/wp\/v2\/product\/760","targetHints":{"allow":["GET"]}}],"collection":[{"href":"https:\/\/bostarpack.com\/fr\/wp-json\/wp\/v2\/product"}],"about":[{"href":"https:\/\/bostarpack.com\/fr\/wp-json\/wp\/v2\/types\/product"}],"replies":[{"embeddable":true,"href":"https:\/\/bostarpack.com\/fr\/wp-json\/wp\/v2\/comments?post=760"}],"wp:featuredmedia":[{"embeddable":true,"href":"https:\/\/bostarpack.com\/fr\/wp-json\/wp\/v2\/media\/761"}],"wp:attachment":[{"href":"https:\/\/bostarpack.com\/fr\/wp-json\/wp\/v2\/media?parent=760"}],"wp:term":[{"taxonomy":"product_brand","embeddable":true,"href":"https:\/\/bostarpack.com\/fr\/wp-json\/wp\/v2\/product_brand?post=760"},{"taxonomy":"product_cat","embeddable":true,"href":"https:\/\/bostarpack.com\/fr\/wp-json\/wp\/v2\/product_cat?post=760"},{"taxonomy":"product_tag","embeddable":true,"href":"https:\/\/bostarpack.com\/fr\/wp-json\/wp\/v2\/product_tag?post=760"}],"curies":[{"name":"wp","href":"https:\/\/api.w.org\/{rel}","templated":true}]}}