{"id":751,"date":"2024-07-10T14:04:09","date_gmt":"2024-07-10T06:04:09","guid":{"rendered":"https:\/\/boshida.bambooproduct.top\/?post_type=product&#038;p=751"},"modified":"2024-10-28T14:52:48","modified_gmt":"2024-10-28T06:52:48","slug":"rice-noodle-group-packing-machine","status":"publish","type":"product","link":"https:\/\/bostarpack.com\/fr\/produit\/machine-demballage-de-groupes-de-nouilles-de-riz\/","title":{"rendered":"Machine d&#039;emballage de groupe de nouilles de riz"},"content":{"rendered":"<div style=\"width: 856px;\" class=\"wp-video\"><video class=\"wp-video-shortcode\" id=\"video-751-1\" width=\"856\" height=\"480\" preload=\"metadata\" controls=\"controls\"><source type=\"video\/mp4\" src=\"http:\/\/a.bostarpack.com\/wp-content\/uploads\/2024\/07\/Rice-Noodle-Group-Pack.mp4?_=1\" \/><a href=\"http:\/\/a.bostarpack.com\/wp-content\/uploads\/2024\/07\/Rice-Noodle-Group-Pack.mp4\">http:\/\/a.bostarpack.com\/wp-content\/uploads\/2024\/07\/Rice-Noodle-Group-Pack.mp4<\/a><\/video><\/div>\n<p><img loading=\"lazy\" decoding=\"async\" class=\"alignleft wp-image-757 size-full\" src=\"http:\/\/a.bostarpack.com\/wp-content\/uploads\/2024\/07\/\u7c73\u7c89\u5305\u88c5\u673a\u8be6\u60c5.jpg\" alt=\"\" width=\"1000\" height=\"638\" srcset=\"https:\/\/bostarpack.com\/wp-content\/uploads\/2024\/07\/\u7c73\u7c89\u5305\u88c5\u673a\u8be6\u60c5.jpg 1000w, https:\/\/bostarpack.com\/wp-content\/uploads\/2024\/07\/\u7c73\u7c89\u5305\u88c5\u673a\u8be6\u60c5-300x191.jpg 300w, https:\/\/bostarpack.com\/wp-content\/uploads\/2024\/07\/\u7c73\u7c89\u5305\u88c5\u673a\u8be6\u60c5-768x490.jpg 768w, https:\/\/bostarpack.com\/wp-content\/uploads\/2024\/07\/\u7c73\u7c89\u5305\u88c5\u673a\u8be6\u60c5-18x12.jpg 18w, https:\/\/bostarpack.com\/wp-content\/uploads\/2024\/07\/\u7c73\u7c89\u5305\u88c5\u673a\u8be6\u60c5-600x383.jpg 600w\" sizes=\"auto, (max-width: 1000px) 100vw, 1000px\" \/><\/p>\n<p><strong><b>PACK MULTIPLE DE NOUILLES DE RIZ<\/b><\/strong><\/p>\n<table style=\"height: 594px;\" width=\"612\">\n<tbody>\n<tr>\n<td width=\"42.5000%\">Mod\u00e8le<\/td>\n<td width=\"57.4800%\">BOSW590\/120-PF<\/td>\n<\/tr>\n<tr>\n<td width=\"42.5000%\">Largeur du film<\/td>\n<td width=\"57.4800%\">Max.590 (mm)<\/td>\n<\/tr>\n<tr>\n<td width=\"42.5000%\">Vitesse d&#039;emballage<\/td>\n<td width=\"57.4800%\">20-100 (paquets\/min)<\/td>\n<\/tr>\n<tr>\n<td width=\"42.5000%\">Longueur du colis<\/td>\n<td width=\"57.4800%\">140-600 (mm)<\/td>\n<\/tr>\n<tr>\n<td width=\"42.5000%\">Largeur du produit<\/td>\n<td width=\"57.4800%\">50-220 (mm)<\/td>\n<\/tr>\n<tr>\n<td width=\"42.5000%\">Hauteur du produit<\/td>\n<td width=\"57.4800%\">5-120 (mm)<\/td>\n<\/tr>\n<tr>\n<td width=\"42.5000%\">Puissance et tension<\/td>\n<td width=\"57.4800%\">5,7 kW ; 220 V 50 Hz<\/td>\n<\/tr>\n<tr>\n<td width=\"42.5000%\">Dimension<\/p>\n<p>L*L*H<\/td>\n<td width=\"57.4800%\">6300*1220*1800<\/p>\n<p>(peut \u00e9galement \u00eatre personnalis\u00e9)<\/td>\n<\/tr>\n<tr>\n<td width=\"42.5000%\">Poids<\/td>\n<td width=\"57.4800%\">1450 (kg)<\/td>\n<\/tr>\n<\/tbody>\n<\/table>\n<p>(Les param\u00e8tres ci-dessus sont fournis \u00e0 titre indicatif uniquement.<\/p>\n<p>(Les param\u00e8tres d\u00e9taill\u00e9s sont fonction des produits.)<\/p>\n<p>&nbsp;<\/p>","protected":false},"excerpt":{"rendered":"<p><strong><b>Caract\u00e9ristiques principales:<\/b><\/strong><\/p>\n<p>Convoyeur personnalis\u00e9; Formeur de sacs r\u00e9glable; M\u00e9moires de produits multiples, etc.<\/p>","protected":false},"featured_media":752,"comment_status":"open","ping_status":"closed","template":"","meta":[],"product_brand":[],"product_cat":[18],"product_tag":[],"class_list":{"0":"post-751","1":"product","2":"type-product","3":"status-publish","4":"has-post-thumbnail","6":"product_cat-instant-noodles-packing-machine","8":"first","9":"instock","10":"shipping-taxable","11":"product-type-simple"},"_links":{"self":[{"href":"https:\/\/bostarpack.com\/fr\/wp-json\/wp\/v2\/product\/751","targetHints":{"allow":["GET"]}}],"collection":[{"href":"https:\/\/bostarpack.com\/fr\/wp-json\/wp\/v2\/product"}],"about":[{"href":"https:\/\/bostarpack.com\/fr\/wp-json\/wp\/v2\/types\/product"}],"replies":[{"embeddable":true,"href":"https:\/\/bostarpack.com\/fr\/wp-json\/wp\/v2\/comments?post=751"}],"wp:featuredmedia":[{"embeddable":true,"href":"https:\/\/bostarpack.com\/fr\/wp-json\/wp\/v2\/media\/752"}],"wp:attachment":[{"href":"https:\/\/bostarpack.com\/fr\/wp-json\/wp\/v2\/media?parent=751"}],"wp:term":[{"taxonomy":"product_brand","embeddable":true,"href":"https:\/\/bostarpack.com\/fr\/wp-json\/wp\/v2\/product_brand?post=751"},{"taxonomy":"product_cat","embeddable":true,"href":"https:\/\/bostarpack.com\/fr\/wp-json\/wp\/v2\/product_cat?post=751"},{"taxonomy":"product_tag","embeddable":true,"href":"https:\/\/bostarpack.com\/fr\/wp-json\/wp\/v2\/product_tag?post=751"}],"curies":[{"name":"wp","href":"https:\/\/api.w.org\/{rel}","templated":true}]}}