{"id":729,"date":"2024-07-10T10:44:34","date_gmt":"2024-07-10T02:44:34","guid":{"rendered":"https:\/\/boshida.bambooproduct.top\/?post_type=product&#038;p=729"},"modified":"2024-10-28T14:55:42","modified_gmt":"2024-10-28T06:55:42","slug":"instant-noodle-group-packing-manchine","status":"publish","type":"product","link":"https:\/\/bostarpack.com\/fr\/produit\/machine-demballage-de-groupes-de-nouilles-instantanees\/","title":{"rendered":"Machine d&#039;emballage de groupe de nouilles instantan\u00e9es"},"content":{"rendered":"<div style=\"width: 720px;\" class=\"wp-video\"><video class=\"wp-video-shortcode\" id=\"video-729-1\" width=\"720\" height=\"480\" preload=\"metadata\" controls=\"controls\"><source type=\"video\/mp4\" src=\"http:\/\/a.bostarpack.com\/wp-content\/uploads\/2024\/07\/1.2-Instant-Noodle-Group-Pack.mp4?_=1\" \/><a href=\"http:\/\/a.bostarpack.com\/wp-content\/uploads\/2024\/07\/1.2-Instant-Noodle-Group-Pack.mp4\">http:\/\/a.bostarpack.com\/wp-content\/uploads\/2024\/07\/1.2-Instant-Noodle-Group-Pack.mp4<\/a><\/video><\/div>\n<p><img loading=\"lazy\" decoding=\"async\" class=\"alignleft wp-image-737 size-full\" src=\"http:\/\/a.bostarpack.com\/wp-content\/uploads\/2024\/07\/\u65b9\u4fbf\u9762\u5305\u88c5\u673a-1.jpg\" alt=\"\" width=\"1000\" height=\"562\" srcset=\"https:\/\/bostarpack.com\/wp-content\/uploads\/2024\/07\/\u65b9\u4fbf\u9762\u5305\u88c5\u673a-1.jpg 1000w, https:\/\/bostarpack.com\/wp-content\/uploads\/2024\/07\/\u65b9\u4fbf\u9762\u5305\u88c5\u673a-1-300x169.jpg 300w, https:\/\/bostarpack.com\/wp-content\/uploads\/2024\/07\/\u65b9\u4fbf\u9762\u5305\u88c5\u673a-1-768x432.jpg 768w, https:\/\/bostarpack.com\/wp-content\/uploads\/2024\/07\/\u65b9\u4fbf\u9762\u5305\u88c5\u673a-1-18x10.jpg 18w, https:\/\/bostarpack.com\/wp-content\/uploads\/2024\/07\/\u65b9\u4fbf\u9762\u5305\u88c5\u673a-1-600x337.jpg 600w\" sizes=\"auto, (max-width: 1000px) 100vw, 1000px\" \/><\/p>\n<p><strong><b>SOLUTION D&#039;EMBALLAGE DE NOUILLES<\/b><\/strong><strong><b>-NOUILLES INSTANTAN\u00c9ES <\/b><\/strong><strong><b>MULTI<\/b><\/strong><strong><b>\u00a0PAQUET<\/b><\/strong><\/p>\n<table style=\"height: 667px;\" width=\"671\">\n<tbody>\n<tr>\n<td width=\"42.5000%\">Mod\u00e8le<\/td>\n<td width=\"57.4800%\">BOSW720<\/td>\n<\/tr>\n<tr>\n<td width=\"42.5000%\">Largeur du film<\/td>\n<td width=\"57.4800%\">Max. 720 (mm)<\/td>\n<\/tr>\n<tr>\n<td width=\"42.5000%\">Vitesse d&#039;emballage<\/td>\n<td width=\"57.4800%\">20-100 (paquets\/min)<\/td>\n<\/tr>\n<tr>\n<td width=\"42.5000%\">Longueur du colis<\/td>\n<td width=\"57.4800%\">180-600 (mm)<\/td>\n<\/tr>\n<tr>\n<td width=\"42.5000%\">Largeur du produit<\/td>\n<td width=\"57.4800%\">40-320 (mm)<\/td>\n<\/tr>\n<tr>\n<td width=\"42.5000%\">Hauteur du produit<\/td>\n<td width=\"57.4800%\">5-160 (mm)<\/td>\n<\/tr>\n<tr>\n<td width=\"42.5000%\">Puissance et tension<\/td>\n<td width=\"57.4800%\">6,5 kW\u00a0; 220 V 50 Hz<\/td>\n<\/tr>\n<tr>\n<td width=\"42.5000%\">Dimension<\/p>\n<p>L*L*H<\/td>\n<td width=\"57.4800%\">6300*1400*1900 (mm)<\/p>\n<p>(peut \u00e9galement \u00eatre personnalis\u00e9)<\/td>\n<\/tr>\n<tr>\n<td width=\"42.5000%\">Capacit\u00e9 a\u00e9rienne<\/td>\n<td width=\"57.4800%\">0,6 Mpa, 1,5 m\u00b3\/min<\/td>\n<\/tr>\n<tr>\n<td width=\"42.5000%\">Poids<\/td>\n<td width=\"57.4800%\">1500 (kg)<\/td>\n<\/tr>\n<\/tbody>\n<\/table>\n<p><strong><b>\u00a0<\/b><\/strong>(Les param\u00e8tres ci-dessus sont uniquement \u00e0 titre de r\u00e9f\u00e9rence. Les param\u00e8tres d\u00e9taill\u00e9s d\u00e9pendent des produits.)<\/p>","protected":false},"excerpt":{"rendered":"<p><strong><b>Caract\u00e9ristiques principales:<\/b><\/strong><\/p>\n<p>Film par le bas ; Scellant d&#039;extr\u00e9mit\u00e9 de mouvement de bo\u00eete ; Comprend un dispositif de pouss\u00e9e ;<\/p>\n<p>Type de poin\u00e7onnage optionnel; Formeur de sac r\u00e9glable; Produit multiple<\/p>\n<p>souvenirs, etc<\/p>\n<p><strong><b>Option<\/b><\/strong><strong><b>Al<\/b><\/strong><strong><b>\u00a0<\/b><\/strong><strong><b>Appareil:<\/b><\/strong><\/p>\n<p>\u00c9pisseur de film automatique;<\/p>\n<p>Perforateur;<\/p>\n<p>Imprimante de dates<\/p>","protected":false},"featured_media":730,"comment_status":"open","ping_status":"closed","template":"","meta":[],"product_brand":[],"product_cat":[18,36],"product_tag":[],"class_list":{"0":"post-729","1":"product","2":"type-product","3":"status-publish","4":"has-post-thumbnail","6":"product_cat-instant-noodles-packing-machine","7":"product_cat-multipack-packaging-machine","9":"first","10":"instock","11":"shipping-taxable","12":"product-type-simple"},"_links":{"self":[{"href":"https:\/\/bostarpack.com\/fr\/wp-json\/wp\/v2\/product\/729","targetHints":{"allow":["GET"]}}],"collection":[{"href":"https:\/\/bostarpack.com\/fr\/wp-json\/wp\/v2\/product"}],"about":[{"href":"https:\/\/bostarpack.com\/fr\/wp-json\/wp\/v2\/types\/product"}],"replies":[{"embeddable":true,"href":"https:\/\/bostarpack.com\/fr\/wp-json\/wp\/v2\/comments?post=729"}],"wp:featuredmedia":[{"embeddable":true,"href":"https:\/\/bostarpack.com\/fr\/wp-json\/wp\/v2\/media\/730"}],"wp:attachment":[{"href":"https:\/\/bostarpack.com\/fr\/wp-json\/wp\/v2\/media?parent=729"}],"wp:term":[{"taxonomy":"product_brand","embeddable":true,"href":"https:\/\/bostarpack.com\/fr\/wp-json\/wp\/v2\/product_brand?post=729"},{"taxonomy":"product_cat","embeddable":true,"href":"https:\/\/bostarpack.com\/fr\/wp-json\/wp\/v2\/product_cat?post=729"},{"taxonomy":"product_tag","embeddable":true,"href":"https:\/\/bostarpack.com\/fr\/wp-json\/wp\/v2\/product_tag?post=729"}],"curies":[{"name":"wp","href":"https:\/\/api.w.org\/{rel}","templated":true}]}}