{"id":285,"date":"2024-06-27T18:49:33","date_gmt":"2024-06-27T10:49:33","guid":{"rendered":"https:\/\/boshida.bambooproduct.top\/?post_type=product&#038;p=285"},"modified":"2024-10-28T14:59:15","modified_gmt":"2024-10-28T06:59:15","slug":"burger-buns-single-packing-machine","status":"publish","type":"product","link":"https:\/\/bostarpack.com\/fr\/produit\/machine-demballage-individuelle-de-petits-pains-pour-hamburgers\/","title":{"rendered":"Machine \u00e0 emballer simple de hamburger"},"content":{"rendered":"<div style=\"width: 1280px;\" class=\"wp-video\"><video class=\"wp-video-shortcode\" id=\"video-285-1\" width=\"1280\" height=\"720\" preload=\"metadata\" controls=\"controls\"><source type=\"video\/mp4\" src=\"http:\/\/a.bostarpack.com\/wp-content\/uploads\/2024\/06\/Burger-Single-Pack.mp4?_=1\" \/><a href=\"http:\/\/a.bostarpack.com\/wp-content\/uploads\/2024\/06\/Burger-Single-Pack.mp4\">http:\/\/a.bostarpack.com\/wp-content\/uploads\/2024\/06\/Burger-Single-Pack.mp4<\/a><\/video><\/div>\n<p><strong><b>SOLUTION D&#039;EMBALLAGE DE BURGERS<\/b><\/strong><strong><b>-PACK INDIVIDUEL DE BURGER<\/b><\/strong><\/p>\n<p><img loading=\"lazy\" decoding=\"async\" class=\"alignleft wp-image-692 size-full\" src=\"http:\/\/a.bostarpack.com\/wp-content\/uploads\/2024\/06\/\u5355\u4e2a\u6c49\u5821\u8be6\u60c5\u56fe.jpg\" alt=\"\" width=\"1000\" height=\"800\" srcset=\"https:\/\/bostarpack.com\/wp-content\/uploads\/2024\/06\/\u5355\u4e2a\u6c49\u5821\u8be6\u60c5\u56fe.jpg 1000w, https:\/\/bostarpack.com\/wp-content\/uploads\/2024\/06\/\u5355\u4e2a\u6c49\u5821\u8be6\u60c5\u56fe-300x240.jpg 300w, https:\/\/bostarpack.com\/wp-content\/uploads\/2024\/06\/\u5355\u4e2a\u6c49\u5821\u8be6\u60c5\u56fe-768x614.jpg 768w, https:\/\/bostarpack.com\/wp-content\/uploads\/2024\/06\/\u5355\u4e2a\u6c49\u5821\u8be6\u60c5\u56fe-15x12.jpg 15w, https:\/\/bostarpack.com\/wp-content\/uploads\/2024\/06\/\u5355\u4e2a\u6c49\u5821\u8be6\u60c5\u56fe-600x480.jpg 600w\" sizes=\"auto, (max-width: 1000px) 100vw, 1000px\" \/><\/p>\n<p>&nbsp;<\/p>\n<table style=\"height: 265px;\" width=\"782\">\n<tbody>\n<tr>\n<td width=\"148\">Mod\u00e8le<\/td>\n<td width=\"185\">BOSS450\/132-S<\/td>\n<\/tr>\n<tr>\n<td>Largeur du film<\/td>\n<td>Max.450 (mm)<\/td>\n<\/tr>\n<tr>\n<td>Vitesse d&#039;emballage<\/td>\n<td>20-160 (paquets\/min)<\/td>\n<\/tr>\n<tr>\n<td>Longueur du colis<\/td>\n<td>95-450 (mm)<\/td>\n<\/tr>\n<tr>\n<td>Largeur du produit<\/td>\n<td>20-140 (mm)<\/td>\n<\/tr>\n<tr>\n<td>Hauteur du produit<\/td>\n<td>5-70 (mm)<\/td>\n<\/tr>\n<tr>\n<td>Puissance et tension<\/td>\n<td>5\u00a0kW\u00a0; 220\u00a0V\u00a050\u00a0Hz<\/td>\n<\/tr>\n<tr>\n<td width=\"148\">Dimension<br \/>\nL*L*H<\/td>\n<td>4500*970*1700 (mm)<br \/>\n(peut \u00e9galement \u00eatre personnalis\u00e9)<\/td>\n<\/tr>\n<tr>\n<td>Poids<\/td>\n<td>880 (kg)<\/td>\n<\/tr>\n<\/tbody>\n<\/table>\n<p>(Les param\u00e8tres ci-dessus sont uniquement \u00e0 titre de r\u00e9f\u00e9rence. Les param\u00e8tres d\u00e9taill\u00e9s d\u00e9pendent des produits.)<\/p>","protected":false},"excerpt":{"rendered":"<p><strong><b>Application: <\/b><\/strong><\/p>\n<p>Principalement pour l&#039;emballage de petits pains \u00e0 hamburger, de hot-dogs et de pain individuels.<\/p>\n<p><strong><b>\u00a0<\/b><\/strong><\/p>\n<p><strong><b>Caract\u00e9ristiques principales<\/b><\/strong><\/p>\n<p>Haute vitesse; Formeur de sacs r\u00e9glable; M\u00e9moires de produits multiples, etc.<\/p>\n<p><strong><b>\u00a0<\/b><\/strong><\/p>\n<p><strong><b>Option<\/b><\/strong><strong><b>Al<\/b><\/strong><strong><b>\u00a0<\/b><\/strong><strong><b>Appareil<\/b><\/strong><\/p>\n<p>Trancheuse \u00e0 lame unique<\/p>\n<p>Trancheuse \u00e0 double lame<\/p>\n<p>Distributeur automatique<\/p>\n<p>Dispositif de remplissage d&#039;azote<\/p>\n<p>Syst\u00e8me d&#039;alimentation automatique<\/p>\n<p>Imprimante de dates<\/p>","protected":false},"featured_media":681,"comment_status":"open","ping_status":"closed","template":"","meta":[],"product_brand":[],"product_cat":[19],"product_tag":[],"class_list":{"0":"post-285","1":"product","2":"type-product","3":"status-publish","4":"has-post-thumbnail","6":"product_cat-burger-buns-packing-machine","8":"first","9":"instock","10":"shipping-taxable","11":"product-type-simple"},"_links":{"self":[{"href":"https:\/\/bostarpack.com\/fr\/wp-json\/wp\/v2\/product\/285","targetHints":{"allow":["GET"]}}],"collection":[{"href":"https:\/\/bostarpack.com\/fr\/wp-json\/wp\/v2\/product"}],"about":[{"href":"https:\/\/bostarpack.com\/fr\/wp-json\/wp\/v2\/types\/product"}],"replies":[{"embeddable":true,"href":"https:\/\/bostarpack.com\/fr\/wp-json\/wp\/v2\/comments?post=285"}],"wp:featuredmedia":[{"embeddable":true,"href":"https:\/\/bostarpack.com\/fr\/wp-json\/wp\/v2\/media\/681"}],"wp:attachment":[{"href":"https:\/\/bostarpack.com\/fr\/wp-json\/wp\/v2\/media?parent=285"}],"wp:term":[{"taxonomy":"product_brand","embeddable":true,"href":"https:\/\/bostarpack.com\/fr\/wp-json\/wp\/v2\/product_brand?post=285"},{"taxonomy":"product_cat","embeddable":true,"href":"https:\/\/bostarpack.com\/fr\/wp-json\/wp\/v2\/product_cat?post=285"},{"taxonomy":"product_tag","embeddable":true,"href":"https:\/\/bostarpack.com\/fr\/wp-json\/wp\/v2\/product_tag?post=285"}],"curies":[{"name":"wp","href":"https:\/\/api.w.org\/{rel}","templated":true}]}}