{"id":192,"date":"2024-06-25T15:17:45","date_gmt":"2024-06-25T07:17:45","guid":{"rendered":"https:\/\/boshida.bambooproduct.top\/?post_type=product&#038;p=192"},"modified":"2024-10-28T15:00:12","modified_gmt":"2024-10-28T07:00:12","slug":"easy-to-operate-automatic-horizontal-pillow-high-productivity-instant-noodle-packaging-machine-for-restaurant","status":"publish","type":"product","link":"https:\/\/bostarpack.com\/fr\/produit\/machine-demballage-de-nouilles-instantanees-a-coussin-horizontal-automatique-facile-a-utiliser-et-a-haute-productivite-pour-restaurant\/","title":{"rendered":"Machine d&#039;emballage unique de nouilles instantan\u00e9es"},"content":{"rendered":"<div style=\"width: 854px;\" class=\"wp-video\"><video class=\"wp-video-shortcode\" id=\"video-192-1\" width=\"854\" height=\"480\" preload=\"metadata\" controls=\"controls\"><source type=\"video\/mp4\" src=\"http:\/\/a.bostarpack.com\/wp-content\/uploads\/2024\/06\/Instant-Noodle-Single-Pack-1-8.9\u65e5\u4fee\u6539.mp4?_=1\" \/><a href=\"http:\/\/a.bostarpack.com\/wp-content\/uploads\/2024\/06\/Instant-Noodle-Single-Pack-1-8.9\u65e5\u4fee\u6539.mp4\">http:\/\/a.bostarpack.com\/wp-content\/uploads\/2024\/06\/Instant-Noodle-Single-Pack-1-8.9\u65e5\u4fee\u6539.mp4<\/a><\/video><\/div>\n<div style=\"width: 854px;\" class=\"wp-video\"><video class=\"wp-video-shortcode\" id=\"video-192-2\" width=\"854\" height=\"480\" preload=\"metadata\" controls=\"controls\"><source type=\"video\/mp4\" src=\"http:\/\/a.bostarpack.com\/wp-content\/uploads\/2024\/06\/Instant-Noodle-Single-Pack-2-8.9\u65e5\u4fee\u6539.mp4?_=2\" \/><a href=\"http:\/\/a.bostarpack.com\/wp-content\/uploads\/2024\/06\/Instant-Noodle-Single-Pack-2-8.9\u65e5\u4fee\u6539.mp4\">http:\/\/a.bostarpack.com\/wp-content\/uploads\/2024\/06\/Instant-Noodle-Single-Pack-2-8.9\u65e5\u4fee\u6539.mp4<\/a><\/video><\/div>\n<p><img loading=\"lazy\" decoding=\"async\" class=\"alignleft wp-image-759 size-full\" src=\"http:\/\/a.bostarpack.com\/wp-content\/uploads\/2024\/06\/\u5355\u4e2a\u65b9\u4fbf\u9762\u5305\u88c5\u673a\u8be6\u60c5.jpg\" alt=\"\" width=\"1000\" height=\"658\" srcset=\"https:\/\/bostarpack.com\/wp-content\/uploads\/2024\/06\/\u5355\u4e2a\u65b9\u4fbf\u9762\u5305\u88c5\u673a\u8be6\u60c5.jpg 1000w, https:\/\/bostarpack.com\/wp-content\/uploads\/2024\/06\/\u5355\u4e2a\u65b9\u4fbf\u9762\u5305\u88c5\u673a\u8be6\u60c5-300x197.jpg 300w, https:\/\/bostarpack.com\/wp-content\/uploads\/2024\/06\/\u5355\u4e2a\u65b9\u4fbf\u9762\u5305\u88c5\u673a\u8be6\u60c5-768x505.jpg 768w, https:\/\/bostarpack.com\/wp-content\/uploads\/2024\/06\/\u5355\u4e2a\u65b9\u4fbf\u9762\u5305\u88c5\u673a\u8be6\u60c5-18x12.jpg 18w, https:\/\/bostarpack.com\/wp-content\/uploads\/2024\/06\/\u5355\u4e2a\u65b9\u4fbf\u9762\u5305\u88c5\u673a\u8be6\u60c5-600x395.jpg 600w\" sizes=\"auto, (max-width: 1000px) 100vw, 1000px\" \/><\/p>\n<p><strong><b>INSTANTAN\u00c9 <\/b><\/strong><strong><b>SOLUTION D&#039;EMBALLAGE DE NOUILLES<\/b><\/strong><strong><b>-PACK INDIVIDUEL DE NOUILLES INSTANTAN\u00c9ES<\/b><\/strong><\/p>\n<table style=\"height: 586px;\" width=\"637\">\n<tbody>\n<tr>\n<td width=\"42.5000%\">Mod\u00e8le<\/td>\n<td width=\"57.4800%\">BOSS450\/120-S<\/td>\n<\/tr>\n<tr>\n<td width=\"42.5000%\">Largeur du film<\/td>\n<td width=\"57.4800%\">Max.450 (mm)<\/td>\n<\/tr>\n<tr>\n<td width=\"42.5000%\">Vitesse d&#039;emballage<\/td>\n<td width=\"57.4800%\">20-240 (paquets\/min)<\/td>\n<\/tr>\n<tr>\n<td width=\"42.5000%\">Longueur du colis<\/td>\n<td width=\"57.4800%\">90-370 (mm)<\/td>\n<\/tr>\n<tr>\n<td width=\"42.5000%\">Largeur du produit<\/td>\n<td width=\"57.4800%\">20-140 (mm)<\/td>\n<\/tr>\n<tr>\n<td width=\"42.5000%\">Hauteur du produit<\/td>\n<td width=\"57.4800%\">5-60 (mm)<\/td>\n<\/tr>\n<tr>\n<td width=\"42.5000%\">Puissance et tension<\/td>\n<td width=\"57.4800%\">5\u00a0kW\u00a0; 220\u00a0V\u00a050\u00a0Hz<\/td>\n<\/tr>\n<tr>\n<td width=\"42.5000%\">Dimension<\/p>\n<p>L*L*H<\/td>\n<td width=\"57.4800%\">4500*970*1700 (mm)<\/p>\n<p>(peut \u00e9galement \u00eatre personnalis\u00e9)<\/td>\n<\/tr>\n<tr>\n<td width=\"42.5000%\">Poids<\/td>\n<td width=\"57.4800%\">880 (kg)<\/td>\n<\/tr>\n<\/tbody>\n<\/table>\n<p>(Les param\u00e8tres ci-dessus sont uniquement \u00e0 titre de r\u00e9f\u00e9rence. Les param\u00e8tres d\u00e9taill\u00e9s d\u00e9pendent des produits.)<\/p>","protected":false},"excerpt":{"rendered":"<p><strong><b>Caract\u00e9ristiques principales:<\/b><\/strong><\/p>\n<p>Haute vitesse; Stable; Formeur de sacs r\u00e9glable;<\/p>\n<p>M\u00e9moires de produits multiples, etc.<\/p>\n<p>&nbsp;<\/p>\n<p><strong><b>Option<\/b><\/strong><strong><b>Al<\/b><\/strong><strong><b>\u00a0<\/b><\/strong><strong><b>Appareil:<\/b><\/strong><\/p>\n<p>D\u00e9coupeuse automatique de film<\/p>\n<p>Distributeur automatique<\/p>\n<p>Couche de pochette automatique<\/p>\n<p>Alimentateur automatique en quatre \u00e9tapes<\/p>\n<p>Imprimante de dates<\/p>","protected":false},"featured_media":758,"comment_status":"open","ping_status":"closed","template":"","meta":[],"product_brand":[],"product_cat":[18],"product_tag":[],"class_list":{"0":"post-192","1":"product","2":"type-product","3":"status-publish","4":"has-post-thumbnail","6":"product_cat-instant-noodles-packing-machine","8":"first","9":"instock","10":"shipping-taxable","11":"product-type-simple"},"_links":{"self":[{"href":"https:\/\/bostarpack.com\/fr\/wp-json\/wp\/v2\/product\/192","targetHints":{"allow":["GET"]}}],"collection":[{"href":"https:\/\/bostarpack.com\/fr\/wp-json\/wp\/v2\/product"}],"about":[{"href":"https:\/\/bostarpack.com\/fr\/wp-json\/wp\/v2\/types\/product"}],"replies":[{"embeddable":true,"href":"https:\/\/bostarpack.com\/fr\/wp-json\/wp\/v2\/comments?post=192"}],"wp:featuredmedia":[{"embeddable":true,"href":"https:\/\/bostarpack.com\/fr\/wp-json\/wp\/v2\/media\/758"}],"wp:attachment":[{"href":"https:\/\/bostarpack.com\/fr\/wp-json\/wp\/v2\/media?parent=192"}],"wp:term":[{"taxonomy":"product_brand","embeddable":true,"href":"https:\/\/bostarpack.com\/fr\/wp-json\/wp\/v2\/product_brand?post=192"},{"taxonomy":"product_cat","embeddable":true,"href":"https:\/\/bostarpack.com\/fr\/wp-json\/wp\/v2\/product_cat?post=192"},{"taxonomy":"product_tag","embeddable":true,"href":"https:\/\/bostarpack.com\/fr\/wp-json\/wp\/v2\/product_tag?post=192"}],"curies":[{"name":"wp","href":"https:\/\/api.w.org\/{rel}","templated":true}]}}