{"id":1133,"date":"2024-07-12T14:02:21","date_gmt":"2024-07-12T06:02:21","guid":{"rendered":"https:\/\/boshida.bambooproduct.top\/?post_type=product&#038;p=1133"},"modified":"2024-07-17T19:02:37","modified_gmt":"2024-07-17T11:02:37","slug":"four-stage-auto-feeder","status":"publish","type":"product","link":"https:\/\/bostarpack.com\/fr\/produit\/alimentateur-automatique-a-quatre-etages\/","title":{"rendered":"Alimentateur automatique en quatre \u00e9tapes"},"content":{"rendered":"<p><img loading=\"lazy\" decoding=\"async\" class=\"alignleft wp-image-1135 size-full\" src=\"http:\/\/boshida3.hyhdemo.top\/wp-content\/uploads\/2024\/07\/Four-stage-Auto-Feeder-2.jpg\" alt=\"\" width=\"1000\" height=\"800\" srcset=\"https:\/\/bostarpack.com\/wp-content\/uploads\/2024\/07\/Four-stage-Auto-Feeder-2.jpg 1000w, https:\/\/bostarpack.com\/wp-content\/uploads\/2024\/07\/Four-stage-Auto-Feeder-2-300x240.jpg 300w, https:\/\/bostarpack.com\/wp-content\/uploads\/2024\/07\/Four-stage-Auto-Feeder-2-768x614.jpg 768w, https:\/\/bostarpack.com\/wp-content\/uploads\/2024\/07\/Four-stage-Auto-Feeder-2-15x12.jpg 15w, https:\/\/bostarpack.com\/wp-content\/uploads\/2024\/07\/Four-stage-Auto-Feeder-2-600x480.jpg 600w\" sizes=\"auto, (max-width: 1000px) 100vw, 1000px\" \/><\/p>\n<p><strong><em><u>Caract\u00e9ristiques principales de<\/u><\/em><\/strong><strong><em><u>\u00a0<\/u><\/em><\/strong><strong><em><u>Auto<\/u><\/em><\/strong><strong><em><u>\u00a0machine d&#039;alimentation:<\/u><\/em><\/strong><\/p>\n<ul>\n<li>Le chargeur automatique peut r\u00e9duire le travail et l&#039;intensit\u00e9 du travail.<\/li>\n<li>Avec un chargeur automatique en quatre parties, la ligne de production est connect\u00e9e automatiquement \u00e0 la machine d&#039;emballage.<\/li>\n<li>Vitesse d&#039;alimentation automatique en fonction de la capacit\u00e9 de production.<\/li>\n<li>Le chargeur automatique peut transformer le mat\u00e9riau en ligne, automatiquement.<\/li>\n<li>PLC ind\u00e9pendant<\/li>\n<li>\u00c9cran tactile ind\u00e9pendant<\/li>\n<li><b><\/b><strong><b>Panasonic <\/b><\/strong><strong><b>Contr\u00f4l\u00e9 par servomoteur<\/b><\/strong>,Onduleur Danfoss<\/li>\n<li>Consommation \u00e9lectrique : monophas\u00e9 220 V, 50 Hz, 2,8 kW<\/li>\n<li>Surface au sol : (L) 2000*(l) 600*(H) 1050<\/li>\n<li>Poids de la machine : 235 kg<\/li>\n<li>Emballage standard en caisse en bois pour exportation<\/li>\n<\/ul>","protected":false},"excerpt":{"rendered":"<p><strong><em><u>Caract\u00e9ristiques principales de<\/u><\/em><\/strong><strong><em><u>\u00a0<\/u><\/em><\/strong><strong><em><u>Auto<\/u><\/em><\/strong><strong><em><u>\u00a0machine d&#039;alimentation:<\/u><\/em><\/strong><\/p>\n<p>* Le chargeur automatique peut r\u00e9duire le travail et l&#039;intensit\u00e9 du travail.<\/p>\n<p>* Avec un alimentateur automatique \u00e0 quatre pi\u00e8ces, une ligne de production connect\u00e9e \u00e0<\/p>\n<p>machine d&#039;emballage automatique.<\/p>\n<p>* Vitesse d&#039;alimentation automatique en fonction de la capacit\u00e9 de production.<\/p>\n<p>* Le chargeur automatique peut transformer le mat\u00e9riau en ligne, automatiquement.<\/p>\n<p>* PLC ind\u00e9pendant<\/p>\n<p>* \u00c9cran tactile ind\u00e9pendant<\/p>\n<p><b><\/b><strong><b>*Panasonic <\/b><\/strong><strong><b>Contr\u00f4l\u00e9 par servomoteur<\/b><\/strong>,Onduleur Danfoss<\/p>\n<p>* Consommation \u00e9lectrique : 1 phase 220 V, 50 Hz, 2,8 kW<\/p>\n<p>* Surface au sol : (L) 2000*(l) 600*(H) 1050<\/p>\n<p>* Poids de la machine : 235 kg<\/p>\n<p>* Emballage standard en caisse en bois pour exportation<\/p>\n<p>&nbsp;<\/p>","protected":false},"featured_media":1134,"comment_status":"open","ping_status":"closed","template":"","meta":[],"product_brand":[],"product_cat":[39],"product_tag":[],"class_list":{"0":"post-1133","1":"product","2":"type-product","3":"status-publish","4":"has-post-thumbnail","6":"product_cat-optional-devices","8":"first","9":"instock","10":"shipping-taxable","11":"product-type-simple"},"_links":{"self":[{"href":"https:\/\/bostarpack.com\/fr\/wp-json\/wp\/v2\/product\/1133","targetHints":{"allow":["GET"]}}],"collection":[{"href":"https:\/\/bostarpack.com\/fr\/wp-json\/wp\/v2\/product"}],"about":[{"href":"https:\/\/bostarpack.com\/fr\/wp-json\/wp\/v2\/types\/product"}],"replies":[{"embeddable":true,"href":"https:\/\/bostarpack.com\/fr\/wp-json\/wp\/v2\/comments?post=1133"}],"wp:featuredmedia":[{"embeddable":true,"href":"https:\/\/bostarpack.com\/fr\/wp-json\/wp\/v2\/media\/1134"}],"wp:attachment":[{"href":"https:\/\/bostarpack.com\/fr\/wp-json\/wp\/v2\/media?parent=1133"}],"wp:term":[{"taxonomy":"product_brand","embeddable":true,"href":"https:\/\/bostarpack.com\/fr\/wp-json\/wp\/v2\/product_brand?post=1133"},{"taxonomy":"product_cat","embeddable":true,"href":"https:\/\/bostarpack.com\/fr\/wp-json\/wp\/v2\/product_cat?post=1133"},{"taxonomy":"product_tag","embeddable":true,"href":"https:\/\/bostarpack.com\/fr\/wp-json\/wp\/v2\/product_tag?post=1133"}],"curies":[{"name":"wp","href":"https:\/\/api.w.org\/{rel}","templated":true}]}}