{"id":1125,"date":"2024-07-12T13:48:51","date_gmt":"2024-07-12T05:48:51","guid":{"rendered":"https:\/\/boshida.bambooproduct.top\/?post_type=product&#038;p=1125"},"modified":"2024-07-17T19:02:51","modified_gmt":"2024-07-17T11:02:51","slug":"auto-dispenser-for-oxygen-absorber","status":"publish","type":"product","link":"https:\/\/bostarpack.com\/fr\/produit\/distributeur-automatique-pour-absorbeur-doxygene\/","title":{"rendered":"Distributeur automatique pour absorbeur d&#039;oxyg\u00e8ne"},"content":{"rendered":"<p><img loading=\"lazy\" decoding=\"async\" class=\"alignleft wp-image-1127 size-full\" src=\"http:\/\/boshida3.hyhdemo.top\/wp-content\/uploads\/2024\/07\/Auto-Dispenser-for-Oxygen-Absorber-2.jpg\" alt=\"\" width=\"1000\" height=\"800\" srcset=\"https:\/\/bostarpack.com\/wp-content\/uploads\/2024\/07\/Auto-Dispenser-for-Oxygen-Absorber-2.jpg 1000w, https:\/\/bostarpack.com\/wp-content\/uploads\/2024\/07\/Auto-Dispenser-for-Oxygen-Absorber-2-300x240.jpg 300w, https:\/\/bostarpack.com\/wp-content\/uploads\/2024\/07\/Auto-Dispenser-for-Oxygen-Absorber-2-768x614.jpg 768w, https:\/\/bostarpack.com\/wp-content\/uploads\/2024\/07\/Auto-Dispenser-for-Oxygen-Absorber-2-15x12.jpg 15w, https:\/\/bostarpack.com\/wp-content\/uploads\/2024\/07\/Auto-Dispenser-for-Oxygen-Absorber-2-600x480.jpg 600w\" sizes=\"auto, (max-width: 1000px) 100vw, 1000px\" \/><\/p>\n<p>Application : Ce dispositif est utilis\u00e9 pour le placement automatique et pr\u00e9cis de l&#039;absorbeur d&#039;oxyg\u00e8ne sur le produit et peut \u00eatre utilis\u00e9 en conjonction avec des machines d&#039;emballage. Il convient \u00e0 divers produits de boulangerie.<\/p>","protected":false},"excerpt":{"rendered":"<p>Application : Cet appareil est utilis\u00e9 pour un contr\u00f4le automatique et pr\u00e9cis<\/p>\n<p>placement de l&#039;absorbeur d&#039;oxyg\u00e8ne sur le produit et peut \u00eatre<\/p>\n<p>utilis\u00e9 en conjonction avec des machines d&#039;emballage. Il convient<\/p>\n<p>pour divers produits de boulangerie.<\/p>","protected":false},"featured_media":1126,"comment_status":"open","ping_status":"closed","template":"","meta":[],"product_brand":[],"product_cat":[39],"product_tag":[],"class_list":{"0":"post-1125","1":"product","2":"type-product","3":"status-publish","4":"has-post-thumbnail","6":"product_cat-optional-devices","8":"first","9":"instock","10":"shipping-taxable","11":"product-type-simple"},"_links":{"self":[{"href":"https:\/\/bostarpack.com\/fr\/wp-json\/wp\/v2\/product\/1125","targetHints":{"allow":["GET"]}}],"collection":[{"href":"https:\/\/bostarpack.com\/fr\/wp-json\/wp\/v2\/product"}],"about":[{"href":"https:\/\/bostarpack.com\/fr\/wp-json\/wp\/v2\/types\/product"}],"replies":[{"embeddable":true,"href":"https:\/\/bostarpack.com\/fr\/wp-json\/wp\/v2\/comments?post=1125"}],"wp:featuredmedia":[{"embeddable":true,"href":"https:\/\/bostarpack.com\/fr\/wp-json\/wp\/v2\/media\/1126"}],"wp:attachment":[{"href":"https:\/\/bostarpack.com\/fr\/wp-json\/wp\/v2\/media?parent=1125"}],"wp:term":[{"taxonomy":"product_brand","embeddable":true,"href":"https:\/\/bostarpack.com\/fr\/wp-json\/wp\/v2\/product_brand?post=1125"},{"taxonomy":"product_cat","embeddable":true,"href":"https:\/\/bostarpack.com\/fr\/wp-json\/wp\/v2\/product_cat?post=1125"},{"taxonomy":"product_tag","embeddable":true,"href":"https:\/\/bostarpack.com\/fr\/wp-json\/wp\/v2\/product_tag?post=1125"}],"curies":[{"name":"wp","href":"https:\/\/api.w.org\/{rel}","templated":true}]}}