{"id":794,"date":"2024-07-10T16:44:05","date_gmt":"2024-07-10T08:44:05","guid":{"rendered":"https:\/\/boshida.bambooproduct.top\/?post_type=product&#038;p=794"},"modified":"2024-10-28T14:19:45","modified_gmt":"2024-10-28T06:19:45","slug":"tortilla-packing-machine","status":"publish","type":"product","link":"https:\/\/bostarpack.com\/es\/producto\/maquina-empacadora-de-tortillas-2\/","title":{"rendered":"M\u00e1quina empacadora de tortillas"},"content":{"rendered":"<div style=\"width: 856px;\" class=\"wp-video\"><video class=\"wp-video-shortcode\" id=\"video-794-1\" width=\"856\" height=\"480\" preload=\"metadata\" controls=\"controls\"><source type=\"video\/mp4\" src=\"http:\/\/a.bostarpack.com\/wp-content\/uploads\/2024\/07\/Tortilla-Packing.mp4?_=1\" \/><a href=\"http:\/\/a.bostarpack.com\/wp-content\/uploads\/2024\/07\/Tortilla-Packing.mp4\">http:\/\/a.bostarpack.com\/wp-content\/uploads\/2024\/07\/Tortilla-Packing.mp4<\/a><\/video><\/div>\n<p><img loading=\"lazy\" decoding=\"async\" class=\"alignleft wp-image-796 size-full\" src=\"http:\/\/a.bostarpack.com\/wp-content\/uploads\/2024\/07\/\u5927\u997c\u5305\u88c5\u673a\u68b02.jpg\" alt=\"\" width=\"1000\" height=\"800\" srcset=\"https:\/\/bostarpack.com\/wp-content\/uploads\/2024\/07\/\u5927\u997c\u5305\u88c5\u673a\u68b02.jpg 1000w, https:\/\/bostarpack.com\/wp-content\/uploads\/2024\/07\/\u5927\u997c\u5305\u88c5\u673a\u68b02-300x240.jpg 300w, https:\/\/bostarpack.com\/wp-content\/uploads\/2024\/07\/\u5927\u997c\u5305\u88c5\u673a\u68b02-768x614.jpg 768w, https:\/\/bostarpack.com\/wp-content\/uploads\/2024\/07\/\u5927\u997c\u5305\u88c5\u673a\u68b02-15x12.jpg 15w, https:\/\/bostarpack.com\/wp-content\/uploads\/2024\/07\/\u5927\u997c\u5305\u88c5\u673a\u68b02-600x480.jpg 600w\" sizes=\"auto, (max-width: 1000px) 100vw, 1000px\" \/><\/p>\n<p><strong><b>M\u00c1QUINA EMPAQUETADORA DE TORTILLAS<\/b><\/strong><\/p>\n<table style=\"height: 640px;\" width=\"690\">\n<tbody>\n<tr>\n<td width=\"42.5000%\">Modelo<\/td>\n<td width=\"57.4800%\">BOSW820\/160-SF<\/td>\n<\/tr>\n<tr>\n<td width=\"42.5000%\">Ancho de la pel\u00edcula<\/td>\n<td width=\"57.4800%\">M\u00e1x.820 (mm)<\/td>\n<\/tr>\n<tr>\n<td width=\"42.5000%\">Velocidad de embalaje<\/td>\n<td width=\"57.4800%\">5-80 (paquetes\/min)<\/td>\n<\/tr>\n<tr>\n<td width=\"42.5000%\">Longitud del paquete<\/td>\n<td width=\"57.4800%\">180-9999 (mm)<\/td>\n<\/tr>\n<tr>\n<td width=\"42.5000%\">Ancho del producto<\/td>\n<td width=\"57.4800%\">40-350 (mm)<\/td>\n<\/tr>\n<tr>\n<td width=\"42.5000%\">Altura del producto<\/td>\n<td width=\"57.4800%\">5-160 (mm)<\/td>\n<\/tr>\n<tr>\n<td width=\"42.5000%\">Potencia y voltaje<\/td>\n<td width=\"57.4800%\">6,5 KW; 220V 50HZ<\/td>\n<\/tr>\n<tr>\n<td width=\"42.5000%\">Dimensi\u00f3n<\/p>\n<p>L*W*H<\/td>\n<td width=\"57.4800%\">4900*1420*1840 (mil\u00edmetros)<\/p>\n<p>(tambi\u00e9n se puede personalizar)<\/td>\n<\/tr>\n<tr>\n<td width=\"42.5000%\">Capacidad de aire<\/td>\n<td width=\"57.4800%\">0,6 MPa, 1,5 m\u00b3\/min<\/td>\n<\/tr>\n<tr>\n<td width=\"42.5000%\">Peso<\/td>\n<td width=\"57.4800%\">1500 (kilos)<\/td>\n<\/tr>\n<\/tbody>\n<\/table>\n<p>(Los par\u00e1metros anteriores son solo de referencia. Los par\u00e1metros detallados dependen de los productos).<\/p>","protected":false},"excerpt":{"rendered":"<p><strong><b>Principales caracter\u00edsticas:<\/b><\/strong><\/p>\n<p>Pel\u00edcula desde abajo; Sellador de extremos en movimiento de cajas; Transportador de cinta;<\/p>\n<p>Memorias de productos m\u00faltiples; Ning\u00fan producto, ning\u00fan paquete, etc.<\/p>\n<p><strong><b>Dispositivo opcional:<\/b><\/strong><\/p>\n<p>Empalmador autom\u00e1tico de pel\u00edcula;<\/p>\n<p>Dispensador autom\u00e1tico;<\/p>\n<p>Impresora de fecha<\/p>","protected":false},"featured_media":795,"comment_status":"open","ping_status":"closed","template":"","meta":[],"product_brand":[],"product_cat":[34],"product_tag":[],"class_list":{"0":"post-794","1":"product","2":"type-product","3":"status-publish","4":"has-post-thumbnail","6":"product_cat-tortilla-packaging-machine","8":"first","9":"instock","10":"shipping-taxable","11":"product-type-simple"},"_links":{"self":[{"href":"https:\/\/bostarpack.com\/es\/wp-json\/wp\/v2\/product\/794","targetHints":{"allow":["GET"]}}],"collection":[{"href":"https:\/\/bostarpack.com\/es\/wp-json\/wp\/v2\/product"}],"about":[{"href":"https:\/\/bostarpack.com\/es\/wp-json\/wp\/v2\/types\/product"}],"replies":[{"embeddable":true,"href":"https:\/\/bostarpack.com\/es\/wp-json\/wp\/v2\/comments?post=794"}],"wp:featuredmedia":[{"embeddable":true,"href":"https:\/\/bostarpack.com\/es\/wp-json\/wp\/v2\/media\/795"}],"wp:attachment":[{"href":"https:\/\/bostarpack.com\/es\/wp-json\/wp\/v2\/media?parent=794"}],"wp:term":[{"taxonomy":"product_brand","embeddable":true,"href":"https:\/\/bostarpack.com\/es\/wp-json\/wp\/v2\/product_brand?post=794"},{"taxonomy":"product_cat","embeddable":true,"href":"https:\/\/bostarpack.com\/es\/wp-json\/wp\/v2\/product_cat?post=794"},{"taxonomy":"product_tag","embeddable":true,"href":"https:\/\/bostarpack.com\/es\/wp-json\/wp\/v2\/product_tag?post=794"}],"curies":[{"name":"wp","href":"https:\/\/api.w.org\/{rel}","templated":true}]}}