{"id":738,"date":"2024-07-10T11:24:47","date_gmt":"2024-07-10T03:24:47","guid":{"rendered":"https:\/\/boshida.bambooproduct.top\/?post_type=product&#038;p=738"},"modified":"2024-10-28T14:54:15","modified_gmt":"2024-10-28T06:54:15","slug":"bowl-noodle-and-cup-noodle-shrink-packing-machine","status":"publish","type":"product","link":"https:\/\/bostarpack.com\/es\/producto\/maquina-de-envasado-retractil-de-fideos-en-forma-de-tazon-y-fideos-en-taza\/","title":{"rendered":"M\u00e1quina envasadora retr\u00e1ctil de fideos en forma de taz\u00f3n y fideos en taza"},"content":{"rendered":"<div style=\"width: 720px;\" class=\"wp-video\"><video class=\"wp-video-shortcode\" id=\"video-738-1\" width=\"720\" height=\"480\" preload=\"metadata\" controls=\"controls\"><source type=\"video\/mp4\" src=\"http:\/\/a.bostarpack.com\/wp-content\/uploads\/2024\/07\/Bowl-Noodle-and-Cup-Noodle-Shrink-Pack-8.9\u91cd\u65b0\u5bfc\u51fa.mp4?_=1\" \/><a href=\"http:\/\/a.bostarpack.com\/wp-content\/uploads\/2024\/07\/Bowl-Noodle-and-Cup-Noodle-Shrink-Pack-8.9\u91cd\u65b0\u5bfc\u51fa.mp4\">http:\/\/a.bostarpack.com\/wp-content\/uploads\/2024\/07\/Bowl-Noodle-and-Cup-Noodle-Shrink-Pack-8.9\u91cd\u65b0\u5bfc\u51fa.mp4<\/a><\/video><\/div>\n<p><img loading=\"lazy\" decoding=\"async\" class=\"alignleft wp-image-1159 size-full\" src=\"http:\/\/a.bostarpack.com\/wp-content\/uploads\/2024\/07\/\u676f\u9762\u5305\u88c5\u673a\u8be6\u60c5.jpg\" alt=\"\" width=\"1000\" height=\"580\" srcset=\"https:\/\/bostarpack.com\/wp-content\/uploads\/2024\/07\/\u676f\u9762\u5305\u88c5\u673a\u8be6\u60c5.jpg 1000w, https:\/\/bostarpack.com\/wp-content\/uploads\/2024\/07\/\u676f\u9762\u5305\u88c5\u673a\u8be6\u60c5-300x174.jpg 300w, https:\/\/bostarpack.com\/wp-content\/uploads\/2024\/07\/\u676f\u9762\u5305\u88c5\u673a\u8be6\u60c5-768x445.jpg 768w, https:\/\/bostarpack.com\/wp-content\/uploads\/2024\/07\/\u676f\u9762\u5305\u88c5\u673a\u8be6\u60c5-18x10.jpg 18w, https:\/\/bostarpack.com\/wp-content\/uploads\/2024\/07\/\u676f\u9762\u5305\u88c5\u673a\u8be6\u60c5-600x348.jpg 600w\" sizes=\"auto, (max-width: 1000px) 100vw, 1000px\" \/><strong><b>SOLUCI\u00d3N DE ENVASADO DE FIDEOS<\/b><\/strong><strong><b>&#8211;<\/b><\/strong><strong><b>PAQUETE RETR\u00c1CTIL DE FIDEOS EN TAZ\u00d3N Y FIDEOS EN TAZA<\/b><\/strong><\/p>\n<table style=\"height: 603px;\" width=\"683\">\n<tbody>\n<tr>\n<td width=\"42.5000%\">Modelo<\/td>\n<td width=\"57.4800%\">BOSD590\/195<\/td>\n<\/tr>\n<tr>\n<td width=\"42.5000%\">Ancho de la pel\u00edcula<\/td>\n<td width=\"57.4800%\">M\u00e1x.590 (mm)<\/td>\n<\/tr>\n<tr>\n<td width=\"42.5000%\">Velocidad de embalaje<\/td>\n<td width=\"57.4800%\">20-180 (paquetes\/min)<\/td>\n<\/tr>\n<tr>\n<td width=\"42.5000%\">Longitud del paquete<\/td>\n<td width=\"57.4800%\">180-600 (mm)<\/td>\n<\/tr>\n<tr>\n<td width=\"42.5000%\">Ancho del producto<\/td>\n<td width=\"57.4800%\">40-220 (mil\u00edmetros)<\/td>\n<\/tr>\n<tr>\n<td width=\"42.5000%\">Altura del producto<\/td>\n<td width=\"57.4800%\">50-125 (mil\u00edmetros)<\/td>\n<\/tr>\n<tr>\n<td width=\"42.5000%\">Potencia y voltaje<\/td>\n<td width=\"57.4800%\">4KW; 220V 50HZ<\/td>\n<\/tr>\n<tr>\n<td width=\"42.5000%\">Dimensi\u00f3n<\/p>\n<p>L*W*H<\/td>\n<td width=\"57.4800%\">5200*1100*1700 (mm)<\/p>\n<p>(tambi\u00e9n se puede personalizar)<\/td>\n<\/tr>\n<tr>\n<td width=\"42.5000%\">Peso<\/td>\n<td width=\"57.4800%\">1100 (kilos)<\/td>\n<\/tr>\n<\/tbody>\n<\/table>\n<p>&nbsp;<\/p>\n<table style=\"height: 299px;\" width=\"685\">\n<tbody>\n<tr>\n<td colspan=\"2\" width=\"100.0000%\">T\u00fanel retr\u00e1ctil<\/td>\n<\/tr>\n<tr>\n<td width=\"42.4000%\">Potencia y voltaje<\/td>\n<td width=\"57.5800%\">19KW; 380V 50HZ<\/td>\n<\/tr>\n<tr>\n<td width=\"42.4000%\">Dimensi\u00f3n<\/p>\n<p>L*W*H<\/td>\n<td width=\"57.5800%\">2900*650*1700 (mm)<\/p>\n<p>(tambi\u00e9n se puede personalizar)<\/td>\n<\/tr>\n<tr>\n<td width=\"42.4000%\">Peso<\/td>\n<td width=\"57.5800%\">400 (kilos)<\/td>\n<\/tr>\n<\/tbody>\n<\/table>\n<p>(Los par\u00e1metros anteriores son solo de referencia. Los par\u00e1metros detallados dependen de los productos).<\/p>\n<p><strong><b>\u00a0<\/b><\/strong><\/p>\n<p>&nbsp;<\/p>","protected":false},"excerpt":{"rendered":"<p><strong><b>Caracter\u00edsticas principales<\/b><\/strong><\/p>\n<p>Alta velocidad;<\/p>\n<p>Disponible sellador central electrost\u00e1tico o de corte lateral;<\/p>\n<p>Impresora de fechas disponible, etc.<\/p>","protected":false},"featured_media":739,"comment_status":"open","ping_status":"closed","template":"","meta":[],"product_brand":[],"product_cat":[18],"product_tag":[],"class_list":{"0":"post-738","1":"product","2":"type-product","3":"status-publish","4":"has-post-thumbnail","6":"product_cat-instant-noodles-packing-machine","8":"first","9":"instock","10":"shipping-taxable","11":"product-type-simple"},"_links":{"self":[{"href":"https:\/\/bostarpack.com\/es\/wp-json\/wp\/v2\/product\/738","targetHints":{"allow":["GET"]}}],"collection":[{"href":"https:\/\/bostarpack.com\/es\/wp-json\/wp\/v2\/product"}],"about":[{"href":"https:\/\/bostarpack.com\/es\/wp-json\/wp\/v2\/types\/product"}],"replies":[{"embeddable":true,"href":"https:\/\/bostarpack.com\/es\/wp-json\/wp\/v2\/comments?post=738"}],"wp:featuredmedia":[{"embeddable":true,"href":"https:\/\/bostarpack.com\/es\/wp-json\/wp\/v2\/media\/739"}],"wp:attachment":[{"href":"https:\/\/bostarpack.com\/es\/wp-json\/wp\/v2\/media?parent=738"}],"wp:term":[{"taxonomy":"product_brand","embeddable":true,"href":"https:\/\/bostarpack.com\/es\/wp-json\/wp\/v2\/product_brand?post=738"},{"taxonomy":"product_cat","embeddable":true,"href":"https:\/\/bostarpack.com\/es\/wp-json\/wp\/v2\/product_cat?post=738"},{"taxonomy":"product_tag","embeddable":true,"href":"https:\/\/bostarpack.com\/es\/wp-json\/wp\/v2\/product_tag?post=738"}],"curies":[{"name":"wp","href":"https:\/\/api.w.org\/{rel}","templated":true}]}}