{"id":1133,"date":"2024-07-12T14:02:21","date_gmt":"2024-07-12T06:02:21","guid":{"rendered":"https:\/\/boshida.bambooproduct.top\/?post_type=product&#038;p=1133"},"modified":"2024-07-17T19:02:37","modified_gmt":"2024-07-17T11:02:37","slug":"four-stage-auto-feeder","status":"publish","type":"product","link":"https:\/\/bostarpack.com\/es\/producto\/alimentador-automatico-de-cuatro-etapas\/","title":{"rendered":"Alimentador autom\u00e1tico de cuatro etapas"},"content":{"rendered":"<p><img loading=\"lazy\" decoding=\"async\" class=\"alignleft wp-image-1135 size-full\" src=\"http:\/\/boshida3.hyhdemo.top\/wp-content\/uploads\/2024\/07\/Four-stage-Auto-Feeder-2.jpg\" alt=\"\" width=\"1000\" height=\"800\" srcset=\"https:\/\/bostarpack.com\/wp-content\/uploads\/2024\/07\/Four-stage-Auto-Feeder-2.jpg 1000w, https:\/\/bostarpack.com\/wp-content\/uploads\/2024\/07\/Four-stage-Auto-Feeder-2-300x240.jpg 300w, https:\/\/bostarpack.com\/wp-content\/uploads\/2024\/07\/Four-stage-Auto-Feeder-2-768x614.jpg 768w, https:\/\/bostarpack.com\/wp-content\/uploads\/2024\/07\/Four-stage-Auto-Feeder-2-15x12.jpg 15w, https:\/\/bostarpack.com\/wp-content\/uploads\/2024\/07\/Four-stage-Auto-Feeder-2-600x480.jpg 600w\" sizes=\"auto, (max-width: 1000px) 100vw, 1000px\" \/><\/p>\n<p><strong><em><u>Caracter\u00edsticas principales de<\/u><\/em><\/strong><strong><em><u>\u00a0<\/u><\/em><\/strong><strong><em><u>Auto<\/u><\/em><\/strong><strong><em><u>\u00a0m\u00e1quina de alimentaci\u00f3n:<\/u><\/em><\/strong><\/p>\n<ul>\n<li>El alimentador autom\u00e1tico puede reducir el trabajo y la intensidad del mismo.<\/li>\n<li>Con alimentador autom\u00e1tico de cuatro piezas, la l\u00ednea de producci\u00f3n se conecta autom\u00e1ticamente a la m\u00e1quina empacadora.<\/li>\n<li>Velocidad de alimentaci\u00f3n autom\u00e1tica seg\u00fan la capacidad de producci\u00f3n.<\/li>\n<li>El alimentador autom\u00e1tico puede convertir el material en una l\u00ednea autom\u00e1ticamente.<\/li>\n<li>PLC independiente<\/li>\n<li>Pantalla t\u00e1ctil independiente<\/li>\n<li><b><\/b><strong><b>Panasonic <\/b><\/strong><strong><b>Servomotor controlado<\/b><\/strong>Inversor Danfoss<\/li>\n<li>Consumo de electricidad: monof\u00e1sica 220 V, 50 Hz, 2,8KW<\/li>\n<li>Superficie \u00fatil: (L) 2000*(An) 600*(Al) 1050<\/li>\n<li>Peso de la m\u00e1quina: 235 kg<\/li>\n<li>Embalaje est\u00e1ndar de caja de madera para exportaci\u00f3n<\/li>\n<\/ul>","protected":false},"excerpt":{"rendered":"<p><strong><em><u>Caracter\u00edsticas principales de<\/u><\/em><\/strong><strong><em><u>\u00a0<\/u><\/em><\/strong><strong><em><u>Auto<\/u><\/em><\/strong><strong><em><u>\u00a0m\u00e1quina de alimentaci\u00f3n:<\/u><\/em><\/strong><\/p>\n<p>*El alimentador autom\u00e1tico puede reducir el trabajo y la intensidad del mismo.<\/p>\n<p>* Con alimentador autom\u00e1tico de cuatro piezas, l\u00ednea de producci\u00f3n conectada con<\/p>\n<p>Maquina empacadora automatica.<\/p>\n<p>*Velocidad de alimentaci\u00f3n autom\u00e1tica seg\u00fan la capacidad de producci\u00f3n.<\/p>\n<p>* El alimentador autom\u00e1tico puede convertir el material en una l\u00ednea autom\u00e1ticamente.<\/p>\n<p>* PLC independiente<\/p>\n<p>* Pantalla t\u00e1ctil independiente<\/p>\n<p><b><\/b><strong><b>* Panasonic <\/b><\/strong><strong><b>Servomotor controlado<\/b><\/strong>Inversor Danfoss<\/p>\n<p>* Consumo de electricidad: 1 fase 220 V, 50 Hz, 2,8KW<\/p>\n<p>* Superficie \u00fatil: (L) 2000*(An) 600*(Al) 1050<\/p>\n<p>* Peso de la m\u00e1quina: 235 kg<\/p>\n<p>* Embalaje est\u00e1ndar de caja de madera para exportaci\u00f3n<\/p>\n<p>&nbsp;<\/p>","protected":false},"featured_media":1134,"comment_status":"open","ping_status":"closed","template":"","meta":[],"product_brand":[],"product_cat":[39],"product_tag":[],"class_list":{"0":"post-1133","1":"product","2":"type-product","3":"status-publish","4":"has-post-thumbnail","6":"product_cat-optional-devices","8":"first","9":"instock","10":"shipping-taxable","11":"product-type-simple"},"_links":{"self":[{"href":"https:\/\/bostarpack.com\/es\/wp-json\/wp\/v2\/product\/1133","targetHints":{"allow":["GET"]}}],"collection":[{"href":"https:\/\/bostarpack.com\/es\/wp-json\/wp\/v2\/product"}],"about":[{"href":"https:\/\/bostarpack.com\/es\/wp-json\/wp\/v2\/types\/product"}],"replies":[{"embeddable":true,"href":"https:\/\/bostarpack.com\/es\/wp-json\/wp\/v2\/comments?post=1133"}],"wp:featuredmedia":[{"embeddable":true,"href":"https:\/\/bostarpack.com\/es\/wp-json\/wp\/v2\/media\/1134"}],"wp:attachment":[{"href":"https:\/\/bostarpack.com\/es\/wp-json\/wp\/v2\/media?parent=1133"}],"wp:term":[{"taxonomy":"product_brand","embeddable":true,"href":"https:\/\/bostarpack.com\/es\/wp-json\/wp\/v2\/product_brand?post=1133"},{"taxonomy":"product_cat","embeddable":true,"href":"https:\/\/bostarpack.com\/es\/wp-json\/wp\/v2\/product_cat?post=1133"},{"taxonomy":"product_tag","embeddable":true,"href":"https:\/\/bostarpack.com\/es\/wp-json\/wp\/v2\/product_tag?post=1133"}],"curies":[{"name":"wp","href":"https:\/\/api.w.org\/{rel}","templated":true}]}}