{"id":1128,"date":"2024-07-12T13:52:12","date_gmt":"2024-07-12T05:52:12","guid":{"rendered":"https:\/\/boshida.bambooproduct.top\/?post_type=product&#038;p=1128"},"modified":"2024-07-17T19:02:42","modified_gmt":"2024-07-17T11:02:42","slug":"auto-pouch-layer","status":"publish","type":"product","link":"https:\/\/bostarpack.com\/es\/producto\/capa-de-bolsa-automatica\/","title":{"rendered":"Capa de bolsa autom\u00e1tica"},"content":{"rendered":"<p><img loading=\"lazy\" decoding=\"async\" class=\"alignleft wp-image-1132 size-full\" src=\"http:\/\/boshida3.hyhdemo.top\/wp-content\/uploads\/2024\/07\/Auto-Pouch-Layer-2.jpg\" alt=\"\" width=\"1000\" height=\"800\" srcset=\"https:\/\/bostarpack.com\/wp-content\/uploads\/2024\/07\/Auto-Pouch-Layer-2.jpg 1000w, https:\/\/bostarpack.com\/wp-content\/uploads\/2024\/07\/Auto-Pouch-Layer-2-300x240.jpg 300w, https:\/\/bostarpack.com\/wp-content\/uploads\/2024\/07\/Auto-Pouch-Layer-2-768x614.jpg 768w, https:\/\/bostarpack.com\/wp-content\/uploads\/2024\/07\/Auto-Pouch-Layer-2-15x12.jpg 15w, https:\/\/bostarpack.com\/wp-content\/uploads\/2024\/07\/Auto-Pouch-Layer-2-600x480.jpg 600w\" sizes=\"auto, (max-width: 1000px) 100vw, 1000px\" \/><\/p>\n<p>Aplicaci\u00f3n: Es un accesorio necesario para el dispensador autom\u00e1tico de bolsas, que puede organizar, doblar y verificar autom\u00e1ticamente las bolsas de polvo, bolsas de aceite y bolsas de verduras.<\/p>","protected":false},"excerpt":{"rendered":"<p>Aplicaci\u00f3n: Es un accesorio necesario para el autom\u00e1tico.<\/p>\n<p>Dispensador de bolsas, que puede organizar y plegar autom\u00e1ticamente<\/p>\n<p>y revise las bolsas de polvo, las bolsas de aceite y las bolsas de verduras.<\/p>","protected":false},"featured_media":1131,"comment_status":"open","ping_status":"closed","template":"","meta":[],"product_brand":[],"product_cat":[39],"product_tag":[],"class_list":{"0":"post-1128","1":"product","2":"type-product","3":"status-publish","4":"has-post-thumbnail","6":"product_cat-optional-devices","8":"first","9":"instock","10":"shipping-taxable","11":"product-type-simple"},"_links":{"self":[{"href":"https:\/\/bostarpack.com\/es\/wp-json\/wp\/v2\/product\/1128","targetHints":{"allow":["GET"]}}],"collection":[{"href":"https:\/\/bostarpack.com\/es\/wp-json\/wp\/v2\/product"}],"about":[{"href":"https:\/\/bostarpack.com\/es\/wp-json\/wp\/v2\/types\/product"}],"replies":[{"embeddable":true,"href":"https:\/\/bostarpack.com\/es\/wp-json\/wp\/v2\/comments?post=1128"}],"wp:featuredmedia":[{"embeddable":true,"href":"https:\/\/bostarpack.com\/es\/wp-json\/wp\/v2\/media\/1131"}],"wp:attachment":[{"href":"https:\/\/bostarpack.com\/es\/wp-json\/wp\/v2\/media?parent=1128"}],"wp:term":[{"taxonomy":"product_brand","embeddable":true,"href":"https:\/\/bostarpack.com\/es\/wp-json\/wp\/v2\/product_brand?post=1128"},{"taxonomy":"product_cat","embeddable":true,"href":"https:\/\/bostarpack.com\/es\/wp-json\/wp\/v2\/product_cat?post=1128"},{"taxonomy":"product_tag","embeddable":true,"href":"https:\/\/bostarpack.com\/es\/wp-json\/wp\/v2\/product_tag?post=1128"}],"curies":[{"name":"wp","href":"https:\/\/api.w.org\/{rel}","templated":true}]}}