{"id":1125,"date":"2024-07-12T13:48:51","date_gmt":"2024-07-12T05:48:51","guid":{"rendered":"https:\/\/boshida.bambooproduct.top\/?post_type=product&#038;p=1125"},"modified":"2024-07-17T19:02:51","modified_gmt":"2024-07-17T11:02:51","slug":"auto-dispenser-for-oxygen-absorber","status":"publish","type":"product","link":"https:\/\/bostarpack.com\/es\/producto\/dispensador-automatico-de-absorbente-de-oxigeno\/","title":{"rendered":"Dispensador autom\u00e1tico para absorbente de ox\u00edgeno"},"content":{"rendered":"<p><img loading=\"lazy\" decoding=\"async\" class=\"alignleft wp-image-1127 size-full\" src=\"http:\/\/boshida3.hyhdemo.top\/wp-content\/uploads\/2024\/07\/Auto-Dispenser-for-Oxygen-Absorber-2.jpg\" alt=\"\" width=\"1000\" height=\"800\" srcset=\"https:\/\/bostarpack.com\/wp-content\/uploads\/2024\/07\/Auto-Dispenser-for-Oxygen-Absorber-2.jpg 1000w, https:\/\/bostarpack.com\/wp-content\/uploads\/2024\/07\/Auto-Dispenser-for-Oxygen-Absorber-2-300x240.jpg 300w, https:\/\/bostarpack.com\/wp-content\/uploads\/2024\/07\/Auto-Dispenser-for-Oxygen-Absorber-2-768x614.jpg 768w, https:\/\/bostarpack.com\/wp-content\/uploads\/2024\/07\/Auto-Dispenser-for-Oxygen-Absorber-2-15x12.jpg 15w, https:\/\/bostarpack.com\/wp-content\/uploads\/2024\/07\/Auto-Dispenser-for-Oxygen-Absorber-2-600x480.jpg 600w\" sizes=\"auto, (max-width: 1000px) 100vw, 1000px\" \/><\/p>\n<p>Aplicaci\u00f3n: Este dispositivo se utiliza para la colocaci\u00f3n autom\u00e1tica y precisa de absorbentes de ox\u00edgeno en el producto y se puede utilizar junto con m\u00e1quinas envasadoras. Es adecuado para diversos productos de panader\u00eda.<\/p>","protected":false},"excerpt":{"rendered":"<p>Aplicaci\u00f3n: Este dispositivo se utiliza para el control autom\u00e1tico y preciso.<\/p>\n<p>Colocaci\u00f3n del absorbedor de ox\u00edgeno en el producto y puede ser<\/p>\n<p>Se utiliza en combinaci\u00f3n con m\u00e1quinas de embalaje. Es adecuado<\/p>\n<p>Para diversos productos de panader\u00eda.<\/p>","protected":false},"featured_media":1126,"comment_status":"open","ping_status":"closed","template":"","meta":[],"product_brand":[],"product_cat":[39],"product_tag":[],"class_list":{"0":"post-1125","1":"product","2":"type-product","3":"status-publish","4":"has-post-thumbnail","6":"product_cat-optional-devices","8":"first","9":"instock","10":"shipping-taxable","11":"product-type-simple"},"_links":{"self":[{"href":"https:\/\/bostarpack.com\/es\/wp-json\/wp\/v2\/product\/1125","targetHints":{"allow":["GET"]}}],"collection":[{"href":"https:\/\/bostarpack.com\/es\/wp-json\/wp\/v2\/product"}],"about":[{"href":"https:\/\/bostarpack.com\/es\/wp-json\/wp\/v2\/types\/product"}],"replies":[{"embeddable":true,"href":"https:\/\/bostarpack.com\/es\/wp-json\/wp\/v2\/comments?post=1125"}],"wp:featuredmedia":[{"embeddable":true,"href":"https:\/\/bostarpack.com\/es\/wp-json\/wp\/v2\/media\/1126"}],"wp:attachment":[{"href":"https:\/\/bostarpack.com\/es\/wp-json\/wp\/v2\/media?parent=1125"}],"wp:term":[{"taxonomy":"product_brand","embeddable":true,"href":"https:\/\/bostarpack.com\/es\/wp-json\/wp\/v2\/product_brand?post=1125"},{"taxonomy":"product_cat","embeddable":true,"href":"https:\/\/bostarpack.com\/es\/wp-json\/wp\/v2\/product_cat?post=1125"},{"taxonomy":"product_tag","embeddable":true,"href":"https:\/\/bostarpack.com\/es\/wp-json\/wp\/v2\/product_tag?post=1125"}],"curies":[{"name":"wp","href":"https:\/\/api.w.org\/{rel}","templated":true}]}}