{"id":1119,"date":"2024-07-12T13:36:55","date_gmt":"2024-07-12T05:36:55","guid":{"rendered":"https:\/\/boshida.bambooproduct.top\/?post_type=product&#038;p=1119"},"modified":"2024-07-19T17:24:36","modified_gmt":"2024-07-19T09:24:36","slug":"auto-dispenser-for-seasoning-packets","status":"publish","type":"product","link":"https:\/\/bostarpack.com\/es\/producto\/dispensador-automatico-de-sobres-de-condimentos\/","title":{"rendered":"Dispensador autom\u00e1tico de paquetes de condimentos"},"content":{"rendered":"<p><img loading=\"lazy\" decoding=\"async\" class=\"size-full wp-image-1121 alignleft\" src=\"https:\/\/boshida.bambooproduct.top\/wp-content\/uploads\/2024\/07\/TBJ240-2.jpg\" alt=\"\" width=\"1000\" height=\"800\" srcset=\"https:\/\/bostarpack.com\/wp-content\/uploads\/2024\/07\/TBJ240-2.jpg 1000w, https:\/\/bostarpack.com\/wp-content\/uploads\/2024\/07\/TBJ240-2-300x240.jpg 300w, https:\/\/bostarpack.com\/wp-content\/uploads\/2024\/07\/TBJ240-2-768x614.jpg 768w, https:\/\/bostarpack.com\/wp-content\/uploads\/2024\/07\/TBJ240-2-15x12.jpg 15w, https:\/\/bostarpack.com\/wp-content\/uploads\/2024\/07\/TBJ240-2-600x480.jpg 600w\" sizes=\"auto, (max-width: 1000px) 100vw, 1000px\" \/><\/p>\n<p>Aplicaci\u00f3n: Este dispositivo se utiliza para la colocaci\u00f3n autom\u00e1tica y precisa de paquetes de condimentos en el producto y se puede utilizar junto con m\u00e1quinas envasadoras. Es adecuado para diversos paquetes de condimentos, como fideos instant\u00e1neos, fideos de arroz y otros alimentos preparados, etc.<\/p>","protected":false},"excerpt":{"rendered":"<p>Aplicaci\u00f3n: Este dispositivo se utiliza para el control autom\u00e1tico y preciso.<\/p>\n<p>colocaci\u00f3n de paquetes de condimentos en el producto y puede ser<\/p>\n<p>Se utiliza en combinaci\u00f3n con m\u00e1quinas de embalaje. Es adecuado<\/p>\n<p>para varios paquetes de condimentos que se encuentran en los fideos instant\u00e1neos,<\/p>\n<p>fideos de arroz y otros alimentos preparados, etc.<\/p>","protected":false},"featured_media":1120,"comment_status":"open","ping_status":"closed","template":"","meta":[],"product_brand":[],"product_cat":[39],"product_tag":[],"class_list":{"0":"post-1119","1":"product","2":"type-product","3":"status-publish","4":"has-post-thumbnail","6":"product_cat-optional-devices","8":"first","9":"instock","10":"shipping-taxable","11":"product-type-simple"},"_links":{"self":[{"href":"https:\/\/bostarpack.com\/es\/wp-json\/wp\/v2\/product\/1119","targetHints":{"allow":["GET"]}}],"collection":[{"href":"https:\/\/bostarpack.com\/es\/wp-json\/wp\/v2\/product"}],"about":[{"href":"https:\/\/bostarpack.com\/es\/wp-json\/wp\/v2\/types\/product"}],"replies":[{"embeddable":true,"href":"https:\/\/bostarpack.com\/es\/wp-json\/wp\/v2\/comments?post=1119"}],"wp:featuredmedia":[{"embeddable":true,"href":"https:\/\/bostarpack.com\/es\/wp-json\/wp\/v2\/media\/1120"}],"wp:attachment":[{"href":"https:\/\/bostarpack.com\/es\/wp-json\/wp\/v2\/media?parent=1119"}],"wp:term":[{"taxonomy":"product_brand","embeddable":true,"href":"https:\/\/bostarpack.com\/es\/wp-json\/wp\/v2\/product_brand?post=1119"},{"taxonomy":"product_cat","embeddable":true,"href":"https:\/\/bostarpack.com\/es\/wp-json\/wp\/v2\/product_cat?post=1119"},{"taxonomy":"product_tag","embeddable":true,"href":"https:\/\/bostarpack.com\/es\/wp-json\/wp\/v2\/product_tag?post=1119"}],"curies":[{"name":"wp","href":"https:\/\/api.w.org\/{rel}","templated":true}]}}